{"id":1154,"date":"2022-03-24T12:10:51","date_gmt":"2022-03-24T16:10:51","guid":{"rendered":"https:\/\/cenetechsupport.com\/?page_id=1154"},"modified":"2024-08-31T18:09:10","modified_gmt":"2024-08-31T22:09:10","slug":"technical-training-introduction-2","status":"publish","type":"page","link":"https:\/\/cematraining.com\/es\/technical-training-introduction-2\/","title":{"rendered":"Entrenamiento tecnico"},"content":{"rendered":"<p class=\"has-medium-font-size\" style=\"padding-top:0;padding-right:0;padding-bottom:0;padding-left:0\"><strong>T\u00fa hablaste y nosotros escuchamos.<\/strong><\/p>\n\n\n\n<h3 class=\"wp-block-heading has-text-align-center\"><strong>Presentando <\/strong><\/h3>\n\n\n\n<div class=\"wp-block-uagb-image uagb-block-7049b35f wp-block-uagb-image--layout-default wp-block-uagb-image--effect-static wp-block-uagb-image--align-none\"><figure class=\"wp-block-uagb-image__figure\"><a class=\"\" href=\"https:\/\/www.carrierenterprise.com\/\" target=\"_blank\" rel=\"noreferrer noopener\"><img decoding=\"async\" srcset=\"https:\/\/cematraining.com\/wp-content\/uploads\/2024\/08\/Block-1.png ,https:\/\/cematraining.com\/wp-content\/uploads\/2024\/08\/Block-1.png 780w, https:\/\/cematraining.com\/wp-content\/uploads\/2024\/08\/Block-1.png 360w\" sizes=\"auto, (max-width: 480px) 150px\" src=\"https:\/\/cematraining.com\/wp-content\/uploads\/2024\/08\/Block-1.png\" alt=\"\" class=\"uag-image-51125\" width=\"465\" height=\"252\" title=\"Bloque 1\" loading=\"lazy\" role=\"img\"\/><\/a><\/figure><\/div>\n\n\n\n<div style=\"height:30px\" aria-hidden=\"true\" class=\"wp-block-spacer\"><\/div>\n\n\n\n<h3 class=\"wp-block-heading has-text-align-center\"><strong>Por favor visite <a href=\"https:\/\/www.carrierenterprise.com\" target=\"_blank\" rel=\"noreferrer noopener\">Carrierenterprise.com<\/a> o su aplicaci\u00f3n HVAC Pro+<\/strong>.<\/h3>\n\n\n\n<h3 class=\"wp-block-heading has-text-align-center\"><strong>Reg\u00edstrate o inicia sesi\u00f3n para <a href=\"https:\/\/www.carrierenterprise.com\" target=\"_blank\" rel=\"noreferrer noopener\">Carrierenterprise.com<\/a> o su aplicaci\u00f3n HVAC Pro+<\/strong>.<\/h3>\n\n\n\n<h3 class=\"wp-block-heading has-text-align-center\"><strong>Busque CE PATH en la parte superior derecha de su pantalla.<\/strong><\/h3>\n\n\n\n<h3 class=\"wp-block-heading has-text-align-center\"><strong>Por favor visita <a href=\"https:\/\/www.carrierenterprise.com\/\" target=\"_blank\" rel=\"noreferrer noopener\">Carrierenterprise.com<\/a> para agregar todos los datos personales de su empresa a su cuenta comercial.<\/strong><\/h3>\n\n\n\n<h3 class=\"wp-block-heading has-text-align-center\"><strong>Hacer clic <a href=\"https:\/\/help.carrierenterprise.com\/s\/article\/How-do-I-create-accounts-for-people-from-my-company\" target=\"_blank\" rel=\"noreferrer noopener\">AQU\u00cd<\/a> para obtener m\u00e1s informaci\u00f3n sobre c\u00f3mo agregar personas a su cuenta de empresa.<\/strong><\/h3>\n\n\n\n<div style=\"height:54px\" aria-hidden=\"true\" class=\"wp-block-spacer\"><\/div>\n\n\n\n<p><\/p>","protected":false},"excerpt":{"rendered":"<p>You spoke and we listened. Introducing Please Visit Carrierenterprise.com or your HVAC Pro+ App. Register or sign-in to Carrierenterprise.com or your HVAC Pro+ App. Look for CE PATH in the top right of your screen. Please visit Carrierenterprise.com to add all of your company personal to your business account. Click HERE to learn more on [&hellip;]<\/p>\n","protected":false},"author":890,"featured_media":0,"parent":0,"menu_order":0,"comment_status":"closed","ping_status":"closed","template":"","meta":{"_coblocks_attr":"","_coblocks_dimensions":"","_coblocks_responsive_height":"","_coblocks_accordion_ie_support":"","_uag_custom_page_level_css":"","site-sidebar-layout":"default","site-content-layout":"","ast-site-content-layout":"default","site-content-style":"default","site-sidebar-style":"default","ast-global-header-display":"","ast-banner-title-visibility":"","ast-main-header-display":"","ast-hfb-above-header-display":"","ast-hfb-below-header-display":"","ast-hfb-mobile-header-display":"","site-post-title":"","ast-breadcrumbs-content":"","ast-featured-img":"","footer-sml-layout":"","ast-disable-related-posts":"","theme-transparent-header-meta":"","adv-header-id-meta":"","stick-header-meta":"","header-above-stick-meta":"","header-main-stick-meta":"","header-below-stick-meta":"","astra-migrate-meta-layouts":"set","ast-page-background-enabled":"default","ast-page-background-meta":{"desktop":{"background-color":"","background-image":"","background-repeat":"repeat","background-position":"center center","background-size":"auto","background-attachment":"scroll","background-type":"","background-media":"","overlay-type":"","overlay-color":"","overlay-opacity":"","overlay-gradient":""},"tablet":{"background-color":"","background-image":"","background-repeat":"repeat","background-position":"center center","background-size":"auto","background-attachment":"scroll","background-type":"","background-media":"","overlay-type":"","overlay-color":"","overlay-opacity":"","overlay-gradient":""},"mobile":{"background-color":"","background-image":"","background-repeat":"repeat","background-position":"center center","background-size":"auto","background-attachment":"scroll","background-type":"","background-media":"","overlay-type":"","overlay-color":"","overlay-opacity":"","overlay-gradient":""}},"ast-content-background-meta":{"desktop":{"background-color":"var(--ast-global-color-5)","background-image":"","background-repeat":"repeat","background-position":"center center","background-size":"auto","background-attachment":"scroll","background-type":"","background-media":"","overlay-type":"","overlay-color":"","overlay-opacity":"","overlay-gradient":""},"tablet":{"background-color":"var(--ast-global-color-5)","background-image":"","background-repeat":"repeat","background-position":"center center","background-size":"auto","background-attachment":"scroll","background-type":"","background-media":"","overlay-type":"","overlay-color":"","overlay-opacity":"","overlay-gradient":""},"mobile":{"background-color":"var(--ast-global-color-5)","background-image":"","background-repeat":"repeat","background-position":"center center","background-size":"auto","background-attachment":"scroll","background-type":"","background-media":"","overlay-type":"","overlay-color":"","overlay-opacity":"","overlay-gradient":""}},"footnotes":""},"class_list":["post-1154","page","type-page","status-publish","hentry"],"uagb_featured_image_src":{"full":false,"thumbnail":false,"medium":false,"medium_large":false,"large":false,"1536x1536":false,"2048x2048":false,"trp-custom-language-flag":false,"woocommerce_thumbnail":false,"woocommerce_single":false,"woocommerce_gallery_thumbnail":false},"uagb_author_info":{"display_name":"Site Support","author_link":"https:\/\/cematraining.com\/es\/author\/learndash\/"},"uagb_comment_info":0,"uagb_excerpt":"You spoke and we listened. Introducing Please Visit Carrierenterprise.com or your HVAC Pro+ App. Register or sign-in to Carrierenterprise.com or your HVAC Pro+ App. Look for CE PATH in the top right of your screen. Please visit Carrierenterprise.com to add all of your company personal to your business account. Click HERE to learn more on&hellip;","_links":{"self":[{"href":"https:\/\/cematraining.com\/es\/wp-json\/wp\/v2\/pages\/1154","targetHints":{"allow":["GET"]}}],"collection":[{"href":"https:\/\/cematraining.com\/es\/wp-json\/wp\/v2\/pages"}],"about":[{"href":"https:\/\/cematraining.com\/es\/wp-json\/wp\/v2\/types\/page"}],"author":[{"embeddable":true,"href":"https:\/\/cematraining.com\/es\/wp-json\/wp\/v2\/users\/890"}],"replies":[{"embeddable":true,"href":"https:\/\/cematraining.com\/es\/wp-json\/wp\/v2\/comments?post=1154"}],"version-history":[{"count":16,"href":"https:\/\/cematraining.com\/es\/wp-json\/wp\/v2\/pages\/1154\/revisions"}],"predecessor-version":[{"id":51133,"href":"https:\/\/cematraining.com\/es\/wp-json\/wp\/v2\/pages\/1154\/revisions\/51133"}],"wp:attachment":[{"href":"https:\/\/cematraining.com\/es\/wp-json\/wp\/v2\/media?parent=1154"}],"curies":[{"name":"gracias","href":"https:\/\/api.w.org\/{rel}","templated":true}]}}