{"id":2,"date":"2019-07-02T08:39:22","date_gmt":"2019-07-02T15:39:22","guid":{"rendered":"http:\/\/cematraining.com\/?page_id=2"},"modified":"2024-08-26T12:26:55","modified_gmt":"2024-08-26T16:26:55","slug":"about","status":"publish","type":"page","link":"https:\/\/cematraining.com\/es\/about\/","title":{"rendered":"Conocer al equipo"},"content":{"rendered":"<div class=\"wp-block-columns is-layout-flex wp-container-core-columns-is-layout-28f84493 wp-block-columns-is-layout-flex\">\n<div class=\"wp-block-column is-layout-flow wp-block-column-is-layout-flow\"><\/div>\n\n\n\n<div class=\"wp-block-column is-layout-flow wp-block-column-is-layout-flow\">\n<figure class=\"wp-block-image aligncenter size-medium\"><img loading=\"lazy\" decoding=\"async\" width=\"225\" height=\"300\" src=\"https:\/\/cematraining.com\/wp-content\/uploads\/2020\/03\/Josh-Goodman-225x300.jpg\" alt=\"\" class=\"wp-image-975\" srcset=\"https:\/\/cematraining.com\/wp-content\/uploads\/2020\/03\/Josh-Goodman-225x300.jpg 225w, https:\/\/cematraining.com\/wp-content\/uploads\/2020\/03\/Josh-Goodman.jpg 266w\" sizes=\"auto, (max-width: 225px) 100vw, 225px\" \/><\/figure>\n<\/div>\n\n\n\n<div class=\"wp-block-column is-layout-flow wp-block-column-is-layout-flow\"><\/div>\n<\/div>\n\n\n\n<p class=\"has-text-align-center\"><mark style=\"background-color:rgba(0, 0, 0, 0)\" class=\"has-inline-color has-black-color\"><strong>jose goodman <\/strong><\/mark><\/p>\n\n\n\n<p class=\"has-text-align-center\"><strong>Dirigir <mark style=\"background-color:rgba(0, 0, 0, 0)\" class=\"has-inline-color has-black-color\">Gerente de Aseguramiento de Clientes y Gerente de Capacitaci\u00f3n T\u00e9cnica<\/mark><\/strong><\/p>\n\n\n\n<p class=\"has-text-align-center\" style=\"margin-top:0;margin-right:0;margin-bottom:0;margin-left:0;padding-top:0;padding-right:0;padding-bottom:0;padding-left:0\"><strong><mark style=\"background-color:rgba(0, 0, 0, 0)\" class=\"has-inline-color has-black-color\">Richmond VA<\/mark> <\/strong><\/p>\n\n\n\n<p class=\"has-text-align-center\">Tengo el placer de liderar un equipo de ext\u00e9cnicos de campo talentosos con el objetivo de brindar el mejor soporte de producto posventa posible para los equipos HVAC residenciales y comerciales ligeros de Carrier &amp; Bryant.<\/p>\n\n\n\n<p class=\"has-text-align-center\"><mark style=\"background-color:rgba(0, 0, 0, 0)\" class=\"has-inline-color has-black-color\">He estado en el comercio durante m\u00e1s de 30 a\u00f1os y me un\u00ed al equipo de CE en 2018 apoyando productos residenciales, comerciales ligeros y sin conductos. Tengo 15 a\u00f1os de experiencia en distribuci\u00f3n en soporte t\u00e9cnico, capacitaci\u00f3n y administraci\u00f3n de cuentas. Y desarrollador del sitio web de soporte t\u00e9cnico de Carrier Enterprise.<br>En mi tiempo libre disfruto viajar por el pa\u00eds y el mundo con mi familia y jugar Golf.   <\/mark><\/p>\n\n\n\n<div style=\"height:100px\" aria-hidden=\"true\" class=\"wp-block-spacer\"><\/div>\n\n\n\n<div class=\"wp-block-columns is-layout-flex wp-container-core-columns-is-layout-28f84493 wp-block-columns-is-layout-flex\">\n<div class=\"wp-block-column is-layout-flow wp-block-column-is-layout-flow\"><\/div>\n\n\n\n<div class=\"wp-block-column is-layout-flow wp-block-column-is-layout-flow\">\n<figure class=\"wp-block-image aligncenter size-medium\"><img loading=\"lazy\" decoding=\"async\" width=\"238\" height=\"300\" src=\"https:\/\/cematraining.com\/wp-content\/uploads\/2020\/03\/jack-Cauffman1-238x300.jpg\" alt=\"\" class=\"wp-image-986\" srcset=\"https:\/\/cematraining.com\/wp-content\/uploads\/2020\/03\/jack-Cauffman1-238x300.jpg 238w, https:\/\/cematraining.com\/wp-content\/uploads\/2020\/03\/jack-Cauffman1-600x755.jpg 600w, https:\/\/cematraining.com\/wp-content\/uploads\/2020\/03\/jack-Cauffman1.jpg 602w\" sizes=\"auto, (max-width: 238px) 100vw, 238px\" \/><\/figure>\n<\/div>\n\n\n\n<div class=\"wp-block-column is-layout-flow wp-block-column-is-layout-flow\"><\/div>\n<\/div>\n\n\n\n<p class=\"has-text-align-center\"><mark style=\"background-color:rgba(0, 0, 0, 0)\" class=\"has-inline-color has-black-color\"><strong>Jack Cauffman Gerente de Garant\u00eda de Clientes del Distrito Hanover MD <\/strong><\/mark><\/p>\n\n\n\n<p class=\"has-text-align-center\"><mark style=\"background-color:rgba(0, 0, 0, 0)\" class=\"has-inline-color has-black-color\">Jack ha estado en el comercio durante 33 a\u00f1os y se uni\u00f3 al equipo de CE en 2016 apoyando productos comerciales ligeros, residenciales y sin conductos. <br>En su tiempo libre, Jack disfruta del surf, la navegaci\u00f3n y el ciclismo de monta\u00f1a. <\/mark><\/p>\n\n\n\n<div style=\"height:100px\" aria-hidden=\"true\" class=\"wp-block-spacer\"><\/div>\n\n\n\n<div class=\"wp-block-columns is-layout-flex wp-container-core-columns-is-layout-28f84493 wp-block-columns-is-layout-flex\">\n<div class=\"wp-block-column is-layout-flow wp-block-column-is-layout-flow\"><\/div>\n\n\n\n<div class=\"wp-block-column is-layout-flow wp-block-column-is-layout-flow\">\n<figure class=\"wp-block-image aligncenter size-medium\"><img loading=\"lazy\" decoding=\"async\" width=\"300\" height=\"300\" src=\"https:\/\/cematraining.com\/wp-content\/uploads\/2020\/03\/Joe-Bryant-1-300x300.jpg\" alt=\"\" class=\"wp-image-948\" srcset=\"https:\/\/cematraining.com\/wp-content\/uploads\/2020\/03\/Joe-Bryant-1-300x300.jpg 300w, https:\/\/cematraining.com\/wp-content\/uploads\/2020\/03\/Joe-Bryant-1-100x100.jpg 100w, https:\/\/cematraining.com\/wp-content\/uploads\/2020\/03\/Joe-Bryant-1-600x600.jpg 600w, https:\/\/cematraining.com\/wp-content\/uploads\/2020\/03\/Joe-Bryant-1-1024x1024.jpg 1024w, https:\/\/cematraining.com\/wp-content\/uploads\/2020\/03\/Joe-Bryant-1-150x150.jpg 150w, https:\/\/cematraining.com\/wp-content\/uploads\/2020\/03\/Joe-Bryant-1-768x768.jpg 768w, https:\/\/cematraining.com\/wp-content\/uploads\/2020\/03\/Joe-Bryant-1-360x360.jpg 360w, https:\/\/cematraining.com\/wp-content\/uploads\/2020\/03\/Joe-Bryant-1.jpg 1080w\" sizes=\"auto, (max-width: 300px) 100vw, 300px\" \/><\/figure>\n<\/div>\n\n\n\n<div class=\"wp-block-column is-layout-flow wp-block-column-is-layout-flow\"><\/div>\n<\/div>\n\n\n\n<p class=\"has-text-align-center\"><strong><mark style=\"background-color:rgba(0, 0, 0, 0)\" class=\"has-inline-color has-black-color\">Joe Bryant Gerente de Garant\u00eda de Clientes Roanoke VA<\/mark> <\/strong><\/p>\n\n\n\n<p class=\"has-text-align-center\"><mark style=\"background-color:rgba(0, 0, 0, 0)\" class=\"has-inline-color has-black-color\">Joe ha estado en el comercio por m\u00e1s de 30 a\u00f1os y se uni\u00f3 al equipo de CE en 2010 apoyando productos comerciales ligeros, VRF y residenciales.  <br>en el tiempo libre de Joe Joe disfruta del aire libre y la fotograf\u00eda.  <\/mark><\/p>\n\n\n\n<div style=\"height:100px\" aria-hidden=\"true\" class=\"wp-block-spacer\"><\/div>\n\n\n\n<div class=\"wp-block-columns is-layout-flex wp-container-core-columns-is-layout-28f84493 wp-block-columns-is-layout-flex\">\n<div class=\"wp-block-column is-layout-flow wp-block-column-is-layout-flow\"><\/div>\n\n\n\n<div class=\"wp-block-column is-layout-flow wp-block-column-is-layout-flow\">\n<figure class=\"wp-block-image aligncenter size-full is-resized\"><img loading=\"lazy\" decoding=\"async\" width=\"750\" height=\"1000\" src=\"https:\/\/cematraining.com\/wp-content\/uploads\/2023\/06\/Tom-Talley.jpg\" alt=\"\" class=\"wp-image-43516\" style=\"width:208px;height:276px\" srcset=\"https:\/\/cematraining.com\/wp-content\/uploads\/2023\/06\/Tom-Talley.jpg 750w, https:\/\/cematraining.com\/wp-content\/uploads\/2023\/06\/Tom-Talley-225x300.jpg 225w, https:\/\/cematraining.com\/wp-content\/uploads\/2023\/06\/Tom-Talley-9x12.jpg 9w, https:\/\/cematraining.com\/wp-content\/uploads\/2023\/06\/Tom-Talley-600x800.jpg 600w\" sizes=\"auto, (max-width: 750px) 100vw, 750px\" \/><\/figure>\n<\/div>\n\n\n\n<div class=\"wp-block-column is-layout-flow wp-block-column-is-layout-flow\"><\/div>\n<\/div>\n\n\n\n<p class=\"has-text-align-center\"><strong><mark style=\"background-color:rgba(0, 0, 0, 0)\" class=\"has-inline-color has-black-color\">Tom Talley Gerente de Garant\u00eda de Clientes Richmond VA<\/mark> <\/strong><\/p>\n\n\n\n<p class=\"has-text-align-center\">Tom ha estado en el comercio durante 35 a\u00f1os, los \u00faltimos 30 con Carrier Distribution. Comenz\u00f3 con Mingledorff&#039;s en Georgia en 1993 y pas\u00f3 al equipo de Mid Atlantic Distribution en 2004. Se concentra en equipos comerciales ligeros y controles comerciales.<\/p>\n\n\n\n<div style=\"height:100px\" aria-hidden=\"true\" class=\"wp-block-spacer\"><\/div>\n\n\n\n<div class=\"wp-block-columns is-layout-flex wp-container-core-columns-is-layout-28f84493 wp-block-columns-is-layout-flex\">\n<div class=\"wp-block-column is-layout-flow wp-block-column-is-layout-flow\"><\/div>\n\n\n\n<div class=\"wp-block-column is-layout-flow wp-block-column-is-layout-flow\">\n<figure class=\"wp-block-image aligncenter size-medium\"><img loading=\"lazy\" decoding=\"async\" width=\"205\" height=\"300\" src=\"https:\/\/cematraining.com\/wp-content\/uploads\/2020\/03\/Ed-Greer-205x300.jpg\" alt=\"\" class=\"wp-image-965\" srcset=\"https:\/\/cematraining.com\/wp-content\/uploads\/2020\/03\/Ed-Greer-205x300.jpg 205w, https:\/\/cematraining.com\/wp-content\/uploads\/2020\/03\/Ed-Greer-scaled-600x877.jpg 600w, https:\/\/cematraining.com\/wp-content\/uploads\/2020\/03\/Ed-Greer-701x1024.jpg 701w, https:\/\/cematraining.com\/wp-content\/uploads\/2020\/03\/Ed-Greer-768x1122.jpg 768w, https:\/\/cematraining.com\/wp-content\/uploads\/2020\/03\/Ed-Greer-1051x1536.jpg 1051w, https:\/\/cematraining.com\/wp-content\/uploads\/2020\/03\/Ed-Greer-1401x2048.jpg 1401w, https:\/\/cematraining.com\/wp-content\/uploads\/2020\/03\/Ed-Greer-scaled.jpg 1314w\" sizes=\"auto, (max-width: 205px) 100vw, 205px\" \/><\/figure>\n<\/div>\n\n\n\n<div class=\"wp-block-column is-layout-flow wp-block-column-is-layout-flow\"><\/div>\n<\/div>\n\n\n\n<p class=\"has-text-align-center\"><strong><span class=\"has-inline-color has-black-color\">Ed Greer Gerente de Garant\u00eda de Clientes Sterling VA<\/span> <\/strong><\/p>\n\n\n\n<p class=\"has-text-align-center\"><mark style=\"background-color:rgba(0, 0, 0, 0)\" class=\"has-inline-color has-black-color\">Ed lleva 26 a\u00f1os en el comercio y se uni\u00f3 al equipo de CE en 2017 apoyando productos residenciales y sin ductos. <br>En su tiempo libre, Ed es un gran aficionado a los deportes que apoya a los equipos locales.<\/mark><\/p>\n\n\n\n<div style=\"height:100px\" aria-hidden=\"true\" class=\"wp-block-spacer\"><\/div>\n\n\n\n<div class=\"wp-block-columns is-layout-flex wp-container-core-columns-is-layout-28f84493 wp-block-columns-is-layout-flex\">\n<div class=\"wp-block-column is-layout-flow wp-block-column-is-layout-flow\"><\/div>\n\n\n\n<div class=\"wp-block-column is-layout-flow wp-block-column-is-layout-flow\">\n<figure class=\"wp-block-image aligncenter size-large\"><img loading=\"lazy\" decoding=\"async\" width=\"193\" height=\"298\" src=\"https:\/\/cematraining.com\/wp-content\/uploads\/2020\/03\/joe-koller.jpg\" alt=\"\" class=\"wp-image-964\"\/><\/figure>\n<\/div>\n\n\n\n<div class=\"wp-block-column is-layout-flow wp-block-column-is-layout-flow\"><\/div>\n<\/div>\n\n\n\n<p class=\"has-text-align-center\"><mark style=\"background-color:rgba(0, 0, 0, 0)\" class=\"has-inline-color has-black-color\"><strong>Joe Koller Gerente de Garant\u00eda de Clientes Hanover MD<\/strong> <\/mark><\/p>\n\n\n\n<p class=\"has-text-align-center\"><mark style=\"background-color:rgba(0, 0, 0, 0)\" class=\"has-inline-color has-black-color\">Joe ha estado en el comercio durante 30 a\u00f1os y se uni\u00f3 al equipo de CE en 2018 apoyando productos residenciales y sin conductos. <br> Joe es un veterano del ej\u00e9rcito. En su tiempo libre disfruta andar en motocicleta y pasar tiempo con su familia y amigos.<\/mark> <\/p>\n\n\n\n<div style=\"height:100px\" aria-hidden=\"true\" class=\"wp-block-spacer\"><\/div>\n\n\n\n<div class=\"wp-block-columns is-layout-flex wp-container-core-columns-is-layout-28f84493 wp-block-columns-is-layout-flex\">\n<div class=\"wp-block-column is-layout-flow wp-block-column-is-layout-flow\"><\/div>\n\n\n\n<div class=\"wp-block-column is-layout-flow wp-block-column-is-layout-flow\">\n<figure class=\"wp-block-image aligncenter size-medium\"><img loading=\"lazy\" decoding=\"async\" width=\"300\" height=\"287\" src=\"https:\/\/cematraining.com\/wp-content\/uploads\/2020\/03\/Brooks-Bio-Pic-1-300x287.png\" alt=\"\" class=\"wp-image-970\" srcset=\"https:\/\/cematraining.com\/wp-content\/uploads\/2020\/03\/Brooks-Bio-Pic-1-300x287.png 300w, https:\/\/cematraining.com\/wp-content\/uploads\/2020\/03\/Brooks-Bio-Pic-1-600x574.png 600w, https:\/\/cematraining.com\/wp-content\/uploads\/2020\/03\/Brooks-Bio-Pic-1.png 764w\" sizes=\"auto, (max-width: 300px) 100vw, 300px\" \/><\/figure>\n<\/div>\n\n\n\n<div class=\"wp-block-column is-layout-flow wp-block-column-is-layout-flow\"><\/div>\n<\/div>\n\n\n\n<p class=\"has-text-align-center\"><strong><span class=\"has-inline-color has-black-color\">Brooks Whitson Gerente de Garant\u00eda de Clientes Frederick MD<\/span> <\/strong><\/p>\n\n\n\n<p class=\"has-text-align-center\"><mark style=\"background-color:rgba(0, 0, 0, 0)\" class=\"has-inline-color has-black-color\">Brooks ha estado en el comercio durante 16 a\u00f1os y se uni\u00f3 al equipo de CE en 2019 apoyando productos residenciales, sin conductos y comerciales ligeros.<\/mark><\/p>\n\n\n\n<p class=\"has-text-align-center\"><mark style=\"background-color:rgba(0, 0, 0, 0)\" class=\"has-inline-color has-black-color\">Brooks recibi\u00f3 su nombre en honor a Brooks Robinson, el mejor tercera base de los Orioles y posiblemente el mejor tercera base de todos los tiempos. Dicho esto, por supuesto, Brooks es un fan\u00e1tico de los Orioles y tambi\u00e9n ama a los Baltimore Ravens. La mayor pasi\u00f3n de Brooks es su familia, adem\u00e1s de ser un \u00e1vido amante de las actividades al aire libre.<\/mark><\/p>\n\n\n\n<div style=\"height:100px\" aria-hidden=\"true\" class=\"wp-block-spacer\"><\/div>\n\n\n\n<div class=\"wp-block-columns is-layout-flex wp-container-core-columns-is-layout-28f84493 wp-block-columns-is-layout-flex\">\n<div class=\"wp-block-column is-layout-flow wp-block-column-is-layout-flow\"><\/div>\n\n\n\n<div class=\"wp-block-column is-layout-flow wp-block-column-is-layout-flow\">\n<figure class=\"wp-block-image aligncenter size-medium\"><img loading=\"lazy\" decoding=\"async\" width=\"300\" height=\"224\" src=\"https:\/\/cematraining.com\/wp-content\/uploads\/2020\/11\/IMG_5716-300x224.jpg\" alt=\"\" class=\"wp-image-27040\" srcset=\"https:\/\/cematraining.com\/wp-content\/uploads\/2020\/11\/IMG_5716-300x224.jpg 300w, https:\/\/cematraining.com\/wp-content\/uploads\/2020\/11\/IMG_5716-600x449.jpg 600w, https:\/\/cematraining.com\/wp-content\/uploads\/2020\/11\/IMG_5716-400x300.jpg 400w, https:\/\/cematraining.com\/wp-content\/uploads\/2020\/11\/IMG_5716.jpg 602w\" sizes=\"auto, (max-width: 300px) 100vw, 300px\" \/><\/figure>\n<\/div>\n\n\n\n<div class=\"wp-block-column is-layout-flow wp-block-column-is-layout-flow\"><\/div>\n<\/div>\n\n\n\n<p class=\"has-text-align-center\"><strong><span class=\"has-inline-color has-black-color\">Mary Ann Lindholm Gerente de Garant\u00eda de Clientes Partes Richmond VA.<\/span><\/strong><\/p>\n\n\n\n<p class=\"has-text-align-center\"><mark style=\"background-color:rgba(0, 0, 0, 0)\" class=\"has-inline-color has-black-color\">Mary Ann ha trabajado en el sector durante m\u00e1s de 43 a\u00f1os (comenz\u00f3 con la venta de equipos autom\u00e1ticos en 1981). Los \u00faltimos 8 a\u00f1os en CE, en el \u00e1rea de repuestos y suministros comerciales.\u00a0<br>En su tiempo libre, Mary Ann disfrutaba andar en motocicleta.<\/mark>\u00a1\u00a1\u00a1VAMOS STEELERS!!!<\/p>\n\n\n\n<div style=\"height:100px\" aria-hidden=\"true\" class=\"wp-block-spacer\"><\/div>\n\n\n\n<div class=\"wp-block-columns is-layout-flex wp-container-core-columns-is-layout-28f84493 wp-block-columns-is-layout-flex\">\n<div class=\"wp-block-column is-layout-flow wp-block-column-is-layout-flow\"><\/div>\n\n\n\n<div class=\"wp-block-column is-layout-flow wp-block-column-is-layout-flow\">\n<figure class=\"wp-block-image aligncenter size-large is-resized\"><img loading=\"lazy\" decoding=\"async\" width=\"768\" height=\"1024\" src=\"https:\/\/cematraining.com\/wp-content\/uploads\/2021\/09\/Michael-Squires-768x1024.jpg\" alt=\"\" class=\"wp-image-31119\" style=\"width:192px;height:256px\" srcset=\"https:\/\/cematraining.com\/wp-content\/uploads\/2021\/09\/Michael-Squires-768x1024.jpg 768w, https:\/\/cematraining.com\/wp-content\/uploads\/2021\/09\/Michael-Squires-600x800.jpg 600w, https:\/\/cematraining.com\/wp-content\/uploads\/2021\/09\/Michael-Squires-225x300.jpg 225w, https:\/\/cematraining.com\/wp-content\/uploads\/2021\/09\/Michael-Squires.jpg 832w\" sizes=\"auto, (max-width: 768px) 100vw, 768px\" \/><\/figure>\n<\/div>\n\n\n\n<div class=\"wp-block-column is-layout-flow wp-block-column-is-layout-flow\"><\/div>\n<\/div>\n\n\n\n<p class=\"has-text-align-center\"><strong><span class=\"has-inline-color has-black-color\">Michael Squires Gerente de Garant\u00eda de Clientes Richmond VA.<\/span><\/strong><\/p>\n\n\n\n<p class=\"has-text-align-center\"><mark style=\"background-color:rgba(0, 0, 0, 0)\" class=\"has-inline-color has-black-color\">Michael ha estado en la industria de HVAC durante 15 a\u00f1os y se uni\u00f3 al equipo de CE en 2021 apoyando productos residenciales y sin conductos. Michael disfruta viajar para ver nuestros grandes tesoros nacionales e hist\u00f3ricos.<\/mark><\/p>","protected":false},"excerpt":{"rendered":"<p>Josh Goodman Lead Customer Assurance Manager and Technical Training Manager Richmond VA I have the pleasure of leading a team of talented former field technicians with the goal of providing the best possible post sale product support for Carrier &amp; Bryant HVAC Residential and Light Commercial equipment. I have been in the trade over 30 [&hellip;]<\/p>\n","protected":false},"author":2,"featured_media":0,"parent":0,"menu_order":0,"comment_status":"closed","ping_status":"closed","template":"","meta":{"_coblocks_attr":"","_coblocks_dimensions":"","_coblocks_responsive_height":"","_coblocks_accordion_ie_support":"","_uag_custom_page_level_css":"","site-sidebar-layout":"default","site-content-layout":"default","ast-site-content-layout":"default","site-content-style":"default","site-sidebar-style":"default","ast-global-header-display":"","ast-banner-title-visibility":"","ast-main-header-display":"","ast-hfb-above-header-display":"","ast-hfb-below-header-display":"","ast-hfb-mobile-header-display":"","site-post-title":"","ast-breadcrumbs-content":"","ast-featured-img":"","footer-sml-layout":"","ast-disable-related-posts":"","theme-transparent-header-meta":"default","adv-header-id-meta":"","stick-header-meta":"default","header-above-stick-meta":"","header-main-stick-meta":"","header-below-stick-meta":"","astra-migrate-meta-layouts":"set","ast-page-background-enabled":"default","ast-page-background-meta":{"desktop":{"background-color":"","background-image":"","background-repeat":"repeat","background-position":"center center","background-size":"auto","background-attachment":"scroll","background-type":"","background-media":"","overlay-type":"","overlay-color":"","overlay-opacity":"","overlay-gradient":""},"tablet":{"background-color":"","background-image":"","background-repeat":"repeat","background-position":"center center","background-size":"auto","background-attachment":"scroll","background-type":"","background-media":"","overlay-type":"","overlay-color":"","overlay-opacity":"","overlay-gradient":""},"mobile":{"background-color":"","background-image":"","background-repeat":"repeat","background-position":"center center","background-size":"auto","background-attachment":"scroll","background-type":"","background-media":"","overlay-type":"","overlay-color":"","overlay-opacity":"","overlay-gradient":""}},"ast-content-background-meta":{"desktop":{"background-color":"var(--ast-global-color-5)","background-image":"","background-repeat":"repeat","background-position":"center center","background-size":"auto","background-attachment":"scroll","background-type":"","background-media":"","overlay-type":"","overlay-color":"","overlay-opacity":"","overlay-gradient":""},"tablet":{"background-color":"var(--ast-global-color-5)","background-image":"","background-repeat":"repeat","background-position":"center center","background-size":"auto","background-attachment":"scroll","background-type":"","background-media":"","overlay-type":"","overlay-color":"","overlay-opacity":"","overlay-gradient":""},"mobile":{"background-color":"var(--ast-global-color-5)","background-image":"","background-repeat":"repeat","background-position":"center center","background-size":"auto","background-attachment":"scroll","background-type":"","background-media":"","overlay-type":"","overlay-color":"","overlay-opacity":"","overlay-gradient":""}},"footnotes":""},"class_list":["post-2","page","type-page","status-publish","hentry"],"uagb_featured_image_src":{"full":false,"thumbnail":false,"medium":false,"medium_large":false,"large":false,"1536x1536":false,"2048x2048":false,"trp-custom-language-flag":false,"woocommerce_thumbnail":false,"woocommerce_single":false,"woocommerce_gallery_thumbnail":false},"uagb_author_info":{"display_name":"Josh Goodman","author_link":"https:\/\/cematraining.com\/es\/author\/joshg\/"},"uagb_comment_info":0,"uagb_excerpt":"Josh Goodman Lead Customer Assurance Manager and Technical Training Manager Richmond VA I have the pleasure of leading a team of talented former field technicians with the goal of providing the best possible post sale product support for Carrier &amp; Bryant HVAC Residential and Light Commercial equipment. I have been in the trade over 30&hellip;","_links":{"self":[{"href":"https:\/\/cematraining.com\/es\/wp-json\/wp\/v2\/pages\/2","targetHints":{"allow":["GET"]}}],"collection":[{"href":"https:\/\/cematraining.com\/es\/wp-json\/wp\/v2\/pages"}],"about":[{"href":"https:\/\/cematraining.com\/es\/wp-json\/wp\/v2\/types\/page"}],"author":[{"embeddable":true,"href":"https:\/\/cematraining.com\/es\/wp-json\/wp\/v2\/users\/2"}],"replies":[{"embeddable":true,"href":"https:\/\/cematraining.com\/es\/wp-json\/wp\/v2\/comments?post=2"}],"version-history":[{"count":2,"href":"https:\/\/cematraining.com\/es\/wp-json\/wp\/v2\/pages\/2\/revisions"}],"predecessor-version":[{"id":51118,"href":"https:\/\/cematraining.com\/es\/wp-json\/wp\/v2\/pages\/2\/revisions\/51118"}],"wp:attachment":[{"href":"https:\/\/cematraining.com\/es\/wp-json\/wp\/v2\/media?parent=2"}],"curies":[{"name":"gracias","href":"https:\/\/api.w.org\/{rel}","templated":true}]}}