{"id":27521,"date":"2021-01-05T08:40:23","date_gmt":"2021-01-05T13:40:23","guid":{"rendered":"http:\/\/cematraining.com\/?page_id=27521"},"modified":"2024-07-05T10:50:38","modified_gmt":"2024-07-05T14:50:38","slug":"gas-furnace-videos","status":"publish","type":"page","link":"https:\/\/cematraining.com\/es\/gas-furnace-videos\/","title":{"rendered":"V\u00eddeos de hornos de gas"},"content":{"rendered":"<h2 class=\"wp-block-heading\" id=\"NFC\"><strong>Nueva placa de control Horno NFC<\/strong><\/h2>\n\n\n\n<h4 class=\"wp-block-heading has-text-align-center\"><strong>Las tabletas m\u00f3viles no funcionar\u00e1n, no tienen tecnolog\u00eda NFC, solo tel\u00e9fonos m\u00f3viles.<\/strong><\/h4>\n\n\n\n<section class=\"wp-block-uagb-columns uagb-columns__wrap uagb-columns__background-none uagb-columns__stack-mobile uagb-columns__valign- uagb-columns__gap-10 align uagb-block-a5943284 uagb-columns__columns-2 uagb-columns__max_width-theme\"><div class=\"uagb-columns__overlay\"><\/div><div class=\"uagb-columns__inner-wrap uagb-columns__columns-2\">\n<div class=\"wp-block-uagb-column uagb-column__wrap uagb-column__background-undefined uagb-block-8e650bd8\"><div class=\"uagb-column__overlay\"><\/div>\n<div style=\"height:50px\" aria-hidden=\"true\" class=\"wp-block-spacer\"><\/div>\n\n\n\n<figure class=\"wp-block-embed is-type-video is-provider-vimeo wp-block-embed-vimeo wp-embed-aspect-16-9 wp-has-aspect-ratio\"><div class=\"wp-block-embed__wrapper\">\n<iframe loading=\"lazy\" src=\"https:\/\/player.vimeo.com\/video\/829897949?dnt=1&amp;app_id=122963\" width=\"500\" height=\"281\" frameborder=\"0\" allow=\"autoplay; fullscreen; picture-in-picture; clipboard-write\"><\/iframe>\n<\/div><\/figure>\n\n\n\n<figure class=\"wp-block-embed is-type-video is-provider-vimeo wp-block-embed-vimeo wp-embed-aspect-16-9 wp-has-aspect-ratio\"><div class=\"wp-block-embed__wrapper\">\n<iframe loading=\"lazy\" src=\"https:\/\/player.vimeo.com\/video\/829897912?dnt=1&amp;app_id=122963\" width=\"500\" height=\"281\" frameborder=\"0\" allow=\"autoplay; fullscreen; picture-in-picture; clipboard-write\"><\/iframe>\n<\/div><\/figure>\n<\/div>\n\n\n\n<div class=\"wp-block-uagb-column uagb-column__wrap uagb-column__background-undefined uagb-block-8b5b24d7\"><div class=\"uagb-column__overlay\"><\/div>\n<h2 class=\"wp-block-heading\">Configuraci\u00f3n del instalador<\/h2>\n\n\n\n<figure class=\"wp-block-embed aligncenter is-type-video is-provider-vimeo wp-block-embed-vimeo\"><div class=\"wp-block-embed__wrapper\">\n<iframe loading=\"lazy\" src=\"https:\/\/player.vimeo.com\/video\/829898828?dnt=1&amp;app_id=122963\" width=\"500\" height=\"313\" frameborder=\"0\" allow=\"autoplay; fullscreen; picture-in-picture; clipboard-write\"><\/iframe>\n<\/div><\/figure>\n<\/div>\n<\/div><\/section>\n\n\n\n<p><a href=\"https:\/\/cematraining.com\/es\/combustion-air-calculator-form\/\">C\u00e1lculo del aire de combusti\u00f3n:<\/a> Esta herramienta le ayudar\u00e1 a asegurarse de tener suficiente aire de combusti\u00f3n para los aparatos que funcionan con gas.<\/p>\n\n\n\n<p><a href=\"https:\/\/cematraining.com\/es\/video-clocking-a-natural-gas-meter\/\"><span class=\"has-inline-color has-vivid-red-color\">C\u00f3mo cronometrar un medidor de gas natural<\/span><\/a><span class=\"has-inline-color has-black-color\">: Este es un video sobre c\u00f3mo calcular la entrada del horno de gas usando el medidor de gas natural del cliente y un reloj para calcular la capacidad de entrada del horno y verificar los ajustes de presi\u00f3n de gas del m\u00faltiple.<\/span><\/p>\n\n\n\n<p><a href=\"https:\/\/cematraining.com\/es\/video-how-to-convert-a-gas-furnace-to-lp-gas-pressure-check\/\"><span class=\"has-inline-color has-vivid-red-color\">C\u00f3mo convertir un horno de gas a LP y verificar las presiones de gas<\/span>:<\/a>&nbsp;<span class=\"has-inline-color has-black-color\">C\u00f3mo convertir un horno de gas a LP y verificar y ajustar las presiones de gas en hornos de gas residenciales.<\/span>&nbsp;<\/p>\n\n\n\n<p> <a href=\"https:\/\/cematraining.com\/es\/video-troubleshooting-communication-code-16\/\">C\u00f3digo 16 Fallo de comunicaci\u00f3n:<\/a> <span class=\"has-inline-color has-black-color\">Este video lo guiar\u00e1 a trav\u00e9s de c\u00f3mo solucionar problemas en el circuito de comunicaci\u00f3n.<\/span> <\/p>\n\n\n\n<p><a href=\"https:\/\/cematraining.com\/es\/video-code-35\/\"><span class=\"has-inline-color has-vivid-red-color\">c\u00f3digo 35<\/span><\/a>&nbsp;<span class=\"has-inline-color has-black-color\">(aver\u00eda de la v\u00e1lvula de gas)<\/span><\/p>\n\n\n\n<p><a href=\"https:\/\/cematraining.com\/es\/video-code-41\/\"><span class=\"has-inline-color has-vivid-red-color\">C\u00f3digo 41<\/span><\/a>&nbsp;<span class=\"has-inline-color has-black-color\">(fallo del motor del ventilador)<\/span><\/p>\n\n\n\n<p><a href=\"https:\/\/cematraining.com\/es\/26467-2\/\"><span class=\"has-inline-color has-vivid-red-color\">C\u00f3digo 42<\/span><\/a>&nbsp;<span class=\"has-inline-color has-black-color\">(fallo del motor inductor)&nbsp;<\/span><\/p>\n\n\n\n<p><mark style=\"background-color:rgba(0, 0, 0, 0)\" class=\"has-inline-color has-black-color\">Formulario de inspecci\u00f3n del intercambiador de calor del horno de gas DSB09-0022<\/mark> <a href=\"https:\/\/cematraining.com\/wp-content\/uploads\/2020\/09\/DSB09-0022.pdf\"><mark style=\"background-color:rgba(0, 0, 0, 0)\" class=\"has-inline-color has-vivid-red-color\">AQU\u00cd<\/mark><\/a><\/p>\n\n\n\n<p><a href=\"https:\/\/cematraining.com\/wp-content\/uploads\/2022\/12\/Combustion-readings-general.pdf\">Lecturas de combusti\u00f3n<\/a>: Esta es una gu\u00eda general de lo que debe esperarse al verificar los productos de la combusti\u00f3n.<\/p>\n\n\n\n<p><a href=\"https:\/\/cematraining.com\/es\/static-pressure-mapping\/\" target=\"_blank\" rel=\"noreferrer noopener\">Prueba de presi\u00f3n est\u00e1tica y demostraci\u00f3n de mapeo<\/a><\/p>","protected":false},"excerpt":{"rendered":"<p>New Furnace NFC control board Mobile tablets will not work, they do not have NFC technology, only mobile phones. Installer Setup Combustion Air Calculation: This tool will help make sure you have enough combustion air to support gas fired appliances. How to Clock a Natural Gas Meter: This is a video on how to calculate [&hellip;]<\/p>\n","protected":false},"author":2,"featured_media":0,"parent":0,"menu_order":0,"comment_status":"closed","ping_status":"closed","template":"","meta":{"_coblocks_attr":"","_coblocks_dimensions":"","_coblocks_responsive_height":"","_coblocks_accordion_ie_support":"","_uag_custom_page_level_css":"","site-sidebar-layout":"default","site-content-layout":"default","ast-site-content-layout":"default","site-content-style":"default","site-sidebar-style":"default","ast-global-header-display":"","ast-banner-title-visibility":"","ast-main-header-display":"","ast-hfb-above-header-display":"","ast-hfb-below-header-display":"","ast-hfb-mobile-header-display":"","site-post-title":"","ast-breadcrumbs-content":"","ast-featured-img":"","footer-sml-layout":"","ast-disable-related-posts":"","theme-transparent-header-meta":"default","adv-header-id-meta":"","stick-header-meta":"default","header-above-stick-meta":"","header-main-stick-meta":"","header-below-stick-meta":"","astra-migrate-meta-layouts":"set","ast-page-background-enabled":"default","ast-page-background-meta":{"desktop":{"background-color":"","background-image":"","background-repeat":"repeat","background-position":"center center","background-size":"auto","background-attachment":"scroll","background-type":"","background-media":"","overlay-type":"","overlay-color":"","overlay-opacity":"","overlay-gradient":""},"tablet":{"background-color":"","background-image":"","background-repeat":"repeat","background-position":"center center","background-size":"auto","background-attachment":"scroll","background-type":"","background-media":"","overlay-type":"","overlay-color":"","overlay-opacity":"","overlay-gradient":""},"mobile":{"background-color":"","background-image":"","background-repeat":"repeat","background-position":"center center","background-size":"auto","background-attachment":"scroll","background-type":"","background-media":"","overlay-type":"","overlay-color":"","overlay-opacity":"","overlay-gradient":""}},"ast-content-background-meta":{"desktop":{"background-color":"var(--ast-global-color-5)","background-image":"","background-repeat":"repeat","background-position":"center center","background-size":"auto","background-attachment":"scroll","background-type":"","background-media":"","overlay-type":"","overlay-color":"","overlay-opacity":"","overlay-gradient":""},"tablet":{"background-color":"var(--ast-global-color-5)","background-image":"","background-repeat":"repeat","background-position":"center center","background-size":"auto","background-attachment":"scroll","background-type":"","background-media":"","overlay-type":"","overlay-color":"","overlay-opacity":"","overlay-gradient":""},"mobile":{"background-color":"var(--ast-global-color-5)","background-image":"","background-repeat":"repeat","background-position":"center center","background-size":"auto","background-attachment":"scroll","background-type":"","background-media":"","overlay-type":"","overlay-color":"","overlay-opacity":"","overlay-gradient":""}},"footnotes":""},"class_list":["post-27521","page","type-page","status-publish","hentry"],"uagb_featured_image_src":{"full":false,"thumbnail":false,"medium":false,"medium_large":false,"large":false,"1536x1536":false,"2048x2048":false,"trp-custom-language-flag":false,"woocommerce_thumbnail":false,"woocommerce_single":false,"woocommerce_gallery_thumbnail":false},"uagb_author_info":{"display_name":"Josh Goodman","author_link":"https:\/\/cematraining.com\/es\/author\/joshg\/"},"uagb_comment_info":0,"uagb_excerpt":"New Furnace NFC control board Mobile tablets will not work, they do not have NFC technology, only mobile phones. Installer Setup Combustion Air Calculation: This tool will help make sure you have enough combustion air to support gas fired appliances. How to Clock a Natural Gas Meter: This is a video on how to calculate&hellip;","_links":{"self":[{"href":"https:\/\/cematraining.com\/es\/wp-json\/wp\/v2\/pages\/27521","targetHints":{"allow":["GET"]}}],"collection":[{"href":"https:\/\/cematraining.com\/es\/wp-json\/wp\/v2\/pages"}],"about":[{"href":"https:\/\/cematraining.com\/es\/wp-json\/wp\/v2\/types\/page"}],"author":[{"embeddable":true,"href":"https:\/\/cematraining.com\/es\/wp-json\/wp\/v2\/users\/2"}],"replies":[{"embeddable":true,"href":"https:\/\/cematraining.com\/es\/wp-json\/wp\/v2\/comments?post=27521"}],"version-history":[{"count":3,"href":"https:\/\/cematraining.com\/es\/wp-json\/wp\/v2\/pages\/27521\/revisions"}],"predecessor-version":[{"id":48131,"href":"https:\/\/cematraining.com\/es\/wp-json\/wp\/v2\/pages\/27521\/revisions\/48131"}],"wp:attachment":[{"href":"https:\/\/cematraining.com\/es\/wp-json\/wp\/v2\/media?parent=27521"}],"curies":[{"name":"gracias","href":"https:\/\/api.w.org\/{rel}","templated":true}]}}