{"id":27548,"date":"2021-01-05T09:18:57","date_gmt":"2021-01-05T14:18:57","guid":{"rendered":"http:\/\/cematraining.com\/?page_id=27548"},"modified":"2024-07-05T10:50:37","modified_gmt":"2024-07-05T14:50:37","slug":"general-hvac-videos","status":"publish","type":"page","link":"https:\/\/cematraining.com\/es\/general-hvac-videos\/","title":{"rendered":"V\u00eddeos generales de climatizaci\u00f3n"},"content":{"rendered":"<p><a href=\"https:\/\/cematraining.com\/es\/how-to-check-a-capacitor-while-the-system-is-running\/\">Vea c\u00f3mo verificar un capacitor mientras el sistema est\u00e1 funcionando.<\/a><\/p>\n\n\n\n<p><a href=\"https:\/\/cematraining.com\/es\/video-the-refrigeration-cycle\/\"><span class=\"has-inline-color has-vivid-red-color\">El ciclo de refrigeraci\u00f3n<\/span><\/a><span class=\"has-inline-color has-vivid-red-color\">:<\/span>&nbsp;<span class=\"has-inline-color has-black-color\">Explicaci\u00f3n animada del ciclo de refrigeraci\u00f3n.<\/span><\/p>\n\n\n\n<p><a href=\"https:\/\/cematraining.com\/es\/R_V_Valve_Operation.html\/\"><span class=\"has-inline-color has-vivid-red-color\">Re<\/span><\/a><a href=\"https:\/\/cematraining.com\/es\/video-reversing-valve-operation\/\"><span class=\"has-inline-color has-vivid-red-color\">Funcionamiento de la v\u00e1lvula de inversi\u00f3n<\/span><\/a>:&nbsp;<span class=\"has-inline-color has-black-color\">Explicaci\u00f3n detallada del funcionamiento de la v\u00e1lvula inversora.<\/span>&nbsp;<\/p>\n\n\n\n<p><a href=\"https:\/\/cematraining.com\/es\/video-reversing-valve-diagnostics\/\"><span class=\"has-inline-color has-vivid-red-color\">Diagn\u00f3stico de v\u00e1lvula inversora<\/span><\/a><span class=\"has-inline-color has-black-color\">:<\/span>&nbsp;<span class=\"has-inline-color has-black-color\">C\u00f3mo diagnosticar una v\u00e1lvula inversora.<\/span><\/p>\n\n\n\n<p><a href=\"https:\/\/cematraining.com\/es\/video-the-subcooling-process\/\"><span class=\"has-inline-color has-vivid-red-color\">Proceso de subenfriamiento<\/span><\/a>:&nbsp;<span class=\"has-inline-color has-black-color\">Comprender el proceso de subenfriamiento y c\u00f3mo medir.<\/span><\/p>\n\n\n\n<p><a href=\"https:\/\/cematraining.com\/es\/Superheat_Process.html\/\"><span class=\"has-inline-color has-vivid-red-color\">do<\/span><\/a><a href=\"http:\/\/vimeo.com\/395454040\"><span class=\"has-inline-color has-vivid-red-color\">recalentar P<\/span><\/a><a href=\"https:\/\/cematraining.com\/es\/video-the-superheat-process\/\" target=\"_blank\" rel=\"noreferrer noopener\"><span class=\"has-inline-color has-vivid-red-color\">r<\/span><\/a><a href=\"http:\/\/vimeo.com\/394289061\"><span class=\"has-inline-color has-vivid-red-color\">proceso<\/span><\/a>:&nbsp;<span class=\"has-inline-color has-black-color\">Comprender el proceso de sobrecalentamiento y c\u00f3mo medir<\/span>.&nbsp;<\/p>\n\n\n\n<p><a href=\"https:\/\/cematraining.com\/es\/System_Charging.html\/\"><span class=\"has-inline-color has-vivid-red-color\">S<\/span><\/a><a href=\"https:\/\/cematraining.com\/es\/video-system-charging-with-1st-generation-ui\/\"><span class=\"has-inline-color has-vivid-red-color\">sistema de carga<\/span><\/a><span class=\"has-inline-color has-vivid-red-color\"> con la interfaz de usuario de primera generaci\u00f3n<\/span>:&nbsp;<span class=\"has-inline-color has-black-color\">C\u00f3mo cargar un sistema de aire acondicionado.<\/span><\/p>\n\n\n\n<p><a href=\"https:\/\/cematraining.com\/es\/video-abm-100-training\/\"><span class=\"has-inline-color has-vivid-red-color\">Capacitaci\u00f3n ABM 100<\/span>:<\/a>&nbsp; <span class=\"has-inline-color has-black-color\">Capacitaci\u00f3n en el uso del medidor de flujo de aire ABM 100.<\/span><\/p>\n\n\n\n<p><a href=\"https:\/\/cematraining.com\/es\/video-alternate-additive-injection-method\/\"><span class=\"has-inline-color has-vivid-red-color\">M\u00e9todo alternativo de inyecci\u00f3n de aditivos<\/span>:<\/a>&nbsp;<span class=\"has-inline-color has-black-color\">C\u00f3mo inyectar el aditivo Zerol Ice en la l\u00ednea de l\u00edquido para obtener resultados m\u00e1s r\u00e1pidos.&nbsp;<\/span><\/p>\n\n\n\n<p><a href=\"https:\/\/cematraining.com\/wp-content\/uploads\/2023\/11\/Quiet-Shift-Board-Wiring-Revised-2-2.pdf\">Cambios de cableado de la placa HK32EA001\/007 a la placa HK32EA003\/008 (Quiet Shift)<\/a><\/p>","protected":false},"excerpt":{"rendered":"<p>Check Out how to check a capacitor while the system is running. The Refrigeration Cycle:&nbsp;Animated explanation of the refrigeration cycle. Reversing Valve Operation:&nbsp;Detailed explanation of&nbsp;the reversing valve operation.&nbsp; Reversing Valve Diagnostics:&nbsp;How to diagnose a reversing valve. Subcooling Process:&nbsp;Understanding the Subcooling process and how to measure. Superheat Process:&nbsp;Understanding the Superheat process and how to measure.&nbsp; System [&hellip;]<\/p>\n","protected":false},"author":2,"featured_media":0,"parent":0,"menu_order":0,"comment_status":"closed","ping_status":"closed","template":"","meta":{"_coblocks_attr":"","_coblocks_dimensions":"","_coblocks_responsive_height":"","_coblocks_accordion_ie_support":"","_uag_custom_page_level_css":"","site-sidebar-layout":"default","site-content-layout":"default","ast-site-content-layout":"default","site-content-style":"default","site-sidebar-style":"default","ast-global-header-display":"","ast-banner-title-visibility":"","ast-main-header-display":"","ast-hfb-above-header-display":"","ast-hfb-below-header-display":"","ast-hfb-mobile-header-display":"","site-post-title":"","ast-breadcrumbs-content":"","ast-featured-img":"","footer-sml-layout":"","ast-disable-related-posts":"","theme-transparent-header-meta":"default","adv-header-id-meta":"","stick-header-meta":"default","header-above-stick-meta":"","header-main-stick-meta":"","header-below-stick-meta":"","astra-migrate-meta-layouts":"set","ast-page-background-enabled":"default","ast-page-background-meta":{"desktop":{"background-color":"","background-image":"","background-repeat":"repeat","background-position":"center center","background-size":"auto","background-attachment":"scroll","background-type":"","background-media":"","overlay-type":"","overlay-color":"","overlay-opacity":"","overlay-gradient":""},"tablet":{"background-color":"","background-image":"","background-repeat":"repeat","background-position":"center center","background-size":"auto","background-attachment":"scroll","background-type":"","background-media":"","overlay-type":"","overlay-color":"","overlay-opacity":"","overlay-gradient":""},"mobile":{"background-color":"","background-image":"","background-repeat":"repeat","background-position":"center center","background-size":"auto","background-attachment":"scroll","background-type":"","background-media":"","overlay-type":"","overlay-color":"","overlay-opacity":"","overlay-gradient":""}},"ast-content-background-meta":{"desktop":{"background-color":"var(--ast-global-color-5)","background-image":"","background-repeat":"repeat","background-position":"center center","background-size":"auto","background-attachment":"scroll","background-type":"","background-media":"","overlay-type":"","overlay-color":"","overlay-opacity":"","overlay-gradient":""},"tablet":{"background-color":"var(--ast-global-color-5)","background-image":"","background-repeat":"repeat","background-position":"center center","background-size":"auto","background-attachment":"scroll","background-type":"","background-media":"","overlay-type":"","overlay-color":"","overlay-opacity":"","overlay-gradient":""},"mobile":{"background-color":"var(--ast-global-color-5)","background-image":"","background-repeat":"repeat","background-position":"center center","background-size":"auto","background-attachment":"scroll","background-type":"","background-media":"","overlay-type":"","overlay-color":"","overlay-opacity":"","overlay-gradient":""}},"footnotes":""},"class_list":["post-27548","page","type-page","status-publish","hentry"],"uagb_featured_image_src":{"full":false,"thumbnail":false,"medium":false,"medium_large":false,"large":false,"1536x1536":false,"2048x2048":false,"trp-custom-language-flag":false,"woocommerce_thumbnail":false,"woocommerce_single":false,"woocommerce_gallery_thumbnail":false},"uagb_author_info":{"display_name":"Josh Goodman","author_link":"https:\/\/cematraining.com\/es\/author\/joshg\/"},"uagb_comment_info":0,"uagb_excerpt":"Check Out how to check a capacitor while the system is running. The Refrigeration Cycle:&nbsp;Animated explanation of the refrigeration cycle. Reversing Valve Operation:&nbsp;Detailed explanation of&nbsp;the reversing valve operation.&nbsp; Reversing Valve Diagnostics:&nbsp;How to diagnose a reversing valve. Subcooling Process:&nbsp;Understanding the Subcooling process and how to measure. Superheat Process:&nbsp;Understanding the Superheat process and how to measure.&nbsp; System&hellip;","_links":{"self":[{"href":"https:\/\/cematraining.com\/es\/wp-json\/wp\/v2\/pages\/27548","targetHints":{"allow":["GET"]}}],"collection":[{"href":"https:\/\/cematraining.com\/es\/wp-json\/wp\/v2\/pages"}],"about":[{"href":"https:\/\/cematraining.com\/es\/wp-json\/wp\/v2\/types\/page"}],"author":[{"embeddable":true,"href":"https:\/\/cematraining.com\/es\/wp-json\/wp\/v2\/users\/2"}],"replies":[{"embeddable":true,"href":"https:\/\/cematraining.com\/es\/wp-json\/wp\/v2\/comments?post=27548"}],"version-history":[{"count":1,"href":"https:\/\/cematraining.com\/es\/wp-json\/wp\/v2\/pages\/27548\/revisions"}],"predecessor-version":[{"id":46425,"href":"https:\/\/cematraining.com\/es\/wp-json\/wp\/v2\/pages\/27548\/revisions\/46425"}],"wp:attachment":[{"href":"https:\/\/cematraining.com\/es\/wp-json\/wp\/v2\/media?parent=27548"}],"curies":[{"name":"gracias","href":"https:\/\/api.w.org\/{rel}","templated":true}]}}