{"id":27584,"date":"2021-01-06T09:32:43","date_gmt":"2021-01-06T14:32:43","guid":{"rendered":"http:\/\/cematraining.com\/?page_id=27584"},"modified":"2026-03-06T16:31:57","modified_gmt":"2026-03-06T21:31:57","slug":"user-interface","status":"publish","type":"page","link":"https:\/\/cematraining.com\/es\/user-interface\/","title":{"rendered":"V\u00eddeos de la interfaz de usuario"},"content":{"rendered":"<div class=\"wp-block-uagb-advanced-heading uagb-block-7d5f3ec7\"><h2 class=\"uagb-heading-text\"> <a href=\"https:\/\/cematraining.com\/es\/updating-software-tips\/\">Actualizaci\u00f3n de la interfaz de usuario para los nuevos hornos Infinity\/Evolution\/Fan Coils<\/a><\/h2><\/div>\n\n\n\n<h4 class=\"wp-block-heading\" id=\"updating-the-user-interface-use-the-links-below-to-get-the-software\"><a href=\"https:\/\/cematraining.com\/es\/information-about-wifi-connectivity-concerns-tips\/\">Informaci\u00f3n sobre inquietudes\/consejos de conectividad Wifi<\/a><\/h4>\n\n\n\n<h4 class=\"wp-block-heading\" id=\"updating-the-user-interface-use-the-links-below-to-get-the-software\"><strong><span class=\"has-inline-color has-black-color\">Para actualizar la interfaz de usuario, use los enlaces a continuaci\u00f3n para obtener el software:<\/span><\/strong><\/h4>\n\n\n\n<h4 class=\"wp-block-heading\"><strong>-B Interfaz de usuario<\/strong><\/h4>\n\n\n\n<p><a href=\"https:\/\/files.hvacpartners.com\/docs\/1010\/ValCust\/0F\/sw_infinity_notes_0474.pdf\" data-type=\"link\" data-id=\"https:\/\/files.hvacpartners.com\/docs\/1010\/ValCust\/00\/sw_infinity_notes_0470.pdf\" target=\"_blank\" rel=\"noreferrer noopener\">Versi\u00f3n de interfaz de usuario 4.74 \u2013 Versi\u00f3n del operador<\/a><\/p>\n\n\n\n<p><a href=\"https:\/\/files.hvacpartners.com\/docs\/1010\/ValCust\/02\/sw_evolution_connex_notes_0474.pdf\" data-type=\"link\" data-id=\"https:\/\/files.hvacpartners.com\/docs\/1010\/ValCust\/05\/sw_evolution_connex_notes_0470.pdf\" target=\"_blank\" rel=\"noreferrer noopener\">Versi\u00f3n de interfaz de usuario 4.74 \u2013 Versi\u00f3n Bryant<\/a><\/p>\n\n\n\n<h4 class=\"wp-block-heading\"><strong>-C Interfaz de usuario<\/strong><\/h4>\n\n\n\n<p><a href=\"https:\/\/files.hvacpartners.com\/docs\/1010\/ValCust\/06\/sw_infinity_notes_C_0164.pdf\" data-type=\"link\" data-id=\"https:\/\/files.hvacpartners.com\/docs\/1010\/ValCust\/0C\/sw_infinity_notes_C_0159.pdf\" target=\"_blank\" rel=\"noreferrer noopener\">Versi\u00f3n de interfaz de usuario 1.64 - Versi\u00f3n del operador<\/a><\/p>\n\n\n\n<p><a href=\"https:\/\/files.hvacpartners.com\/docs\/1010\/ValCust\/05\/sw_evolution_connex_notes_C_0164.pdf\" data-type=\"link\" data-id=\"https:\/\/files.hvacpartners.com\/docs\/1010\/ValCust\/0A\/sw_evolution_connex_notes_C_0159.pdf\" target=\"_blank\" rel=\"noreferrer noopener\">Versi\u00f3n de interfaz de usuario 1.64 - Versi\u00f3n Bryant<\/a><\/p>\n\n\n\n<p><a href=\"https:\/\/vimeo.com\/1076726146?share=copy#t=0\" data-type=\"link\" data-id=\"https:\/\/carrierenterprise-my.sharepoint.com\/:v:\/p\/brooks_whitson\/EZzRJz8NfuJHmvARsX04ULMBNz_Td-gIBmP_TTFw8_r_xQ?e=1hQiNA\">Carga de software con unidad USB-C<\/a><\/p>\n\n\n\n<p><a href=\"https:\/\/cematraining.com\/es\/video-downloading-the-touchscreen-user-interface-software-to-a-microsd-card\/\"><span class=\"has-inline-color has-vivid-red-color\">Descarga del software de la interfaz de usuario con pantalla t\u00e1ctil a una tarjeta Micro SD<\/span>:<\/a>&nbsp;<span class=\"has-inline-color has-black-color\">C\u00f3mo descargar y colocar el software en una tarjeta Micro SD para actualizar una interfaz de usuario con los enlaces anteriores.<\/span>&nbsp;<\/p>\n\n\n\n<p><a href=\"https:\/\/cematraining.com\/es\/video-downloading-the-ui-software-to-the-microsd-card-from-myinfinitytouch-carrier-com\/\"><span class=\"has-inline-color has-vivid-red-color\">Descarga del software de la interfaz de usuario con pantalla t\u00e1ctil a una tarjeta Micro SD<\/span>:<\/a>&nbsp;<span class=\"has-inline-color has-black-color\">C\u00f3mo descargar y colocar el software en una tarjeta Micro SD para actualizar una interfaz de usuario desde myinfinitytouch.com.<\/span>&nbsp;<\/p>\n\n\n\n<p><mark style=\"background-color:rgba(0, 0, 0, 0)\" class=\"has-inline-color has-black-color\"><strong>Software de unidad exterior de \u00faltima generaci\u00f3n: <\/strong>este software tambi\u00e9n se puede agregar a su tarjeta Micro SD para actualizar el software de la unidad exterior.<\/mark><\/p>\n\n\n\n<p><a href=\"https:\/\/cematraining.com\/wp-content\/uploads\/2024\/06\/sw_infinity_notes_grnspd_1100.pdf\" data-type=\"link\" data-id=\"https:\/\/cematraining.com\/wp-content\/uploads\/2024\/06\/sw_infinity_notes_grnspd_1100.pdf\" target=\"_blank\" rel=\"noreferrer noopener\">PCM versi\u00f3n 11.0<\/a> <mark style=\"background-color:rgba(0, 0, 0, 0)\" class=\"has-inline-color has-black-color\">Versi\u00f3n m\u00e1s actual publicada <\/mark>2-7-2024 <\/p>\n\n\n\n<p><a href=\"https:\/\/cematraining.com\/es\/video-touchscreen-software-upload\/\"><span class=\"has-inline-color has-vivid-red-color\">Carga de software de pantalla t\u00e1ctil<\/span>:<\/a>&nbsp;&nbsp;<span class=\"has-inline-color has-black-color\">C\u00f3mo cargar actualizaciones de software en el control de pantalla t\u00e1ctil.&nbsp;<\/span><\/p>\n\n\n\n<p> <a href=\"https:\/\/cematraining.com\/es\/video-troubleshooting-communication-code-16\/\">C\u00f3digo 16 Fallo de comunicaci\u00f3n:<\/a> <mark style=\"background-color:rgba(0, 0, 0, 0)\" class=\"has-inline-color has-black-color\">Este video lo guiar\u00e1 a trav\u00e9s de c\u00f3mo solucionar problemas en el circuito de comunicaci\u00f3n.<\/mark> <\/p>\n\n\n\n<p><strong><span style=\"background-color:rgba(0, 0, 0, 0)\" class=\"has-inline-color has-black-color\">V\u00eddeos de Infinity\/Touchscreen Evolution\/Connex<\/span><\/strong><\/p>\n\n\n\n<p><a href=\"https:\/\/cematraining.com\/es\/video-touchscreen-start-up\/\"><span class=\"has-inline-color has-vivid-red-color\">Puesta en marcha de la pantalla t\u00e1ctil<\/span>:<\/a>&nbsp;<span class=\"has-inline-color has-black-color\">Primera secuencia de puesta en marcha.&nbsp;<\/span><\/p>\n\n\n\n<p><a href=\"https:\/\/cematraining.com\/es\/video-touchscreen-service-navigation\/\"><span class=\"has-inline-color has-vivid-red-color\">Navegaci\u00f3n de servicio con pantalla t\u00e1ctil<\/span>:<\/a>&nbsp;<span class=\"has-inline-color has-black-color\">Recorrido por las pantallas de instalaci\u00f3n\/servicio<\/span>.<\/p>\n\n\n\n<p><a href=\"https:\/\/cematraining.com\/es\/video-touchscreen-inverter-charging-screen\/\"><mark style=\"background-color:rgba(0, 0, 0, 0)\" class=\"has-inline-color has-vivid-red-color\">Pantalla de carga del inversor con pantalla t\u00e1ctil<\/mark>:<\/a>&nbsp;<mark style=\"background-color:rgba(0, 0, 0, 0)\" class=\"has-inline-color has-black-color\">&nbsp;C\u00f3mo acceder a la pantalla de carga del Inversor.<\/mark><\/p>\n\n\n\n<p><a href=\"https:\/\/cematraining.com\/es\/video-troubleshooting-communication-code-16\/\">C\u00f3digo 16 Fallo de comunicaci\u00f3n:<\/a>&nbsp;Este video lo guiar\u00e1 a trav\u00e9s de c\u00f3mo solucionar problemas en el circuito de comunicaci\u00f3n.<\/p>\n\n\n\n<p><a href=\"https:\/\/cematraining.com\/es\/static-pressure-mapping\/\">Prueba de presi\u00f3n est\u00e1tica y demostraci\u00f3n de mapeo<\/a><\/p>\n\n\n\n<h5 class=\"wp-block-heading\">Versiones anteriores de software<\/h5>\n\n\n\n<p><a href=\"https:\/\/cematraining.com\/wp-content\/uploads\/2024\/05\/sw_evolution_connex_notes_0447.pdf\" target=\"_blank\" rel=\"noreferrer noopener\">Interfaz de usuario versi\u00f3n 4.47 \u2013 versi\u00f3n Bryant<\/a><\/p>\n\n\n\n<p><a href=\"https:\/\/cematraining.com\/wp-content\/uploads\/2024\/06\/sw_infinity_notes_0456.pdf\" target=\"_blank\" rel=\"noreferrer noopener\">Versi\u00f3n de interfaz de usuario 4.56 \u2013 Versi\u00f3n del operador<\/a><\/p>\n\n\n\n<p><a href=\"https:\/\/cematraining.com\/wp-content\/uploads\/2024\/06\/sw_evolution_connex_notes_0456.pdf\" target=\"_blank\" rel=\"noreferrer noopener\">Interfaz de usuario versi\u00f3n 4.56 \u2013 versi\u00f3n Bryant<\/a><\/p>\n\n\n\n<p><a href=\"https:\/\/cematraining.com\/wp-content\/uploads\/2023\/11\/sw_infinity_notes_0447.pdf\" target=\"_blank\" rel=\"noreferrer noopener\">Versi\u00f3n de interfaz de usuario 4.47 \u2013 Versi\u00f3n del operador<\/a><\/p>\n\n\n\n<p><a href=\"https:\/\/cematraining.com\/wp-content\/uploads\/2022\/07\/sw_infinity_notes_grnspd_1000-1.pdf\" target=\"_blank\" rel=\"noreferrer noopener\">PCM versi\u00f3n 10.0 <\/a><mark style=\"background-color:rgba(0, 0, 0, 0)\" class=\"has-inline-color has-black-color\">lanzado el 7-12-2022<\/mark><\/p>","protected":false},"excerpt":{"rendered":"<p>Updating the UI for the New Infinity\/Evolution Furnaces\/Fan Coils Information about Wifi connectivity concerns\/tips Updating the User Interface use the links below to get the software: -B User Interface User Interface version 4.74 &#8211; Carrier version User Interface version 4.74 &#8211; Bryant version -C User Interface User interface version 1.64- Carrier Version User Interface version [&hellip;]<\/p>\n","protected":false},"author":2,"featured_media":0,"parent":0,"menu_order":0,"comment_status":"closed","ping_status":"closed","template":"","meta":{"_coblocks_attr":"","_coblocks_dimensions":"","_coblocks_responsive_height":"","_coblocks_accordion_ie_support":"","_uag_custom_page_level_css":"","site-sidebar-layout":"default","site-content-layout":"default","ast-site-content-layout":"default","site-content-style":"default","site-sidebar-style":"default","ast-global-header-display":"","ast-banner-title-visibility":"","ast-main-header-display":"","ast-hfb-above-header-display":"","ast-hfb-below-header-display":"","ast-hfb-mobile-header-display":"","site-post-title":"","ast-breadcrumbs-content":"","ast-featured-img":"","footer-sml-layout":"","ast-disable-related-posts":"","theme-transparent-header-meta":"default","adv-header-id-meta":"","stick-header-meta":"default","header-above-stick-meta":"","header-main-stick-meta":"","header-below-stick-meta":"","astra-migrate-meta-layouts":"set","ast-page-background-enabled":"default","ast-page-background-meta":{"desktop":{"background-color":"","background-image":"","background-repeat":"repeat","background-position":"center center","background-size":"auto","background-attachment":"scroll","background-type":"","background-media":"","overlay-type":"","overlay-color":"","overlay-opacity":"","overlay-gradient":""},"tablet":{"background-color":"","background-image":"","background-repeat":"repeat","background-position":"center center","background-size":"auto","background-attachment":"scroll","background-type":"","background-media":"","overlay-type":"","overlay-color":"","overlay-opacity":"","overlay-gradient":""},"mobile":{"background-color":"","background-image":"","background-repeat":"repeat","background-position":"center center","background-size":"auto","background-attachment":"scroll","background-type":"","background-media":"","overlay-type":"","overlay-color":"","overlay-opacity":"","overlay-gradient":""}},"ast-content-background-meta":{"desktop":{"background-color":"var(--ast-global-color-5)","background-image":"","background-repeat":"repeat","background-position":"center center","background-size":"auto","background-attachment":"scroll","background-type":"","background-media":"","overlay-type":"","overlay-color":"","overlay-opacity":"","overlay-gradient":""},"tablet":{"background-color":"var(--ast-global-color-5)","background-image":"","background-repeat":"repeat","background-position":"center center","background-size":"auto","background-attachment":"scroll","background-type":"","background-media":"","overlay-type":"","overlay-color":"","overlay-opacity":"","overlay-gradient":""},"mobile":{"background-color":"var(--ast-global-color-5)","background-image":"","background-repeat":"repeat","background-position":"center center","background-size":"auto","background-attachment":"scroll","background-type":"","background-media":"","overlay-type":"","overlay-color":"","overlay-opacity":"","overlay-gradient":""}},"footnotes":""},"class_list":["post-27584","page","type-page","status-publish","hentry"],"uagb_featured_image_src":{"full":false,"thumbnail":false,"medium":false,"medium_large":false,"large":false,"1536x1536":false,"2048x2048":false,"trp-custom-language-flag":false,"woocommerce_thumbnail":false,"woocommerce_single":false,"woocommerce_gallery_thumbnail":false},"uagb_author_info":{"display_name":"Josh Goodman","author_link":"https:\/\/cematraining.com\/es\/author\/joshg\/"},"uagb_comment_info":0,"uagb_excerpt":"Updating the UI for the New Infinity\/Evolution Furnaces\/Fan Coils Information about Wifi connectivity concerns\/tips Updating the User Interface use the links below to get the software: -B User Interface User Interface version 4.74 &#8211; Carrier version User Interface version 4.74 &#8211; Bryant version -C User Interface User interface version 1.64- Carrier Version User Interface version&hellip;","_links":{"self":[{"href":"https:\/\/cematraining.com\/es\/wp-json\/wp\/v2\/pages\/27584","targetHints":{"allow":["GET"]}}],"collection":[{"href":"https:\/\/cematraining.com\/es\/wp-json\/wp\/v2\/pages"}],"about":[{"href":"https:\/\/cematraining.com\/es\/wp-json\/wp\/v2\/types\/page"}],"author":[{"embeddable":true,"href":"https:\/\/cematraining.com\/es\/wp-json\/wp\/v2\/users\/2"}],"replies":[{"embeddable":true,"href":"https:\/\/cematraining.com\/es\/wp-json\/wp\/v2\/comments?post=27584"}],"version-history":[{"count":36,"href":"https:\/\/cematraining.com\/es\/wp-json\/wp\/v2\/pages\/27584\/revisions"}],"predecessor-version":[{"id":51381,"href":"https:\/\/cematraining.com\/es\/wp-json\/wp\/v2\/pages\/27584\/revisions\/51381"}],"wp:attachment":[{"href":"https:\/\/cematraining.com\/es\/wp-json\/wp\/v2\/media?parent=27584"}],"curies":[{"name":"gracias","href":"https:\/\/api.w.org\/{rel}","templated":true}]}}