{"id":27642,"date":"2021-01-06T10:51:00","date_gmt":"2021-01-06T15:51:00","guid":{"rendered":"http:\/\/cematraining.com\/?page_id=27642"},"modified":"2024-10-24T10:53:12","modified_gmt":"2024-10-24T14:53:12","slug":"ductless-videos","status":"publish","type":"page","link":"https:\/\/cematraining.com\/es\/ductless-videos\/","title":{"rendered":"V\u00eddeos sin conductos"},"content":{"rendered":"<p><a href=\"https:\/\/cematraining.com\/wp-content\/uploads\/2021\/06\/CEs-Carrier-Bryant-DLS-Service-Manual.pdf\" target=\"_blank\" rel=\"noreferrer noopener\">Carrier Enterprise Carrier &amp; Bryant Manual de servicio sin conductos<\/a><\/p>\n\n\n\n<div class=\"wp-block-uagb-buttons uagb-buttons__outer-wrap uagb-btn__default-btn uagb-btn-tablet__default-btn uagb-btn-mobile__default-btn uagb-block-1235cc2d\"><div class=\"uagb-buttons__wrap uagb-buttons-layout-wrap\">\n<div class=\"wp-block-uagb-buttons-child uagb-buttons__outer-wrap uagb-block-8426e19e wp-block-button\"><div class=\"uagb-button__wrapper\"><a class=\"uagb-buttons-repeater wp-block-button__link\" aria-label=\"\" href=\"https:\/\/cematraining.com\/es\/crossover-wiring-selection-tool\/\" rel=\"follow noopener\" target=\"_self\" role=\"button\"><div class=\"uagb-button__link\">Herramienta de selecci\u00f3n de cableado cruzado<\/div><\/a><\/div><\/div>\n<\/div><\/div>\n\n\n\n<div style=\"height:30px\" aria-hidden=\"true\" class=\"wp-block-spacer\"><\/div>\n\n\n\n<p><a href=\"https:\/\/vimeo.com\/1020216884\" target=\"_blank\" rel=\"noreferrer noopener\">Prueba de verificaci\u00f3n de cableado y tuber\u00edas sin conductos<\/a>:En este video ver\u00e1 c\u00f3mo puede verificar f\u00e1cilmente las tuber\u00edas y el cableado de un sistema sin ductos de m\u00faltiples cabezales.<\/p>\n\n\n\n<p><a href=\"https:\/\/cematraining.com\/es\/video-of-rectorseal-rsh-50-vrm-kit-surge-protector-voltage-range-monitor-kit\/\"><strong>NUEVO<\/strong> Rectorseal RSH 50 VRM KIT Protector contra sobretensiones\/Monitor de rango de voltaje<\/a>: En este video, ver\u00e1 c\u00f3mo configurar el kit de monitor de rango de voltaje\/protector contra sobretensiones Rectorseal RSH 50 VRM KIT<\/p>\n\n\n\n<p><a href=\"https:\/\/cematraining.com\/wp-content\/uploads\/2023\/01\/RSH-50-VRM-KIT.pdf\" target=\"_blank\" rel=\"noreferrer noopener\"><strong>NUEVO<\/strong> Rectorseal RSH 50 VRM KIT Protector contra sobrevoltaje\/Monitor de rango de voltaje Instrucciones de instalaci\u00f3n<\/a><\/p>\n\n\n\n<p><strong><mark style=\"background-color:rgba(0, 0, 0, 0)\" class=\"has-inline-color has-vivid-red-color\"> <\/mark><\/strong><mark style=\"background-color:rgba(0, 0, 0, 0)\" class=\"has-inline-color has-vivid-red-color\"><a href=\"https:\/\/cematraining.com\/es\/video-40mahb-high-wall-dls-blower-assembly-removal\/\">40MAHB Ensamblaje del soplador de pared alta\/Extracci\u00f3n de la bandeja de condensados:<\/a><\/mark> <mark style=\"background-color:rgba(0, 0, 0, 0)\" class=\"has-inline-color has-black-color\">En este video, ver\u00e1 c\u00f3mo quitar el conjunto del ventilador de la unidad de montaje en pared alta para realizar el mantenimiento y la limpieza de la unidad.<\/mark><\/p>\n\n\n\n<p><a href=\"https:\/\/cematraining.com\/es\/video-rectorseal-97622-safe-t-switch-ss610e-dls-condensate-shutoff-switch\/\">Rectorseal \u2013 97622 Safe-T-Switch SS610E DLS Interruptor de cierre de condensado Instalaci\u00f3n y servicio video:<\/a><span class=\"has-inline-color has-black-color\"> En este video, ver\u00e1 c\u00f3mo instalar el interruptor de cierre de condensaci\u00f3n en la nueva unidad de montaje en pared alta 40MAHB, adem\u00e1s de c\u00f3mo restablecer el interruptor una vez que se ha disparado.<\/span><\/p>\n\n\n\n<p><a href=\"https:\/\/cematraining.com\/es\/video-accessing-the-outdoor-unit-point-check-function-for-multi-head-systems\/\"><span class=\"has-inline-color has-vivid-red-color\">Acceso a la funci\u00f3n de verificaci\u00f3n de puntos de la unidad exterior para sistemas de cabezales m\u00faltiples<\/span><\/a>: <span class=\"has-inline-color has-black-color\">Este video le mostrar\u00e1 c\u00f3mo usar la funci\u00f3n Point Check en las unidades exteriores de cabezales m\u00faltiples para ayudar en la resoluci\u00f3n de problemas.<\/span><\/p>\n\n\n\n<p><a rel=\"noreferrer noopener\" href=\"https:\/\/cematraining.com\/wp-content\/uploads\/2020\/07\/Multi-head-Point-Check-Function-worksheet.xlsx\" target=\"_blank\"><span class=\"has-inline-color has-vivid-red-color\">Hoja de trabajo de funci\u00f3n de comprobaci\u00f3n de puntos<\/span><\/a>:<span class=\"has-inline-color has-black-color\"> Este es el archivo de Excel utilizado en el video.<\/span><\/p>\n\n\n\n<p><a href=\"https:\/\/cematraining.com\/es\/video-accessing-the-point-check-function-for-a-single-head-system\/\"><span class=\"has-inline-color has-vivid-red-color\">Acceso a la funci\u00f3n de comprobaci\u00f3n de puntos para sistemas de cabezal \u00fanico<\/span><\/a><span class=\"has-inline-color has-vivid-red-color\">:<\/span> <span class=\"has-inline-color has-black-color\">Este video le mostrar\u00e1 c\u00f3mo usar la funci\u00f3n de verificaci\u00f3n de puntos en unidades exteriores de cabezal \u00fanico para ayudar en la soluci\u00f3n de problemas.<\/span><\/p>\n\n\n\n<p><a rel=\"noreferrer noopener\" href=\"https:\/\/cematraining.com\/wp-content\/uploads\/2020\/09\/Hexdecimal.pdf\" target=\"_blank\"><span class=\"has-inline-color has-vivid-red-color\">Archivo PDF para ayudar a decodificar n\u00fameros hexadecimales<\/span><\/a>: <span class=\"has-inline-color has-black-color\">Una vez que tenga su n\u00famero hexadecimal de la pantalla. Mire esta tabla para convertir ese n\u00famero a un n\u00famero decimal y luego multiplique ese n\u00famero por 10 para las RPM del motor del ventilador. Y para el \u00e1ngulo EXV multiplica el n\u00famero decimal por 2.<\/span><\/p>\n\n\n\n<p><a href=\"https:\/\/cematraining.com\/es\/video-adjusting-the-setting-on-the-indoor-unit\/\"><mark style=\"background-color:rgba(0, 0, 0, 0)\" class=\"has-inline-color has-vivid-red-color\">Ajuste de la configuraci\u00f3n en la unidad interior con el control remoto RG57<\/mark>:<\/a> <mark style=\"background-color:rgba(0, 0, 0, 0)\" class=\"has-inline-color has-black-color\">En este video, explicaremos c\u00f3mo acceder al men\u00fa de configuraci\u00f3n de las unidades interiores sin ductos y ajustar la compensaci\u00f3n de temperatura (calibrar los sensores de temperatura).<\/mark><\/p>\n\n\n\n<p><a rel=\"noreferrer noopener\" href=\"https:\/\/cematraining.com\/wp-content\/uploads\/2020\/07\/Service-remote-0918.pdf\" target=\"_blank\"><span class=\"has-inline-color has-vivid-red-color\">Manual de servicio del control remoto inal\u00e1mbrico RG57:<\/span><\/a> <span class=\"has-inline-color has-black-color\">Este es el manual de servicio para los controles remotos inal\u00e1mbricos. Tiene informaci\u00f3n sobre c\u00f3mo verificar la configuraci\u00f3n del sistema y la funci\u00f3n de verificaci\u00f3n de puntos de la unidad interior.<\/span><\/p>\n\n\n\n<p><a href=\"https:\/\/cematraining.com\/es\/rg10_inquiry\/\">Consulta sobre el control remoto inal\u00e1mbrico RG10:<\/a> <mark style=\"background-color:rgba(0, 0, 0, 0)\" class=\"has-inline-color has-black-color\">Este video le mostrar\u00e1 c\u00f3mo usar el control remoto para acceder a la funci\u00f3n de verificaci\u00f3n de puntos de la unidad interior.<\/mark><\/p>\n\n\n\n<p><a href=\"https:\/\/cematraining.com\/wp-content\/uploads\/2022\/03\/SG-RG10-01.pdf\" target=\"_blank\" rel=\"noreferrer noopener\">Manual de servicio del control remoto inal\u00e1mbrico RG10:<\/a> <mark style=\"background-color:rgba(0, 0, 0, 0)\" class=\"has-inline-color has-black-color\">Este es el manual de servicio para los controles remotos inal\u00e1mbricos. Tiene informaci\u00f3n sobre c\u00f3mo verificar la configuraci\u00f3n del sistema y la funci\u00f3n de verificaci\u00f3n de puntos de la unidad interior.<\/mark><\/p>\n\n\n\n<p><a href=\"https:\/\/cematraining.com\/es\/video-of-using-the-rg10-remote-to-enter-the-setup-menu\/\">Ajuste de la configuraci\u00f3n en la unidad interior con el control remoto RG10:<\/a> <mark style=\"background-color:rgba(0, 0, 0, 0)\" class=\"has-inline-color has-black-color\">En este video, explicaremos c\u00f3mo acceder al men\u00fa de configuraci\u00f3n de las unidades interiores sin ductos. En este ejemplo, puede apagar el ventilador interior en modo calor, pero tambi\u00e9n ajustar todas las dem\u00e1s configuraciones y ajustar la compensaci\u00f3n de temperatura (calibrar los sensores de temperatura)<\/mark><mark style=\"background-color:rgba(0, 0, 0, 0)\" class=\"has-inline-color has-ast-global-color-8-color\">. Siga las instrucciones al pie de la letra para que funcione como se describe.<\/mark><\/p>\n\n\n\n<p><a rel=\"noreferrer noopener\" href=\"https:\/\/cematraining.com\/es\/video-dr-smart-user-guide\/\" target=\"_blank\">Herramienta de diagn\u00f3stico Dr. Smart DLS PN#17222000A55927:<\/a> <mark style=\"background-color:rgba(0, 0, 0, 0)\" class=\"has-inline-color has-black-color\">Este video le mostrar\u00e1 c\u00f3mo usar la herramienta de diagn\u00f3stico Dr. Smart DLS y brindar\u00e1 informaci\u00f3n sobre las capacidades del uso de las herramientas, al solucionar problemas en un sistema DLS.<\/mark> Esto se puede comprar en cualquier ubicaci\u00f3n de Carrier Enterprise Service\/Part Center.<\/p>\n\n\n\n<p><a href=\"https:\/\/cematraining.com\/es\/inverter-driven-compressor-diagnostics\/\"><span class=\"has-inline-color has-vivid-red-color\">Diagn\u00f3stico del compresor accionado por inversor<\/span>:<\/a> C\u00f3digo CP 04 \u2013 <span class=\"has-inline-color has-black-color\">Este video lo guiar\u00e1 a trav\u00e9s de los pasos para solucionar problemas del <\/span>Compresor e Inversor.<\/p>\n\n\n\n<p><a href=\"https:\/\/cematraining.com\/es\/video-e1-communication-fault-code\/\"><span class=\"has-inline-color has-vivid-red-color\">C\u00f3digo de falla de comunicaci\u00f3n E1<\/span>:<\/a> <span class=\"has-inline-color has-black-color\">El video cubre los pasos necesarios para solucionar un c\u00f3digo de falla de comunicaci\u00f3n y verificar el cable S.<\/span><\/p>\n\n\n\n<p><a href=\"https:\/\/cematraining.com\/es\/video-ipm-malfunction-p0-p4-or-p6-code\/\"><span class=\"has-inline-color has-vivid-red-color\">Mal funcionamiento de IPM C\u00f3digo P0, P4 o P6<\/span>:<\/a> <span class=\"has-inline-color has-black-color\">Dependiendo de su unidad, este video lo guiar\u00e1 a trav\u00e9s de los pasos para solucionar los problemas del sistema.<\/span>.<\/p>\n\n\n\n<p><a href=\"https:\/\/cematraining.com\/es\/video-indoor-outdoor-fan-motors-e3-e8-or-f5-code\/\"><span class=\"has-inline-color has-vivid-red-color\">C\u00f3digo de motores de ventilador interior\/exterior E3, E8, F5<\/span>:<\/a> <span class=\"has-inline-color has-black-color\">Dependiendo de su unidad, estos videos lo guiar\u00e1n a trav\u00e9s de los pasos para solucionar los diferentes tipos de motores de ventiladores para interiores y exteriores en sistemas sin conductos.<\/span><\/p>\n\n\n\n<p class=\"has-black-color has-text-color\"><mark style=\"background-color:rgba(0, 0, 0, 0)\" class=\"has-inline-color has-vivid-red-color\"><a href=\"https:\/\/cematraining.com\/es\/video-the-diamond-pump-installation\/\">Instalaci\u00f3n de bomba de diamante<\/a>:<\/mark>&nbsp;<mark style=\"background-color:rgba(0, 0, 0, 0)\" class=\"has-inline-color has-black-color\">Este video detalla los pasos necesarios para instalar correctamente una bomba Blue Diamond en un controlador de aire de pared alta Carrier Ductless.&nbsp;<\/mark><\/p>","protected":false},"excerpt":{"rendered":"<p>Carrier Enterprise Carrier &amp; Bryant Ductless Service Manual Ductless Piping\/Wiring Verification test: In this video you will see how you can easily verify your piping and wiring of a multi head ductless system. NEW Rectorseal RSH 50 VRM KIT Surge Protector\/Voltage Range Monitor Kit: In this video you will see how to setup the Rectorseal [&hellip;]<\/p>\n","protected":false},"author":2,"featured_media":0,"parent":0,"menu_order":0,"comment_status":"closed","ping_status":"closed","template":"","meta":{"_coblocks_attr":"","_coblocks_dimensions":"","_coblocks_responsive_height":"","_coblocks_accordion_ie_support":"","_uag_custom_page_level_css":"","site-sidebar-layout":"default","site-content-layout":"default","ast-site-content-layout":"default","site-content-style":"default","site-sidebar-style":"default","ast-global-header-display":"","ast-banner-title-visibility":"","ast-main-header-display":"","ast-hfb-above-header-display":"","ast-hfb-below-header-display":"","ast-hfb-mobile-header-display":"","site-post-title":"","ast-breadcrumbs-content":"","ast-featured-img":"","footer-sml-layout":"","ast-disable-related-posts":"","theme-transparent-header-meta":"default","adv-header-id-meta":"","stick-header-meta":"default","header-above-stick-meta":"","header-main-stick-meta":"","header-below-stick-meta":"","astra-migrate-meta-layouts":"set","ast-page-background-enabled":"default","ast-page-background-meta":{"desktop":{"background-color":"","background-image":"","background-repeat":"repeat","background-position":"center center","background-size":"auto","background-attachment":"scroll","background-type":"","background-media":"","overlay-type":"","overlay-color":"","overlay-opacity":"","overlay-gradient":""},"tablet":{"background-color":"","background-image":"","background-repeat":"repeat","background-position":"center center","background-size":"auto","background-attachment":"scroll","background-type":"","background-media":"","overlay-type":"","overlay-color":"","overlay-opacity":"","overlay-gradient":""},"mobile":{"background-color":"","background-image":"","background-repeat":"repeat","background-position":"center center","background-size":"auto","background-attachment":"scroll","background-type":"","background-media":"","overlay-type":"","overlay-color":"","overlay-opacity":"","overlay-gradient":""}},"ast-content-background-meta":{"desktop":{"background-color":"var(--ast-global-color-5)","background-image":"","background-repeat":"repeat","background-position":"center center","background-size":"auto","background-attachment":"scroll","background-type":"","background-media":"","overlay-type":"","overlay-color":"","overlay-opacity":"","overlay-gradient":""},"tablet":{"background-color":"var(--ast-global-color-5)","background-image":"","background-repeat":"repeat","background-position":"center center","background-size":"auto","background-attachment":"scroll","background-type":"","background-media":"","overlay-type":"","overlay-color":"","overlay-opacity":"","overlay-gradient":""},"mobile":{"background-color":"var(--ast-global-color-5)","background-image":"","background-repeat":"repeat","background-position":"center center","background-size":"auto","background-attachment":"scroll","background-type":"","background-media":"","overlay-type":"","overlay-color":"","overlay-opacity":"","overlay-gradient":""}},"footnotes":""},"class_list":["post-27642","page","type-page","status-publish","hentry"],"uagb_featured_image_src":{"full":false,"thumbnail":false,"medium":false,"medium_large":false,"large":false,"1536x1536":false,"2048x2048":false,"trp-custom-language-flag":false,"woocommerce_thumbnail":false,"woocommerce_single":false,"woocommerce_gallery_thumbnail":false},"uagb_author_info":{"display_name":"Josh Goodman","author_link":"https:\/\/cematraining.com\/es\/author\/joshg\/"},"uagb_comment_info":0,"uagb_excerpt":"Carrier Enterprise Carrier &amp; Bryant Ductless Service Manual Ductless Piping\/Wiring Verification test: In this video you will see how you can easily verify your piping and wiring of a multi head ductless system. NEW Rectorseal RSH 50 VRM KIT Surge Protector\/Voltage Range Monitor Kit: In this video you will see how to setup the Rectorseal&hellip;","_links":{"self":[{"href":"https:\/\/cematraining.com\/es\/wp-json\/wp\/v2\/pages\/27642","targetHints":{"allow":["GET"]}}],"collection":[{"href":"https:\/\/cematraining.com\/es\/wp-json\/wp\/v2\/pages"}],"about":[{"href":"https:\/\/cematraining.com\/es\/wp-json\/wp\/v2\/types\/page"}],"author":[{"embeddable":true,"href":"https:\/\/cematraining.com\/es\/wp-json\/wp\/v2\/users\/2"}],"replies":[{"embeddable":true,"href":"https:\/\/cematraining.com\/es\/wp-json\/wp\/v2\/comments?post=27642"}],"version-history":[{"count":8,"href":"https:\/\/cematraining.com\/es\/wp-json\/wp\/v2\/pages\/27642\/revisions"}],"predecessor-version":[{"id":51174,"href":"https:\/\/cematraining.com\/es\/wp-json\/wp\/v2\/pages\/27642\/revisions\/51174"}],"wp:attachment":[{"href":"https:\/\/cematraining.com\/es\/wp-json\/wp\/v2\/media?parent=27642"}],"curies":[{"name":"gracias","href":"https:\/\/api.w.org\/{rel}","templated":true}]}}