{"id":27646,"date":"2021-01-06T10:53:53","date_gmt":"2021-01-06T15:53:53","guid":{"rendered":"http:\/\/cematraining.com\/?page_id=27646"},"modified":"2024-07-05T10:50:36","modified_gmt":"2024-07-05T14:50:36","slug":"troubleshooting-videos","status":"publish","type":"page","link":"https:\/\/cematraining.com\/es\/troubleshooting-videos\/","title":{"rendered":"V\u00eddeos de soluci\u00f3n de problemas"},"content":{"rendered":"<div class=\"wp-block-media-text alignwide has-media-on-the-right is-stacked-on-mobile is-image-fill is-style-default\"><figure class=\"wp-block-media-text__media\" style=\"background-image:url(https:\/\/cematraining.com\/wp-content\/uploads\/2021\/01\/Carrier_3_RearViewSeeThrough-v4.png);background-position:50% 50%\"><a href=\"https:\/\/cematraining.com\/es\/variable-speed-systems\/\"><img decoding=\"async\" src=\"https:\/\/cematraining.com\/wp-content\/uploads\/2021\/01\/Carrier_3_RearViewSeeThrough-v4.png\" alt=\"\" class=\"wp-image-27730 size-full\"\/><\/a><\/figure><div class=\"wp-block-media-text__content\">\n<p><a href=\"https:\/\/cematraining.com\/es\/variable-speed-systems\/\"><span class=\"has-inline-color has-vivid-red-color\"><strong>V\u00eddeos del sistema de velocidad variable<\/strong><\/span><\/a> \u2013 Aqu\u00ed encontrar\u00e1 videos sobre c\u00f3mo cargar actualizaciones de software en la interfaz de usuario y las unidades exteriores. Tambi\u00e9n podr\u00e1 ver videos cortos sobre c\u00f3digos de falla. Y c\u00f3mo solucionar problemas de componentes dentro de los sistemas de velocidad variable. Junto con manuales de servicio para sistemas de velocidad variable<\/p>\n<\/div><\/div>\n\n\n\n<div class=\"wp-block-media-text alignwide is-stacked-on-mobile is-image-fill\"><figure class=\"wp-block-media-text__media\" style=\"background-image:url(https:\/\/cematraining.com\/wp-content\/uploads\/2021\/01\/Infinity-System-Control-Series-B-Left.jpg);background-position:48% 46%\"><img loading=\"lazy\" decoding=\"async\" width=\"1920\" height=\"1809\" src=\"https:\/\/cematraining.com\/wp-content\/uploads\/2021\/01\/Infinity-System-Control-Series-B-Left.jpg\" alt=\"\" class=\"wp-image-28443 size-full\" srcset=\"https:\/\/cematraining.com\/wp-content\/uploads\/2021\/01\/Infinity-System-Control-Series-B-Left.jpg 1920w, https:\/\/cematraining.com\/wp-content\/uploads\/2021\/01\/Infinity-System-Control-Series-B-Left-600x565.jpg 600w, https:\/\/cematraining.com\/wp-content\/uploads\/2021\/01\/Infinity-System-Control-Series-B-Left-300x283.jpg 300w, https:\/\/cematraining.com\/wp-content\/uploads\/2021\/01\/Infinity-System-Control-Series-B-Left-1024x965.jpg 1024w, https:\/\/cematraining.com\/wp-content\/uploads\/2021\/01\/Infinity-System-Control-Series-B-Left-768x724.jpg 768w\" sizes=\"auto, (max-width: 1920px) 100vw, 1920px\" \/><\/figure><div class=\"wp-block-media-text__content\">\n<p><strong><a href=\"https:\/\/cematraining.com\/es\/user-interface\/\"><span class=\"has-inline-color has-vivid-red-color\">V\u00eddeo de la interfaz de usuario<\/span><\/a><\/strong><a href=\"https:\/\/cematraining.com\/es\/commercial-hvac-videos\/\"><strong><span class=\"has-inline-color has-vivid-red-color\">s<\/span><\/strong><\/a> \u2013 Aqu\u00ed encontrar\u00e1 videos sobre c\u00f3mo usar la interfaz de usuario. Junto con c\u00f3mo descargar y actualizar el software en la interfaz de usuario.<\/p>\n<\/div><\/div>\n\n\n\n<div class=\"wp-block-media-text alignwide has-media-on-the-right is-stacked-on-mobile is-image-fill\"><figure class=\"wp-block-media-text__media\" style=\"background-image:url(https:\/\/cematraining.com\/wp-content\/uploads\/2020\/03\/38MHR_2_400x400.jpg);background-position:50% 20%\"><a href=\"https:\/\/cematraining.com\/es\/ductless-videos\/\"><img loading=\"lazy\" decoding=\"async\" width=\"400\" height=\"400\" src=\"https:\/\/cematraining.com\/wp-content\/uploads\/2020\/03\/38MHR_2_400x400.jpg\" alt=\"\" class=\"wp-image-1292 size-full\" srcset=\"https:\/\/cematraining.com\/wp-content\/uploads\/2020\/03\/38MHR_2_400x400.jpg 400w, https:\/\/cematraining.com\/wp-content\/uploads\/2020\/03\/38MHR_2_400x400-300x300.jpg 300w, https:\/\/cematraining.com\/wp-content\/uploads\/2020\/03\/38MHR_2_400x400-100x100.jpg 100w, https:\/\/cematraining.com\/wp-content\/uploads\/2020\/03\/38MHR_2_400x400-150x150.jpg 150w, https:\/\/cematraining.com\/wp-content\/uploads\/2020\/03\/38MHR_2_400x400-360x360.jpg 360w\" sizes=\"auto, (max-width: 400px) 100vw, 400px\" \/><\/a><\/figure><div class=\"wp-block-media-text__content\">\n<p><a href=\"https:\/\/cematraining.com\/es\/ductless-videos\/\"><span class=\"has-inline-color has-vivid-red-color\"><strong>V\u00eddeos sin conductos<\/strong><\/span><\/a> \u2013 Aqu\u00ed puede encontrar videos sobre c\u00f3mo recuperar informaci\u00f3n de las pantallas de los sistemas sin ductos. Adem\u00e1s de c\u00f3mo ajustar la configuraci\u00f3n dentro de los sistemas sin conductos. Y videos sobre c\u00f3mo solucionar los c\u00f3digos de falla del sistema sin ductos.<\/p>\n<\/div><\/div>\n\n\n\n<div class=\"wp-block-media-text alignwide is-stacked-on-mobile is-image-fill\"><figure class=\"wp-block-media-text__media\" style=\"background-image:url(https:\/\/cematraining.com\/wp-content\/uploads\/2021\/01\/infinity_98-597x1024.jpg);background-position:50% 20%\"><a href=\"https:\/\/cematraining.com\/es\/gas-furnace-videos\/\"><img loading=\"lazy\" decoding=\"async\" width=\"597\" height=\"1024\" src=\"https:\/\/cematraining.com\/wp-content\/uploads\/2021\/01\/infinity_98-597x1024.jpg\" alt=\"\" class=\"wp-image-27740 size-full\" srcset=\"https:\/\/cematraining.com\/wp-content\/uploads\/2021\/01\/infinity_98-597x1024.jpg 597w, https:\/\/cematraining.com\/wp-content\/uploads\/2021\/01\/infinity_98-600x1029.jpg 600w, https:\/\/cematraining.com\/wp-content\/uploads\/2021\/01\/infinity_98-175x300.jpg 175w, https:\/\/cematraining.com\/wp-content\/uploads\/2021\/01\/infinity_98.jpg 604w\" sizes=\"auto, (max-width: 597px) 100vw, 597px\" \/><\/a><\/figure><div class=\"wp-block-media-text__content\">\n<p><a href=\"https:\/\/cematraining.com\/es\/gas-furnace-videos\/\"><span class=\"has-inline-color has-vivid-red-color\"><strong>V\u00eddeos de hornos de gas<\/strong><\/span><\/a> \u2013 Aqu\u00ed encontrar\u00e1 videos sobre c\u00f3mo solucionar c\u00f3digos de falla y otros videos de servicio de hornos de gas.<\/p>\n<\/div><\/div>\n\n\n\n<div class=\"wp-block-media-text alignwide has-media-on-the-right is-stacked-on-mobile\"><figure class=\"wp-block-media-text__media\"><a href=\"https:\/\/cematraining.com\/es\/commercial-hvac-videos\/\"><img loading=\"lazy\" decoding=\"async\" width=\"1024\" height=\"549\" src=\"https:\/\/cematraining.com\/wp-content\/uploads\/2021\/01\/LCU-1024x549.jpg\" alt=\"\" class=\"wp-image-27756 size-full\" srcset=\"https:\/\/cematraining.com\/wp-content\/uploads\/2021\/01\/LCU-1024x549.jpg 1024w, https:\/\/cematraining.com\/wp-content\/uploads\/2021\/01\/LCU-600x322.jpg 600w, https:\/\/cematraining.com\/wp-content\/uploads\/2021\/01\/LCU-300x161.jpg 300w, https:\/\/cematraining.com\/wp-content\/uploads\/2021\/01\/LCU-768x412.jpg 768w, https:\/\/cematraining.com\/wp-content\/uploads\/2021\/01\/LCU-1536x824.jpg 1536w, https:\/\/cematraining.com\/wp-content\/uploads\/2021\/01\/LCU-400x215.jpg 400w, https:\/\/cematraining.com\/wp-content\/uploads\/2021\/01\/LCU.jpg 1600w\" sizes=\"auto, (max-width: 1024px) 100vw, 1024px\" \/><\/a><\/figure><div class=\"wp-block-media-text__content\">\n<p><a href=\"https:\/\/cematraining.com\/es\/commercial-hvac-videos\/\"><span class=\"has-inline-color has-vivid-red-color\"><strong>V\u00eddeos Comerciales<\/strong><\/span><\/a> \u2013 V\u00eddeos sobre sistemas comerciales ligeros y manuales de recursos<\/p>\n<\/div><\/div>\n\n\n\n<div class=\"wp-block-media-text alignwide is-stacked-on-mobile is-image-fill\"><figure class=\"wp-block-media-text__media\" style=\"background-image:url(https:\/\/cematraining.com\/wp-content\/uploads\/2021\/01\/hvac-service.jpg);background-position:50% 50%\"><a href=\"https:\/\/cematraining.com\/es\/general-hvac-videos\/\"><img loading=\"lazy\" decoding=\"async\" width=\"800\" height=\"479\" src=\"https:\/\/cematraining.com\/wp-content\/uploads\/2021\/01\/hvac-service.jpg\" alt=\"\" class=\"wp-image-27751 size-full\" srcset=\"https:\/\/cematraining.com\/wp-content\/uploads\/2021\/01\/hvac-service.jpg 800w, https:\/\/cematraining.com\/wp-content\/uploads\/2021\/01\/hvac-service-600x359.jpg 600w, https:\/\/cematraining.com\/wp-content\/uploads\/2021\/01\/hvac-service-300x180.jpg 300w, https:\/\/cematraining.com\/wp-content\/uploads\/2021\/01\/hvac-service-768x460.jpg 768w, https:\/\/cematraining.com\/wp-content\/uploads\/2021\/01\/hvac-service-400x240.jpg 400w\" sizes=\"auto, (max-width: 800px) 100vw, 800px\" \/><\/a><\/figure><div class=\"wp-block-media-text__content\">\n<p><a href=\"https:\/\/cematraining.com\/es\/general-hvac-videos\/\"><span class=\"has-inline-color has-vivid-red-color\"><strong>V\u00eddeos generales de climatizaci\u00f3n<\/strong><\/span><\/a> \u2013 Videos sobre los principios b\u00e1sicos de HVAC y las tareas utilizadas en la industria de HVAC<\/p>\n<\/div><\/div>\n\n\n\n<div class=\"wp-block-media-text alignwide has-media-on-the-right is-stacked-on-mobile is-image-fill\"><figure class=\"wp-block-media-text__media\" style=\"background-image:url(https:\/\/cematraining.com\/wp-content\/uploads\/2020\/04\/Picture1-1024x924.jpg);background-position:50% 50%\"><a href=\"https:\/\/cematraining.com\/es\/commercial-hvac-videos\/\"><img loading=\"lazy\" decoding=\"async\" width=\"1024\" height=\"924\" src=\"https:\/\/cematraining.com\/wp-content\/uploads\/2020\/04\/Picture1-1024x924.jpg\" alt=\"\" class=\"wp-image-1868 size-full\" srcset=\"https:\/\/cematraining.com\/wp-content\/uploads\/2020\/04\/Picture1-1024x924.jpg 1024w, https:\/\/cematraining.com\/wp-content\/uploads\/2020\/04\/Picture1-600x541.jpg 600w, https:\/\/cematraining.com\/wp-content\/uploads\/2020\/04\/Picture1-300x271.jpg 300w, https:\/\/cematraining.com\/wp-content\/uploads\/2020\/04\/Picture1-768x693.jpg 768w, https:\/\/cematraining.com\/wp-content\/uploads\/2020\/04\/Picture1-333x300.jpg 333w, https:\/\/cematraining.com\/wp-content\/uploads\/2020\/04\/Picture1.jpg 1247w\" sizes=\"auto, (max-width: 1024px) 100vw, 1024px\" \/><\/a><\/figure><div class=\"wp-block-media-text__content\">\n<p><a href=\"https:\/\/cematraining.com\/es\/installation-videos\/\"><span class=\"has-inline-color has-vivid-red-color\"><strong>V\u00eddeos de instalaci\u00f3n<\/strong><\/span> <\/a>\u2013 Videos sobre los procedimientos de instalaci\u00f3n en los hornos de gas y fancoils residenciales de CBP.<\/p>\n<\/div><\/div>","protected":false},"excerpt":{"rendered":"<p>Variable Speed System Videos &#8211; Here you will find videos on how to upload software updates to the User Interface and the Outdoor units. You will also be able to view short videos on fault codes. And how to troubleshoot components within Variable Speed systems. Along with Service Manuals for Variable Speed Systems User Interface [&hellip;]<\/p>\n","protected":false},"author":2,"featured_media":0,"parent":0,"menu_order":0,"comment_status":"closed","ping_status":"closed","template":"","meta":{"_coblocks_attr":"","_coblocks_dimensions":"","_coblocks_responsive_height":"","_coblocks_accordion_ie_support":"","_uag_custom_page_level_css":"","site-sidebar-layout":"default","site-content-layout":"default","ast-site-content-layout":"default","site-content-style":"default","site-sidebar-style":"default","ast-global-header-display":"","ast-banner-title-visibility":"","ast-main-header-display":"","ast-hfb-above-header-display":"","ast-hfb-below-header-display":"","ast-hfb-mobile-header-display":"","site-post-title":"","ast-breadcrumbs-content":"","ast-featured-img":"","footer-sml-layout":"","ast-disable-related-posts":"","theme-transparent-header-meta":"default","adv-header-id-meta":"","stick-header-meta":"default","header-above-stick-meta":"","header-main-stick-meta":"","header-below-stick-meta":"","astra-migrate-meta-layouts":"default","ast-page-background-enabled":"default","ast-page-background-meta":{"desktop":{"background-color":"","background-image":"","background-repeat":"repeat","background-position":"center center","background-size":"auto","background-attachment":"scroll","background-type":"","background-media":"","overlay-type":"","overlay-color":"","overlay-opacity":"","overlay-gradient":""},"tablet":{"background-color":"","background-image":"","background-repeat":"repeat","background-position":"center center","background-size":"auto","background-attachment":"scroll","background-type":"","background-media":"","overlay-type":"","overlay-color":"","overlay-opacity":"","overlay-gradient":""},"mobile":{"background-color":"","background-image":"","background-repeat":"repeat","background-position":"center center","background-size":"auto","background-attachment":"scroll","background-type":"","background-media":"","overlay-type":"","overlay-color":"","overlay-opacity":"","overlay-gradient":""}},"ast-content-background-meta":{"desktop":{"background-color":"var(--ast-global-color-5)","background-image":"","background-repeat":"repeat","background-position":"center center","background-size":"auto","background-attachment":"scroll","background-type":"","background-media":"","overlay-type":"","overlay-color":"","overlay-opacity":"","overlay-gradient":""},"tablet":{"background-color":"var(--ast-global-color-5)","background-image":"","background-repeat":"repeat","background-position":"center center","background-size":"auto","background-attachment":"scroll","background-type":"","background-media":"","overlay-type":"","overlay-color":"","overlay-opacity":"","overlay-gradient":""},"mobile":{"background-color":"var(--ast-global-color-5)","background-image":"","background-repeat":"repeat","background-position":"center center","background-size":"auto","background-attachment":"scroll","background-type":"","background-media":"","overlay-type":"","overlay-color":"","overlay-opacity":"","overlay-gradient":""}},"footnotes":""},"class_list":["post-27646","page","type-page","status-publish","hentry"],"uagb_featured_image_src":{"full":false,"thumbnail":false,"medium":false,"medium_large":false,"large":false,"1536x1536":false,"2048x2048":false,"trp-custom-language-flag":false,"woocommerce_thumbnail":false,"woocommerce_single":false,"woocommerce_gallery_thumbnail":false},"uagb_author_info":{"display_name":"Josh Goodman","author_link":"https:\/\/cematraining.com\/es\/author\/joshg\/"},"uagb_comment_info":0,"uagb_excerpt":"Variable Speed System Videos &#8211; Here you will find videos on how to upload software updates to the User Interface and the Outdoor units. You will also be able to view short videos on fault codes. And how to troubleshoot components within Variable Speed systems. Along with Service Manuals for Variable Speed Systems User Interface&hellip;","_links":{"self":[{"href":"https:\/\/cematraining.com\/es\/wp-json\/wp\/v2\/pages\/27646","targetHints":{"allow":["GET"]}}],"collection":[{"href":"https:\/\/cematraining.com\/es\/wp-json\/wp\/v2\/pages"}],"about":[{"href":"https:\/\/cematraining.com\/es\/wp-json\/wp\/v2\/types\/page"}],"author":[{"embeddable":true,"href":"https:\/\/cematraining.com\/es\/wp-json\/wp\/v2\/users\/2"}],"replies":[{"embeddable":true,"href":"https:\/\/cematraining.com\/es\/wp-json\/wp\/v2\/comments?post=27646"}],"version-history":[{"count":1,"href":"https:\/\/cematraining.com\/es\/wp-json\/wp\/v2\/pages\/27646\/revisions"}],"predecessor-version":[{"id":50895,"href":"https:\/\/cematraining.com\/es\/wp-json\/wp\/v2\/pages\/27646\/revisions\/50895"}],"wp:attachment":[{"href":"https:\/\/cematraining.com\/es\/wp-json\/wp\/v2\/media?parent=27646"}],"curies":[{"name":"gracias","href":"https:\/\/api.w.org\/{rel}","templated":true}]}}