{"id":346,"date":"2019-08-07T19:16:59","date_gmt":"2019-08-08T02:16:59","guid":{"rendered":"http:\/\/cematraining.com\/?page_id=346"},"modified":"2024-07-05T10:50:43","modified_gmt":"2024-07-05T14:50:43","slug":"service-manuals-troubleshooting-resources","status":"publish","type":"page","link":"https:\/\/cematraining.com\/es\/service-manuals-troubleshooting-resources\/","title":{"rendered":"Manuales de servicio y recursos de soluci\u00f3n de problemas"},"content":{"rendered":"<h3 class=\"has-text-align-center has-black-color has-text-color wp-block-heading\">Los manuales de servicio a continuaci\u00f3n son solo para referencia r\u00e1pida, para obtener la versi\u00f3n m\u00e1s reciente de los documentos, visite HVACpartners seleccionando su marca a continuaci\u00f3n. <\/h3>\n\n\n\n<div class=\"wp-block-columns is-layout-flex wp-container-core-columns-is-layout-28f84493 wp-block-columns-is-layout-flex\">\n<div class=\"wp-block-column is-layout-flow wp-block-column-is-layout-flow\">\n<figure class=\"wp-block-image aligncenter size-large is-resized\"><a href=\"http:\/\/carrier.hvacpartners.com\/home\" target=\"_blank\" rel=\"noopener\"><img loading=\"lazy\" decoding=\"async\" src=\"https:\/\/cesctechsupport.com\/wp-content\/uploads\/2022\/03\/carrier_experts_logo_300-1024x579.png\" alt=\"\" class=\"wp-image-455\" width=\"154\" height=\"87\"\/><\/a><\/figure>\n<\/div>\n\n\n\n<div class=\"wp-block-column is-layout-flow wp-block-column-is-layout-flow\">\n<figure class=\"wp-block-image aligncenter size-full is-resized\"><a href=\"http:\/\/bryant.hvacpartners.com\/home\" target=\"_blank\" rel=\"noopener\"><img loading=\"lazy\" decoding=\"async\" src=\"https:\/\/cesctechsupport.com\/wp-content\/uploads\/2022\/03\/Brant-Logo.jpg\" alt=\"\" class=\"wp-image-456\" width=\"154\" height=\"92\"\/><\/a><\/figure>\n<\/div>\n<\/div>\n\n\n\n<h4 class=\"wp-block-heading\" id=\"variable-speed-systems\"><strong><span class=\"has-inline-color has-black-color\">Sistemas de velocidad variable<\/span><\/strong><\/h4>\n\n\n\n<section class=\"wp-block-uagb-columns uagb-columns__wrap uagb-columns__stack-mobile uagb-columns__valign- uagb-columns__gap-10 align uagb-block-4d6d223c uagb-columns__columns-2 uagb-columns__max_width-theme\"><div class=\"uagb-columns__overlay\"><\/div><div class=\"uagb-columns__inner-wrap uagb-columns__columns-2\">\n<div class=\"wp-block-uagb-column uagb-column__wrap uagb-column__background-undefined uagb-block-2370f3b9\"><div class=\"uagb-column__overlay\"><\/div>\n<p><mark style=\"background-color:rgba(0, 0, 0, 0)\" class=\"has-inline-color has-black-color\">Manual de servicio de Carrier Next Generation Greenspeed<\/mark> <a rel=\"noreferrer noopener\" href=\"https:\/\/cematraining.com\/wp-content\/uploads\/2020\/08\/24VNA6-25VNA4-1SM.pdf\" target=\"_blank\">AQU\u00cd<\/a><\/p>\n\n\n\n<p><mark style=\"background-color:rgba(0, 0, 0, 0)\" class=\"has-inline-color has-black-color\">Manual de servicio de Carrier Greenspeed<\/mark> <a rel=\"noreferrer noopener\" href=\"https:\/\/cematraining.com\/wp-content\/uploads\/2020\/02\/24VNA0-25VNA0-1SM.pdf\" target=\"_blank\">AQU\u00cd<\/a><\/p>\n\n\n\n<p><mark style=\"background-color:rgba(0, 0, 0, 0)\" class=\"has-inline-color has-black-color\">Carrier 5-Stage VS18\/19 Manual de servicio<\/mark> <a rel=\"noreferrer noopener\" href=\"https:\/\/cematraining.com\/wp-content\/uploads\/2020\/02\/25VNA8-24VNA9-4SM.pdf\" target=\"_blank\">AQU\u00cd<\/a><\/p>\n\n\n\n<p><mark style=\"background-color:rgba(0, 0, 0, 0)\" class=\"has-inline-color has-black-color\">Manual de servicio de bobinas de ventilador <\/mark><a rel=\"noreferrer noopener\" href=\"https:\/\/cematraining.com\/wp-content\/uploads\/2020\/02\/SM-FANCOIL-07.pdf\" target=\"_blank\">AQU\u00cd<\/a><\/p>\n\n\n\n<p><mark style=\"background-color:rgba(0, 0, 0, 0)\" class=\"has-inline-color has-black-color\">Manual de servicio de la interfaz de usuario con pantalla t\u00e1ctil<\/mark> <a rel=\"noreferrer noopener\" href=\"https:\/\/cematraining.com\/wp-content\/uploads\/2021\/01\/SYSTXCCITC-08SI.pdf\" target=\"_blank\">AQU\u00cd<\/a><\/p>\n<\/div>\n\n\n\n<div class=\"wp-block-uagb-column uagb-column__wrap uagb-column__background-undefined uagb-block-6262f968\"><div class=\"uagb-column__overlay\"><\/div>\n<p><mark style=\"background-color:rgba(0, 0, 0, 0)\" class=\"has-inline-color has-black-color\">Bryant Next Generation Evolution Manual de servicio extremo<\/mark> <a rel=\"noreferrer noopener\" href=\"https:\/\/cematraining.com\/wp-content\/uploads\/2020\/08\/SM186CNV-284ANV-01.pdf\" target=\"_blank\">AQU\u00cd<\/a><\/p>\n\n\n\n<p><mark style=\"background-color:rgba(0, 0, 0, 0)\" class=\"has-inline-color has-black-color\">Bryant evoluci\u00f3n extrema manual de servicio<\/mark> <a rel=\"noreferrer noopener\" href=\"https:\/\/cematraining.com\/wp-content\/uploads\/2020\/02\/SM180CNV-280ANV-01.pdf\" target=\"_blank\">AQU\u00cd<\/a><\/p>\n\n\n\n<p><mark style=\"background-color:rgba(0, 0, 0, 0)\" class=\"has-inline-color has-black-color\">Manual de servicio de 5 etapas Bryant Evolution<\/mark> <a rel=\"noreferrer noopener\" href=\"https:\/\/cematraining.com\/wp-content\/uploads\/2020\/02\/SM288BNV-189BNV-04.pdf\" target=\"_blank\">AQU\u00cd<\/a><\/p>\n\n\n\n<p><mark style=\"background-color:rgba(0, 0, 0, 0)\" class=\"has-inline-color has-white-color\"> ahorrador de espacio<\/mark><\/p>\n\n\n\n<p><mark style=\"background-color:rgba(0, 0, 0, 0)\" class=\"has-inline-color has-black-color\">Interfaz de usuario de primera generaci\u00f3n SYSTXCCUIZ Manual de servicio<\/mark> <a rel=\"noreferrer noopener\" href=\"https:\/\/cematraining.com\/wp-content\/uploads\/2020\/12\/Old-Infinity-controller-UIZ01-5SI.pdf\" target=\"_blank\">AQU\u00cd<\/a> <mark style=\"background-color:rgba(0, 0, 0, 0)\" class=\"has-inline-color has-black-color\">(Modelo rectangular con puerta abatible)<\/mark><\/p>\n<\/div>\n<\/div><\/section>\n\n\n\n<h4 class=\"wp-block-heading\" id=\"residential-outdoor-units\"><strong><span class=\"has-inline-color has-black-color\">Unidades exteriores residenciales<\/span><\/strong><\/h4>\n\n\n\n<p><mark style=\"background-color:rgba(0, 0, 0, 0)\" class=\"has-inline-color has-black-color\">Manual de servicio R-22 y Puron para todas las dem\u00e1s unidades exteriores<\/mark> <a rel=\"noreferrer noopener\" href=\"https:\/\/cematraining.com\/wp-content\/uploads\/2021\/03\/24-25-8SM.pdf\" target=\"_blank\">AQU\u00cd<\/a><\/p>\n\n\n\n<h4 class=\"wp-block-heading\" id=\"residential-outdoor-units\"><strong><mark style=\"background-color:rgba(0, 0, 0, 0)\" class=\"has-inline-color has-black-color\">Hornos de gas<\/mark><\/strong><\/h4>\n\n\n\n<div class=\"wp-block-columns is-layout-flex wp-container-core-columns-is-layout-28f84493 wp-block-columns-is-layout-flex\">\n<div class=\"wp-block-column is-layout-flow wp-block-column-is-layout-flow\">\n<p><mark style=\"background-color:rgba(0, 0, 0, 0)\" class=\"has-inline-color has-black-color\">Manual de servicio del horno de gas de modulaci\u00f3n Carrier 59MN7<\/mark> <a rel=\"noreferrer noopener\" href=\"https:\/\/cematraining.com\/wp-content\/uploads\/2021\/11\/59MN7A-01T.pdf\" data-type=\"URL\" data-id=\"cematraining.com\/wp-content\/uploads\/2021\/11\/59MN7A-01T.pdf\" target=\"_blank\">AQU\u00cd<\/a><\/p>\n<\/div>\n\n\n\n<div class=\"wp-block-column is-layout-flow wp-block-column-is-layout-flow\">\n<p><mark style=\"background-color:rgba(0, 0, 0, 0)\" class=\"has-inline-color has-black-color\">Manual de servicio del horno de gas de modulaci\u00f3n Bryant 987M<\/mark> <a href=\"https:\/\/cematraining.com\/wp-content\/uploads\/2021\/11\/987MA-01T.pdf\">AQU\u00cd<\/a><\/p>\n<\/div>\n<\/div>\n\n\n\n<h4 class=\"wp-block-heading\" id=\"ductless-systems\"><strong><span class=\"has-inline-color has-black-color\">Sistemas sin ductos<\/span><\/strong><\/h4>\n\n\n\n<p><a href=\"https:\/\/cematraining.com\/wp-content\/uploads\/2021\/06\/CEs-Carrier-Bryant-DLS-Service-Manual.pdf\" target=\"_blank\" rel=\"noreferrer noopener\">Carrier Enterprise Carrier &amp; Bryant Manual de servicio sin conductos<\/a><\/p>\n\n\n\n<section class=\"wp-block-uagb-columns uagb-columns__wrap uagb-columns__stack-mobile uagb-columns__valign- uagb-columns__gap-10 align uagb-block-fc2c23f8 uagb-columns__columns-2 uagb-columns__max_width-theme\"><div class=\"uagb-columns__overlay\"><\/div><div class=\"uagb-columns__inner-wrap uagb-columns__columns-2\">\n<div class=\"wp-block-uagb-column uagb-column__wrap uagb-column__background-undefined uagb-block-23f26041\"><div class=\"uagb-column__overlay\"><\/div>\n<p class=\"has-text-align-center\"><a href=\"https:\/\/cematraining.com\/wp-content\/uploads\/2021\/08\/CAR-DLSS-10CC.pdf\" target=\"_blank\" rel=\"noreferrer noopener\">Transportista \u2013 Cuadro de compatibilidad<\/a><\/p>\n<\/div>\n\n\n\n<div class=\"wp-block-uagb-column uagb-column__wrap uagb-column__background-undefined uagb-block-ccd6714d\"><div class=\"uagb-column__overlay\"><\/div>\n<p class=\"has-text-align-center\"><a href=\"https:\/\/cematraining.com\/wp-content\/uploads\/2021\/08\/BRY-DLSS-10CC.pdf\" target=\"_blank\" rel=\"noreferrer noopener\">Bryant \u2013 Tabla de compatibilidad<\/a> <span class=\"has-inline-color has-black-color\"> <\/span><\/p>\n<\/div>\n<\/div><\/section>\n\n\n\n<section class=\"wp-block-uagb-columns uagb-columns__wrap uagb-columns__stack-mobile uagb-columns__valign- uagb-columns__gap-10 align uagb-block-3a7df83f uagb-columns__columns-2 uagb-columns__max_width-theme\"><div class=\"uagb-columns__overlay\"><\/div><div class=\"uagb-columns__inner-wrap uagb-columns__columns-2\">\n<div class=\"wp-block-uagb-column uagb-column__wrap uagb-column__background-undefined uagb-block-b46de013\"><div class=\"uagb-column__overlay\"><\/div>\n<h5 class=\"wp-block-heading\" id=\"outdoor-units\"><strong><span class=\"has-inline-color has-black-color\">Unidades Exteriores<\/span><\/strong><\/h5>\n\n\n\n<p><strong><span class=\"has-inline-color has-vivid-red-color\">NUEVO<\/span><\/strong> <span class=\"has-inline-color has-black-color\">38MARB Performance Bomba de calor monocabezal<\/span> <a rel=\"noreferrer noopener\" href=\"https:\/\/cematraining.com\/wp-content\/uploads\/2021\/04\/SG-38MARB-01.pdf\" target=\"_blank\">AQU\u00cd<\/a><\/p>\n\n\n\n<p><mark style=\"background-color:rgba(0, 0, 0, 0)\" class=\"has-inline-color has-black-color\">38MHRBQ Confort Bomba de calor monocabezal <\/mark><a rel=\"noreferrer noopener\" href=\"https:\/\/cematraining.com\/wp-content\/uploads\/2021\/01\/SG-38MHRB-01.pdf\" target=\"_blank\">AQU\u00cd<\/a><\/p>\n\n\n\n<p><mark style=\"background-color:rgba(0, 0, 0, 0)\" class=\"has-inline-color has-black-color\">38MA*R Performance Bomba de calor de cabezal \u00fanico<\/mark> <a rel=\"noreferrer noopener\" href=\"https:\/\/cematraining.com\/wp-content\/uploads\/2021\/01\/SG-38MAR-03.pdf\" target=\"_blank\">AQU\u00cd<\/a><\/p>\n\n\n\n<p><mark style=\"background-color:rgba(0, 0, 0, 0)\" class=\"has-inline-color has-black-color\">Bomba de calor de cabezal \u00fanico de rendimiento 38MBR<\/mark> <a rel=\"noreferrer noopener\" href=\"https:\/\/cematraining.com\/wp-content\/uploads\/2021\/01\/38MBR-03SM.pdf\" target=\"_blank\">AQU\u00cd<\/a><\/p>\n\n\n\n<p><mark style=\"background-color:rgba(0, 0, 0, 0)\" class=\"has-inline-color has-black-color\">38MBRB 36-48 kBtu Performance Bomba de calor de cabezal \u00fanico <\/mark> <a rel=\"noreferrer noopener\" href=\"https:\/\/cematraining.com\/wp-content\/uploads\/2021\/04\/38MBRB-01SM.pdf\" target=\"_blank\">AQU\u00cd<\/a><\/p>\n\n\n\n<p><mark style=\"background-color:rgba(0, 0, 0, 0)\" class=\"has-inline-color has-black-color\">38 MPRA<\/mark> <mark style=\"background-color:rgba(0, 0, 0, 0)\" class=\"has-inline-color has-black-color\">Bomba de calor de cabezal \u00fanico Infinity<\/mark> <a rel=\"noreferrer noopener\" href=\"https:\/\/cematraining.com\/wp-content\/uploads\/2021\/01\/SG-38MPRA-02.pdf\" target=\"_blank\">AQU\u00cd<\/a><\/p>\n\n\n\n<p><mark style=\"background-color:rgba(0, 0, 0, 0)\" class=\"has-inline-color has-black-color\">Bomba de calor multizona 38MGR<\/mark> <a rel=\"noreferrer noopener\" href=\"https:\/\/cematraining.com\/wp-content\/uploads\/2021\/01\/38MGR-04SM.pdf\" target=\"_blank\">AQU\u00cd<\/a><\/p>\n\n\n\n<p><mark style=\"background-color:rgba(0, 0, 0, 0)\" class=\"has-inline-color has-black-color\">Bomba de calor multizona 38MGQ<\/mark> <a rel=\"noreferrer noopener\" href=\"https:\/\/cematraining.com\/wp-content\/uploads\/2021\/02\/38MGQ-01SM.pdf\" target=\"_blank\">AQU\u00cd<\/a><\/p>\n\n\n\n<h5 class=\"wp-block-heading\" id=\"wireless-remotes\"><strong><span class=\"has-inline-color has-black-color\">Controles remotos inal\u00e1mbricos<\/span><\/strong><\/h5>\n\n\n\n<p><mark style=\"background-color:rgba(0, 0, 0, 0)\" class=\"has-inline-color has-black-color\">Control remoto inal\u00e1mbrico RG57<\/mark> <a rel=\"noreferrer noopener\" href=\"https:\/\/cematraining.com\/wp-content\/uploads\/2020\/07\/Service-remote-0918.pdf\" target=\"_blank\">AQU\u00cd<\/a><\/p>\n\n\n\n<p><mark style=\"background-color:rgba(0, 0, 0, 0)\" class=\"has-inline-color has-black-color\">Control remoto inal\u00e1mbrico RG66 Infinity<\/mark> <a rel=\"noreferrer noopener\" href=\"https:\/\/cematraining.com\/wp-content\/uploads\/2021\/01\/SG-RG66B9-01.pdf\" target=\"_blank\">AQU\u00cd<\/a><\/p>\n\n\n\n<p><mark style=\"background-color:rgba(0, 0, 0, 0)\" class=\"has-inline-color has-black-color\">Interfaz 24v KSAIC0301230<\/mark> <a rel=\"noreferrer noopener\" href=\"https:\/\/cematraining.com\/wp-content\/uploads\/2021\/01\/IM-KSAIC03-05.pdf\" target=\"_blank\">AQU\u00cd<\/a><\/p>\n<\/div>\n\n\n\n<div class=\"wp-block-uagb-column uagb-column__wrap uagb-column__background-undefined uagb-block-674c558d\"><div class=\"uagb-column__overlay\"><\/div>\n<h5 class=\"wp-block-heading\" id=\"indoor-units\"><strong><span class=\"has-inline-color has-black-color\">Unidades Interiores<\/span><\/strong><\/h5>\n\n\n\n<p><strong><span class=\"has-inline-color has-vivid-red-color\">NUEVO<\/span><\/strong> <span class=\"has-inline-color has-black-color\">Unidad interior de montaje en pared de alto rendimiento 40MAHB<\/span> <a rel=\"noreferrer noopener\" href=\"https:\/\/cematraining.com\/wp-content\/uploads\/2021\/04\/SG-40MAHB-01.pdf\" target=\"_blank\">AQU\u00cd<\/a><\/p>\n\n\n\n<p><mark style=\"background-color:rgba(0, 0, 0, 0)\" class=\"has-inline-color has-black-color\">Unidad interior de montaje en pared alta 40MAQ Performance <\/mark> <a rel=\"noreferrer noopener\" href=\"https:\/\/cematraining.com\/wp-content\/uploads\/2021\/01\/40MAQ-01SM.pdf\" target=\"_blank\">AQU\u00cd<\/a><\/p>\n\n\n\n<p><mark style=\"background-color:rgba(0, 0, 0, 0)\" class=\"has-inline-color has-black-color\">Unidad interior de montaje en pared 40MPHA Infinity High<\/mark> <a rel=\"noreferrer noopener\" href=\"https:\/\/cematraining.com\/wp-content\/uploads\/2021\/01\/40MPHA-03SM.pdf\" target=\"_blank\">AQU\u00cd<\/a><\/p>\n\n\n\n<p><mark style=\"background-color:rgba(0, 0, 0, 0)\" class=\"has-inline-color has-black-color\">Casete de rendimiento 40MBCQ<\/mark> <a rel=\"noreferrer noopener\" href=\"https:\/\/cematraining.com\/wp-content\/uploads\/2021\/01\/SG-40MBCQ-03.pdf\" target=\"_blank\">AQU\u00cd<\/a><\/p>\n\n\n\n<p><mark style=\"background-color:rgba(0, 0, 0, 0)\" class=\"has-inline-color has-black-color\">Controlador de aire 40MBAA<\/mark> <a rel=\"noreferrer noopener\" href=\"https:\/\/cematraining.com\/wp-content\/uploads\/2021\/01\/SG-40MBAA-01.pdf\" target=\"_blank\">AQU\u00cd<\/a><\/p>\n\n\n\n<p><mark style=\"background-color:rgba(0, 0, 0, 0)\" class=\"has-inline-color has-black-color\">Fancoil canalizado 40MBDQ<\/mark> <a rel=\"noreferrer noopener\" href=\"https:\/\/cematraining.com\/wp-content\/uploads\/2021\/01\/SG-40MBDQ-03.pdf\" target=\"_blank\">AQU\u00cd<\/a> <\/p>\n\n\n\n<p><mark style=\"background-color:rgba(0, 0, 0, 0)\" class=\"has-inline-color has-black-color\">Unidad interior de consola de rendimiento 40MBDQ<\/mark> <a rel=\"noreferrer noopener\" href=\"https:\/\/cematraining.com\/wp-content\/uploads\/2021\/01\/SG-40MBFQ-03.pdf\" target=\"_blank\">AQU\u00cd<\/a> <\/p>\n\n\n\n<p><mark style=\"background-color:rgba(0, 0, 0, 0)\" class=\"has-inline-color has-black-color\">Unidad interior de consola de rendimiento 40MBFQ<\/mark> <a rel=\"noreferrer noopener\" href=\"https:\/\/cematraining.com\/wp-content\/uploads\/2021\/01\/SG-40MBFQ-03.pdf\" target=\"_blank\">AQU\u00cd<\/a><\/p>\n\n\n\n<div style=\"height:42px\" aria-hidden=\"true\" class=\"wp-block-spacer\"><\/div>\n\n\n\n<p class=\"has-small-font-size\"><mark style=\"background-color:rgba(0, 0, 0, 0)\" class=\"has-inline-color has-black-color\">Para otros manuales, utilice su CEapp (HVAC Contractor Assist) o visite HVACpartners<\/mark><\/p>\n<\/div>\n<\/div><\/section>\n\n\n\n<section class=\"wp-block-uagb-columns uagb-columns__wrap uagb-columns__stack-mobile uagb-columns__valign- uagb-columns__gap-10 align uagb-block-f3c8742c uagb-columns__columns-2 uagb-columns__max_width-theme\"><div class=\"uagb-columns__overlay\"><\/div><div class=\"uagb-columns__inner-wrap uagb-columns__columns-2\">\n<div class=\"wp-block-uagb-column uagb-column__wrap uagb-column__background-undefined uagb-block-cea28ac7\"><div class=\"uagb-column__overlay\"><\/div>\n<p class=\"has-text-align-center\"><a href=\"https:\/\/cematraining.com\/wp-content\/uploads\/2021\/01\/10-k-ohm-chart-TempVsResistChart.pdf\" target=\"_blank\" rel=\"noreferrer noopener\">Gr\u00e1fico de 10K ohmios<\/a> <span class=\"has-inline-color has-black-color\">\u2013 El gr\u00e1fico ayuda a convertir ohmios a temperatura F <\/span><\/p>\n<\/div>\n\n\n\n<div class=\"wp-block-uagb-column uagb-column__wrap uagb-column__background-undefined uagb-block-3a527ac8\"><div class=\"uagb-column__overlay\"><\/div>\n<p class=\"has-text-align-center\"><a href=\"https:\/\/cematraining.com\/wp-content\/uploads\/2021\/01\/Thermistor_50K-JG.pdf\" target=\"_blank\" rel=\"noreferrer noopener\">Gr\u00e1fico de 50K ohmios<\/a> <span class=\"has-inline-color has-black-color\">\u2013 El gr\u00e1fico ayuda a convertir ohmios a temperatura F <\/span><\/p>\n<\/div>\n<\/div><\/section>\n\n\n\n<h4 class=\"wp-block-heading\" id=\"light-commercial\"><strong><span class=\"has-inline-color has-black-color\">Comercial ligero<\/span><\/strong><\/h4>\n\n\n\n<p><mark style=\"background-color:rgba(0, 0, 0, 0)\" class=\"has-inline-color has-black-color\">Diagramas de cableado de color del tablero de terminales central<\/mark>\u00a0 <a rel=\"noreferrer noopener\" aria-label=\" (se abre en una nueva pesta\u00f1a)\" href=\"https:\/\/cematraining.com\/wp-content\/uploads\/2020\/02\/CTB.pdf\" target=\"_blank\"><mark style=\"background-color:rgba(0, 0, 0, 0)\" class=\"has-inline-color has-vivid-red-color\">AQU\u00cd<\/mark><\/a><\/p>\n\n\n\n<p><mark style=\"background-color:rgba(0, 0, 0, 0)\" class=\"has-inline-color has-black-color\">Controles ComfortLink versi\u00f3n 10.x<\/mark>   <a rel=\"noreferrer noopener\" href=\"https:\/\/cematraining.com\/wp-content\/uploads\/2020\/07\/48_50A-14T-1.pdf\" target=\"_blank\"><mark style=\"background-color:rgba(0, 0, 0, 0)\" class=\"has-inline-color has-vivid-red-color\">AQU\u00cd <\/mark><\/a><\/p>\n\n\n\n<p><mark style=\"background-color:rgba(0, 0, 0, 0)\" class=\"has-inline-color has-black-color\">Soluci\u00f3n de problemas del sensor de efecto Hall<\/mark> <a rel=\"noreferrer noopener\" href=\"https:\/\/cematraining.com\/wp-content\/uploads\/2020\/12\/Hall-Effect-Sensor-Troubleshooting.pdf\" target=\"_blank\"><mark style=\"background-color:rgba(0, 0, 0, 0)\" class=\"has-inline-color has-vivid-red-color\">AQU\u00cd<\/mark><\/a><\/p>\n\n\n\n<p><mark style=\"background-color:rgba(0, 0, 0, 0)\" class=\"has-inline-color has-black-color\">C\u00f3digos de resoluci\u00f3n de problemas de IGC (control de gas integrado)<\/mark><mark style=\"background-color:rgba(0, 0, 0, 0)\" class=\"has-inline-color has-vivid-red-color\"> <\/mark><a rel=\"noreferrer noopener\" href=\"https:\/\/cematraining.com\/wp-content\/uploads\/2020\/12\/IGC-Fault-troubleshooting-v3.pdf\" target=\"_blank\"><mark style=\"background-color:rgba(0, 0, 0, 0)\" class=\"has-inline-color has-vivid-red-color\">AQU\u00cd<\/mark><\/a><\/p>\n\n\n\n<p><mark style=\"background-color:rgba(0, 0, 0, 0)\" class=\"has-inline-color has-black-color\"><a rel=\"noreferrer noopener\" href=\"https:\/\/cematraining.com\/wp-content\/uploads\/2021\/01\/ENTHALPY-CHART.pdf\" target=\"_blank\">Gr\u00e1fico de entalp\u00eda<\/a> \u2013 Este gr\u00e1fico ayuda con el gr\u00e1fico psicrom\u00e9trico para facilitar la conversi\u00f3n de la temperatura WB en calor espec\u00edfico para calcular la capacidad del sistema.<\/mark><\/p>\n\n\n\n<p><\/p>","protected":false},"excerpt":{"rendered":"<p>The service manuals below are for quick reference only, for the most current version of documents please visit HVACpartners by selecting your brand below. Variable Speed Systems Carrier Next Generation Greenspeed Service Manual HERE Carrier Greenspeed Service Manual HERE Carrier 5-Stage VS18\/19 Service Manual HERE Fan Coil Service Manual HERE Touchscreen User Interface Service Manual [&hellip;]<\/p>\n","protected":false},"author":2,"featured_media":0,"parent":0,"menu_order":0,"comment_status":"closed","ping_status":"closed","template":"","meta":{"_coblocks_attr":"","_coblocks_dimensions":"","_coblocks_responsive_height":"","_coblocks_accordion_ie_support":"","_uag_custom_page_level_css":"","site-sidebar-layout":"default","site-content-layout":"default","ast-site-content-layout":"default","site-content-style":"default","site-sidebar-style":"default","ast-global-header-display":"","ast-banner-title-visibility":"","ast-main-header-display":"","ast-hfb-above-header-display":"","ast-hfb-below-header-display":"","ast-hfb-mobile-header-display":"","site-post-title":"","ast-breadcrumbs-content":"","ast-featured-img":"","footer-sml-layout":"","ast-disable-related-posts":"","theme-transparent-header-meta":"default","adv-header-id-meta":"","stick-header-meta":"default","header-above-stick-meta":"","header-main-stick-meta":"","header-below-stick-meta":"","astra-migrate-meta-layouts":"default","ast-page-background-enabled":"default","ast-page-background-meta":{"desktop":{"background-color":"","background-image":"","background-repeat":"repeat","background-position":"center center","background-size":"auto","background-attachment":"scroll","background-type":"","background-media":"","overlay-type":"","overlay-color":"","overlay-opacity":"","overlay-gradient":""},"tablet":{"background-color":"","background-image":"","background-repeat":"repeat","background-position":"center center","background-size":"auto","background-attachment":"scroll","background-type":"","background-media":"","overlay-type":"","overlay-color":"","overlay-opacity":"","overlay-gradient":""},"mobile":{"background-color":"","background-image":"","background-repeat":"repeat","background-position":"center center","background-size":"auto","background-attachment":"scroll","background-type":"","background-media":"","overlay-type":"","overlay-color":"","overlay-opacity":"","overlay-gradient":""}},"ast-content-background-meta":{"desktop":{"background-color":"var(--ast-global-color-5)","background-image":"","background-repeat":"repeat","background-position":"center center","background-size":"auto","background-attachment":"scroll","background-type":"","background-media":"","overlay-type":"","overlay-color":"","overlay-opacity":"","overlay-gradient":""},"tablet":{"background-color":"var(--ast-global-color-5)","background-image":"","background-repeat":"repeat","background-position":"center center","background-size":"auto","background-attachment":"scroll","background-type":"","background-media":"","overlay-type":"","overlay-color":"","overlay-opacity":"","overlay-gradient":""},"mobile":{"background-color":"var(--ast-global-color-5)","background-image":"","background-repeat":"repeat","background-position":"center center","background-size":"auto","background-attachment":"scroll","background-type":"","background-media":"","overlay-type":"","overlay-color":"","overlay-opacity":"","overlay-gradient":""}},"footnotes":""},"class_list":["post-346","page","type-page","status-publish","hentry"],"uagb_featured_image_src":{"full":false,"thumbnail":false,"medium":false,"medium_large":false,"large":false,"1536x1536":false,"2048x2048":false,"trp-custom-language-flag":false,"woocommerce_thumbnail":false,"woocommerce_single":false,"woocommerce_gallery_thumbnail":false},"uagb_author_info":{"display_name":"Josh Goodman","author_link":"https:\/\/cematraining.com\/es\/author\/joshg\/"},"uagb_comment_info":0,"uagb_excerpt":"The service manuals below are for quick reference only, for the most current version of documents please visit HVACpartners by selecting your brand below. Variable Speed Systems Carrier Next Generation Greenspeed Service Manual HERE Carrier Greenspeed Service Manual HERE Carrier 5-Stage VS18\/19 Service Manual HERE Fan Coil Service Manual HERE Touchscreen User Interface Service Manual&hellip;","_links":{"self":[{"href":"https:\/\/cematraining.com\/es\/wp-json\/wp\/v2\/pages\/346","targetHints":{"allow":["GET"]}}],"collection":[{"href":"https:\/\/cematraining.com\/es\/wp-json\/wp\/v2\/pages"}],"about":[{"href":"https:\/\/cematraining.com\/es\/wp-json\/wp\/v2\/types\/page"}],"author":[{"embeddable":true,"href":"https:\/\/cematraining.com\/es\/wp-json\/wp\/v2\/users\/2"}],"replies":[{"embeddable":true,"href":"https:\/\/cematraining.com\/es\/wp-json\/wp\/v2\/comments?post=346"}],"version-history":[{"count":1,"href":"https:\/\/cematraining.com\/es\/wp-json\/wp\/v2\/pages\/346\/revisions"}],"predecessor-version":[{"id":51011,"href":"https:\/\/cematraining.com\/es\/wp-json\/wp\/v2\/pages\/346\/revisions\/51011"}],"wp:attachment":[{"href":"https:\/\/cematraining.com\/es\/wp-json\/wp\/v2\/media?parent=346"}],"curies":[{"name":"gracias","href":"https:\/\/api.w.org\/{rel}","templated":true}]}}