{"id":34969,"date":"2022-05-31T13:50:38","date_gmt":"2022-05-31T17:50:38","guid":{"rendered":"https:\/\/cematraining.com\/?page_id=34969"},"modified":"2026-02-19T14:09:41","modified_gmt":"2026-02-19T19:09:41","slug":"forms","status":"publish","type":"page","link":"https:\/\/cematraining.com\/es\/forms\/","title":{"rendered":"Formularios de informes de campo"},"content":{"rendered":"<div aria-label=\"Galer\u00eda del carrusel\" class=\"wp-block-coblocks-gallery-carousel\"><div class=\"coblocks-gallery-carousel-swiper-container is-cropped coblocks-gallery has-no-alignment has-caption-style-dark has-horizontal-gutter has-no-thumbnails\"><div class=\"has-carousel has-carousel-lrg swiper-container\" data-swiper=\"{&quot;alignCells&quot;:false,&quot;autoPlay&quot;:true,&quot;autoPlaySpeed&quot;:&quot;3000&quot;,&quot;draggable&quot;:false,&quot;freeMode&quot;:false,&quot;loop&quot;:true,&quot;navigation&quot;:false,&quot;pageDots&quot;:false,&quot;pauseHover&quot;:false,&quot;responsiveHeight&quot;:false,&quot;slidesPerView&quot;:2,&quot;thumbnails&quot;:false,&quot;uuid&quot;:&quot;12345&quot;}\" style=\"height:264px\"><div class=\"swiper-wrapper\"><div class=\"swiper-slide\"><div class=\"coblocks-gallery--item\" role=\"button\" tabindex=\"0\"><figure class=\"coblocks-gallery--figure has-margin-left-5 has-margin-left-mobile-5 has-margin-right-5 has-margin-right-mobile-5\"><img decoding=\"async\" alt=\"\" class=\"wp-image-474\" data-id=\"474\" data-link=\"https:\/\/cesctechsupport.com\/carrier_3_rearviewseethrough-v4\/\" src=\"https:\/\/cesctechsupport.com\/wp-content\/uploads\/2022\/03\/Carrier_3_RearViewSeeThrough-v4.png\"\/><\/figure><figcaption class=\"coblocks-gallery--caption coblocks-gallery--primary-caption\"><\/figcaption><\/div><\/div><div class=\"swiper-slide\"><div class=\"coblocks-gallery--item\" role=\"button\" tabindex=\"1\"><figure class=\"coblocks-gallery--figure has-margin-left-5 has-margin-left-mobile-5 has-margin-right-5 has-margin-right-mobile-5\"><img decoding=\"async\" alt=\"\" class=\"wp-image-476\" data-id=\"476\" data-link=\"https:\/\/cesctechsupport.com\/lcu\/\" src=\"https:\/\/cesctechsupport.com\/wp-content\/uploads\/2022\/03\/LCU-1024x549.jpg\"\/><\/figure><figcaption class=\"coblocks-gallery--caption coblocks-gallery--primary-caption\"><\/figcaption><\/div><\/div><div class=\"swiper-slide\"><div class=\"coblocks-gallery--item\" role=\"button\" tabindex=\"2\"><figure class=\"coblocks-gallery--figure has-margin-left-5 has-margin-left-mobile-5 has-margin-right-5 has-margin-right-mobile-5\"><img decoding=\"async\" alt=\"Field Reporting\" class=\"wp-image-2043\" data-id=\"2043\" data-link=\"https:\/\/cesctechsupport.com\/dealer-resources\/website-images\/\" src=\"https:\/\/cesctechsupport.com\/wp-content\/uploads\/2022\/05\/Website-Images.png\"\/><\/figure><figcaption class=\"coblocks-gallery--caption coblocks-gallery--primary-caption\"><\/figcaption><\/div><\/div><div class=\"swiper-slide\"><div class=\"coblocks-gallery--item\" role=\"button\" tabindex=\"3\"><figure class=\"coblocks-gallery--figure has-margin-left-5 has-margin-left-mobile-5 has-margin-right-5 has-margin-right-mobile-5\"><img decoding=\"async\" alt=\"\" class=\"wp-image-2437\" data-id=\"2437\" data-link=\"https:\/\/cesctechsupport.com\/inf-evo-touch\/\" src=\"https:\/\/cesctechsupport.com\/wp-content\/uploads\/2022\/05\/Inf-Evo-Touch.png\"\/><\/figure><figcaption class=\"coblocks-gallery--caption coblocks-gallery--primary-caption\"><\/figcaption><\/div><\/div><div class=\"swiper-slide\"><div class=\"coblocks-gallery--item\" role=\"button\" tabindex=\"4\"><figure class=\"coblocks-gallery--figure has-margin-left-5 has-margin-left-mobile-5 has-margin-right-5 has-margin-right-mobile-5\"><img decoding=\"async\" alt=\"\" class=\"wp-image-2222\" data-id=\"2222\" data-link=\"https:\/\/cesctechsupport.com\/compressors-002\/\" src=\"https:\/\/cesctechsupport.com\/wp-content\/uploads\/2022\/05\/compressors-002.jpg\"\/><\/figure><figcaption class=\"coblocks-gallery--caption coblocks-gallery--primary-caption\"><\/figcaption><\/div><\/div><div class=\"swiper-slide\"><div class=\"coblocks-gallery--item\" role=\"button\" tabindex=\"5\"><figure class=\"coblocks-gallery--figure has-margin-left-5 has-margin-left-mobile-5 has-margin-right-5 has-margin-right-mobile-5\"><img decoding=\"async\" alt=\"\" class=\"wp-image-2991\" data-id=\"2991\" data-link=\"https:\/\/cesctechsupport.com\/picture3\/\" src=\"https:\/\/cesctechsupport.com\/wp-content\/uploads\/2022\/06\/Picture3.jpg\"\/><\/figure><figcaption class=\"coblocks-gallery--caption coblocks-gallery--primary-caption\"><\/figcaption><\/div><\/div><div class=\"swiper-slide\"><div class=\"coblocks-gallery--item\" role=\"button\" tabindex=\"6\"><figure class=\"coblocks-gallery--figure has-margin-left-5 has-margin-left-mobile-5 has-margin-right-5 has-margin-right-mobile-5\"><img decoding=\"async\" alt=\"\" class=\"wp-image-2990\" data-id=\"2990\" data-link=\"https:\/\/cesctechsupport.com\/picture2\/\" src=\"https:\/\/cesctechsupport.com\/wp-content\/uploads\/2022\/06\/Picture2.jpg\"\/><\/figure><figcaption class=\"coblocks-gallery--caption coblocks-gallery--primary-caption\"><\/figcaption><\/div><\/div><div class=\"swiper-slide\"><div class=\"coblocks-gallery--item\" role=\"button\" tabindex=\"7\"><figure class=\"coblocks-gallery--figure has-margin-left-5 has-margin-left-mobile-5 has-margin-right-5 has-margin-right-mobile-5\"><img decoding=\"async\" alt=\"\" class=\"wp-image-2995\" data-id=\"2995\" data-link=\"https:\/\/cesctechsupport.com\/carrier_infinity_system_whitebkg\/\" src=\"https:\/\/cesctechsupport.com\/wp-content\/uploads\/2022\/06\/Carrier_Infinity_System_WhiteBKG.jpg\"\/><\/figure><figcaption class=\"coblocks-gallery--caption coblocks-gallery--primary-caption\"><\/figcaption><\/div><\/div><div class=\"swiper-slide\"><div class=\"coblocks-gallery--item\" role=\"button\" tabindex=\"8\"><figure class=\"coblocks-gallery--figure has-margin-left-5 has-margin-left-mobile-5 has-margin-right-5 has-margin-right-mobile-5\"><img decoding=\"async\" alt=\"\" class=\"wp-image-2994\" data-id=\"2994\" data-link=\"https:\/\/cesctechsupport.com\/greenspeed-top-quarter\/\" src=\"https:\/\/cesctechsupport.com\/wp-content\/uploads\/2022\/06\/Greenspeed-top-quarter.png\"\/><\/figure><figcaption class=\"coblocks-gallery--caption coblocks-gallery--primary-caption\"><\/figcaption><\/div><\/div><div class=\"swiper-slide\"><div class=\"coblocks-gallery--item\" role=\"button\" tabindex=\"9\"><figure class=\"coblocks-gallery--figure has-margin-left-5 has-margin-left-mobile-5 has-margin-right-5 has-margin-right-mobile-5\"><img decoding=\"async\" alt=\"\" class=\"wp-image-2993\" data-id=\"2993\" data-link=\"https:\/\/cesctechsupport.com\/greenspeed-front-cut-away\/\" src=\"https:\/\/cesctechsupport.com\/wp-content\/uploads\/2022\/06\/Greenspeed-front-cut-away.png\"\/><\/figure><figcaption class=\"coblocks-gallery--caption coblocks-gallery--primary-caption\"><\/figcaption><\/div><\/div><\/div><\/div><\/div><\/div>\n\n\n\n<p id=\"h.p__vAxgccdc9j8\">Al combinar su conocimiento del equipo con la tecnolog\u00eda y un proceso eficiente, Customer Assurance puede mejorar la productividad de su lugar de trabajo. <\/p>\n\n\n\n<p id=\"h.p__vAxgccdc9j8\">Nuestras herramientas basadas en dispositivos m\u00f3viles est\u00e1n dise\u00f1adas para hacer solo las preguntas necesarias para ayudarlo en su situaci\u00f3n. Los formularios cambian seg\u00fan su entrada para solo hacer preguntas sobre su situaci\u00f3n. Una vez que haya enviado el formulario, un Gerente de Garant\u00eda del Cliente revisar\u00e1 la informaci\u00f3n que envi\u00f3 y lo llamar\u00e1 lo antes posible.<\/p>\n\n\n\n<div class=\"wp-block-columns is-layout-flex wp-container-core-columns-is-layout-28f84493 wp-block-columns-is-layout-flex\">\n<div class=\"wp-block-column is-vertically-aligned-center is-layout-flow wp-block-column-is-layout-flow\" style=\"flex-basis:33.33%\">\n<div class=\"wp-block-uagb-buttons uagb-buttons__outer-wrap uagb-btn__default-btn uagb-btn-tablet__default-btn uagb-btn-mobile__default-btn uagb-block-9c919d6e\"><div class=\"uagb-buttons__wrap uagb-buttons-layout-wrap\">\n<div class=\"wp-block-uagb-buttons-child uagb-buttons__outer-wrap uagb-block-f7ad8512 wp-block-button\"><div class=\"uagb-button__wrapper\"><a class=\"uagb-buttons-repeater wp-block-button__link\" aria-label=\"\" href=\"https:\/\/cematraining.com\/es\/user-interface-troubleshooting\/\" rel=\"follow noopener\" target=\"_self\" role=\"button\"><div class=\"uagb-button__link\">Resoluci\u00f3n de problemas de comunicaci\u00f3n Infinity\/Evolution<\/div><\/a><\/div><\/div>\n<\/div><\/div>\n<\/div>\n\n\n\n<div class=\"wp-block-column is-vertically-aligned-bottom is-layout-flow wp-block-column-is-layout-flow\" style=\"flex-basis:66.66%\">\n<p>Este formulario ayudar\u00e1 a determinar los problemas que causan errores de comunicaci\u00f3n. Por favor complete todos los detalles de este formulario. Al final, si todav\u00eda tiene preguntas, haga clic en enviar.<\/p>\n<\/div>\n<\/div>\n\n\n\n<hr class=\"wp-block-separator has-alpha-channel-opacity is-style-wide\"\/>\n\n\n\n<div class=\"wp-block-columns is-layout-flex wp-container-core-columns-is-layout-28f84493 wp-block-columns-is-layout-flex\">\n<div class=\"wp-block-column is-vertically-aligned-center is-layout-flow wp-block-column-is-layout-flow\" style=\"flex-basis:33.33%\">\n<div class=\"wp-block-uagb-buttons uagb-buttons__outer-wrap uagb-btn__default-btn uagb-btn-tablet__default-btn uagb-btn-mobile__default-btn uagb-block-fa64e015\"><div class=\"uagb-buttons__wrap uagb-buttons-layout-wrap\">\n<div class=\"wp-block-uagb-buttons-child uagb-buttons__outer-wrap uagb-block-d2d0978a wp-block-button\"><div class=\"uagb-button__wrapper\"><a class=\"uagb-buttons-repeater wp-block-button__link\" aria-label=\"\" href=\"https:\/\/cematraining.com\/es\/airflow-technical-support-form\/\" rel=\"follow noopener\" target=\"_self\" role=\"button\"><div class=\"uagb-button__link\">Formulario de evaluaci\u00f3n del flujo de aire<\/div><\/a><\/div><\/div>\n<\/div><\/div>\n<\/div>\n\n\n\n<div class=\"wp-block-column is-vertically-aligned-bottom is-layout-flow wp-block-column-is-layout-flow\" style=\"flex-basis:67%\">\n<p>Este formulario ayudar\u00e1 a determinar el flujo de aire de su sistema. Una vez completado, este formulario se enviar\u00e1 al equipo de soporte t\u00e9cnico.<\/p>\n<\/div>\n<\/div>\n\n\n\n<hr class=\"wp-block-separator has-alpha-channel-opacity is-style-wide\"\/>\n\n\n\n<div class=\"wp-block-columns is-layout-flex wp-container-core-columns-is-layout-28f84493 wp-block-columns-is-layout-flex\">\n<div class=\"wp-block-column is-vertically-aligned-center is-layout-flow wp-block-column-is-layout-flow\" style=\"flex-basis:33.33%\">\n<div class=\"wp-block-uagb-buttons uagb-buttons__outer-wrap uagb-btn__default-btn uagb-btn-tablet__default-btn uagb-btn-mobile__default-btn uagb-block-8917bf17\"><div class=\"uagb-buttons__wrap uagb-buttons-layout-wrap\">\n<div class=\"wp-block-uagb-buttons-child uagb-buttons__outer-wrap uagb-block-b4f1bd30 wp-block-button\"><div class=\"uagb-button__wrapper\"><a class=\"uagb-buttons-repeater wp-block-button__link\" aria-label=\"\" href=\"https:\/\/cematraining.com\/es\/compressor-evaluation-form-2\/\" rel=\"follow noopener\" target=\"_self\" role=\"button\"><div class=\"uagb-button__link\">Formulario de evaluaci\u00f3n del compresor<\/div><\/a><\/div><\/div>\n<\/div><\/div>\n<\/div>\n\n\n\n<div class=\"wp-block-column is-vertically-aligned-bottom is-layout-flow wp-block-column-is-layout-flow\" style=\"flex-basis:67%\">\n<p>Este formulario le ayudar\u00e1 a determinar cu\u00e1l es el problema con su compresor. Una vez completado, este formulario se enviar\u00e1 al equipo de soporte t\u00e9cnico.<\/p>\n<\/div>\n<\/div>\n\n\n\n<hr class=\"wp-block-separator has-alpha-channel-opacity is-style-wide\"\/>\n\n\n\n<div class=\"wp-block-columns is-layout-flex wp-container-core-columns-is-layout-28f84493 wp-block-columns-is-layout-flex\">\n<div class=\"wp-block-column is-vertically-aligned-center is-layout-flow wp-block-column-is-layout-flow\" style=\"flex-basis:33.33%\">\n<div class=\"wp-block-uagb-buttons uagb-buttons__outer-wrap uagb-btn__default-btn uagb-btn-tablet__default-btn uagb-btn-mobile__default-btn uagb-block-e70ccc50\"><div class=\"uagb-buttons__wrap uagb-buttons-layout-wrap\">\n<div class=\"wp-block-uagb-buttons-child uagb-buttons__outer-wrap uagb-block-cd9f190e wp-block-button\"><div class=\"uagb-button__wrapper\"><a class=\"uagb-buttons-repeater wp-block-button__link\" aria-label=\"\" href=\"https:\/\/cematraining.com\/es\/system-service-form\/\" rel=\"follow noopener\" target=\"_self\" role=\"button\"><div class=\"uagb-button__link\">Formulario del analizador del sistema<\/div><\/a><\/div><\/div>\n<\/div><\/div>\n<\/div>\n\n\n\n<div class=\"wp-block-column is-vertically-aligned-bottom is-layout-flow wp-block-column-is-layout-flow\" style=\"flex-basis:67%\">\n<p>Este formulario ayudar\u00e1 a determinar los problemas dentro de su sistema. Una vez completado, este formulario se enviar\u00e1 al equipo de soporte t\u00e9cnico.<\/p>\n<\/div>\n<\/div>\n\n\n\n<hr class=\"wp-block-separator has-alpha-channel-opacity is-style-wide\"\/>\n\n\n\n<div class=\"wp-block-columns is-layout-flex wp-container-core-columns-is-layout-28f84493 wp-block-columns-is-layout-flex\">\n<div class=\"wp-block-column is-vertically-aligned-center is-layout-flow wp-block-column-is-layout-flow\" style=\"flex-basis:33.33%\">\n<div class=\"wp-block-uagb-buttons uagb-buttons__outer-wrap uagb-btn__default-btn uagb-btn-tablet__default-btn uagb-btn-mobile__default-btn uagb-block-f40e8535\"><div class=\"uagb-buttons__wrap uagb-buttons-layout-wrap\">\n<div class=\"wp-block-uagb-buttons-child uagb-buttons__outer-wrap uagb-block-b4cf853f wp-block-button\"><div class=\"uagb-button__wrapper\"><a class=\"uagb-buttons-repeater wp-block-button__link\" aria-label=\"\" href=\"https:\/\/cematraining.com\/es\/doa-compressor-form\/\" rel=\"follow noopener\" target=\"_self\" role=\"button\"><div class=\"uagb-button__link\">30 d\u00edas: formulario de compresor DOA<\/div><\/a><\/div><\/div>\n<\/div><\/div>\n<\/div>\n\n\n\n<div class=\"wp-block-column is-vertically-aligned-bottom is-layout-flow wp-block-column-is-layout-flow\" style=\"flex-basis:66.66%\">\n<p>Utilice este formulario para informar sobre un compresor DOA (menos de 30 d\u00edas desde el inicio) para recibir la autorizaci\u00f3n de DOA Exchange. Este formulario reemplaza el antiguo formulario SCA una vez aprobado, una vez enviado, recibir\u00e1 una copia para que pueda utilizar este formulario para iniciar el proceso de garant\u00eda.<\/p>\n\n\n\n<p><strong>Una vez presentado, el equipo CAM debe revisar y aprobar el reemplazo de la unidad. ser\u00e1s contactado<\/strong> <strong>por el equipo CAM con una aprobaci\u00f3n o acci\u00f3n correctiva.<\/strong><\/p>\n<\/div>\n<\/div>\n\n\n\n<hr class=\"wp-block-separator has-alpha-channel-opacity is-style-wide\"\/>\n\n\n\n<div class=\"wp-block-columns is-layout-flex wp-container-core-columns-is-layout-28f84493 wp-block-columns-is-layout-flex\">\n<div class=\"wp-block-column is-vertically-aligned-center is-layout-flow wp-block-column-is-layout-flow\" style=\"flex-basis:33.33%\">\n<div class=\"wp-block-uagb-buttons uagb-buttons__outer-wrap uagb-btn__default-btn uagb-btn-tablet__default-btn uagb-btn-mobile__default-btn uagb-block-3c0fb942\"><div class=\"uagb-buttons__wrap uagb-buttons-layout-wrap\">\n<div class=\"wp-block-uagb-buttons-child uagb-buttons__outer-wrap uagb-block-fd592d98 wp-block-button\"><div class=\"uagb-button__wrapper\"><a class=\"uagb-buttons-repeater wp-block-button__link\" aria-label=\"\" href=\"https:\/\/cematraining.com\/es\/condenser-coil-30-day-doa-form\/\" rel=\"follow noopener\" target=\"_self\" role=\"button\"><div class=\"uagb-button__link\">30 d\u00edas: forma de bobina de condensador DOA<\/div><\/a><\/div><\/div>\n<\/div><\/div>\n<\/div>\n\n\n\n<div class=\"wp-block-column is-vertically-aligned-bottom is-layout-flow wp-block-column-is-layout-flow\" style=\"flex-basis:66.66%\">\n<p>Use este formulario para informar una bobina de condensador DOA (menos de 30 d\u00edas desde el inicio) para recibir la autorizaci\u00f3n de intercambio DOA. Este formulario reemplaza el antiguo formulario SCA una vez aprobado, una vez enviado, recibir\u00e1 una copia para que pueda utilizar este formulario para iniciar el proceso de garant\u00eda.<\/p>\n\n\n\n<p><strong>Una vez presentado, el equipo CAM debe revisar y aprobar el reemplazo de la unidad. ser\u00e1s contactado<\/strong> <strong>por el equipo CAM con una aprobaci\u00f3n o acci\u00f3n correctiva.<\/strong><\/p>\n<\/div>\n<\/div>\n\n\n\n<hr class=\"wp-block-separator has-alpha-channel-opacity is-style-wide\"\/>\n\n\n\n<div class=\"wp-block-columns is-layout-flex wp-container-core-columns-is-layout-28f84493 wp-block-columns-is-layout-flex\">\n<div class=\"wp-block-column is-vertically-aligned-center is-layout-flow wp-block-column-is-layout-flow\" style=\"flex-basis:33.33%\">\n<div class=\"wp-block-uagb-buttons uagb-buttons__outer-wrap uagb-btn__default-btn uagb-btn-tablet__default-btn uagb-btn-mobile__default-btn uagb-block-0ff202b7\"><div class=\"uagb-buttons__wrap uagb-buttons-layout-wrap\">\n<div class=\"wp-block-uagb-buttons-child uagb-buttons__outer-wrap uagb-block-6198bfa6 wp-block-button\"><div class=\"uagb-button__wrapper\"><a class=\"uagb-buttons-repeater wp-block-button__link\" aria-label=\"\" href=\"https:\/\/cematraining.com\/es\/refrigerant-leak-reporting-form\/\" rel=\"follow noopener\" target=\"_self\" role=\"button\"><div class=\"uagb-button__link\">Formulario de notificaci\u00f3n de fugas de refrigerante<\/div><\/a><\/div><\/div>\n<\/div><\/div>\n<\/div>\n\n\n\n<div class=\"wp-block-column is-vertically-aligned-bottom is-layout-flow wp-block-column-is-layout-flow\" style=\"flex-basis:66.66%\">\n<p>Use este formulario para reportar una fuga de refrigerante. Es obligatorio para equipos nuevos o para solicitudes de concesi\u00f3n de mano de obra y\/o materiales. \u00a1Se requiere un m\u00ednimo de 1 video y 1 foto y DEBE MOSTRAR BURBUJAS!<\/p>\n<\/div>\n<\/div>\n\n\n\n<hr class=\"wp-block-separator has-alpha-channel-opacity is-style-wide\"\/>\n\n\n\n<div class=\"wp-block-columns is-layout-flex wp-container-core-columns-is-layout-28f84493 wp-block-columns-is-layout-flex\">\n<div class=\"wp-block-column is-vertically-aligned-center is-layout-flow wp-block-column-is-layout-flow\" style=\"flex-basis:33.33%\">\n<div class=\"wp-block-uagb-buttons uagb-buttons__outer-wrap uagb-btn__default-btn uagb-btn-tablet__default-btn uagb-btn-mobile__default-btn uagb-block-b665c1ca\"><div class=\"uagb-buttons__wrap uagb-buttons-layout-wrap\">\n<div class=\"wp-block-uagb-buttons-child uagb-buttons__outer-wrap uagb-block-e65abb27 wp-block-button\"><div class=\"uagb-button__wrapper\"><a class=\"uagb-buttons-repeater wp-block-button__link\" aria-label=\"\" href=\"https:\/\/cematraining.com\/es\/quality-issue-report\/\" rel=\"follow noopener\" target=\"_self\" role=\"button\"><div class=\"uagb-button__link\">Informe de problemas de calidad<\/div><\/a><\/div><\/div>\n<\/div><\/div>\n<\/div>\n\n\n\n<div class=\"wp-block-column is-vertically-aligned-bottom is-layout-flow wp-block-column-is-layout-flow\" style=\"flex-basis:66.66%\">\n<p>Esto es para ayudar a mejorar la calidad al informar inquietudes que Carrier\/Bryant o cualquier proveedor externo pueda tener y desea que les informemos el problema. Recuerde que las im\u00e1genes ayudan, el video es mejor.<\/p>\n\n\n\n<p>Los ejemplos pueden ser: p\u00e9rdida de aislamiento, ca\u00edda del aspa del ventilador, mal cableado, piezas faltantes, pieza incorrecta dentro de la caja, pieza usada recibida en una caja nueva, etc.<\/p>\n<\/div>\n<\/div>\n\n\n\n<hr class=\"wp-block-separator has-alpha-channel-opacity is-style-wide\"\/>","protected":false},"excerpt":{"rendered":"<p>Combining your knowledge of the equipment with technology and an efficient process, Customer Assurance can improve your jobsite productivity. Our mobile based tools are designed to only ask the questions necessary to assistance in your situation. The forms do change based on your input to only ask questions about your situation. Once you have submitted [&hellip;]<\/p>\n","protected":false},"author":2,"featured_media":0,"parent":0,"menu_order":0,"comment_status":"closed","ping_status":"closed","template":"","meta":{"_coblocks_attr":"","_coblocks_dimensions":"","_coblocks_responsive_height":"","_coblocks_accordion_ie_support":"","_uag_custom_page_level_css":"","site-sidebar-layout":"default","site-content-layout":"","ast-site-content-layout":"default","site-content-style":"default","site-sidebar-style":"default","ast-global-header-display":"","ast-banner-title-visibility":"","ast-main-header-display":"","ast-hfb-above-header-display":"","ast-hfb-below-header-display":"","ast-hfb-mobile-header-display":"","site-post-title":"","ast-breadcrumbs-content":"","ast-featured-img":"","footer-sml-layout":"","ast-disable-related-posts":"","theme-transparent-header-meta":"default","adv-header-id-meta":"","stick-header-meta":"default","header-above-stick-meta":"","header-main-stick-meta":"disabled","header-below-stick-meta":"","astra-migrate-meta-layouts":"set","ast-page-background-enabled":"default","ast-page-background-meta":{"desktop":{"background-color":"","background-image":"","background-repeat":"repeat","background-position":"center center","background-size":"auto","background-attachment":"scroll","background-type":"","background-media":"","overlay-type":"","overlay-color":"","overlay-opacity":"","overlay-gradient":""},"tablet":{"background-color":"","background-image":"","background-repeat":"repeat","background-position":"center center","background-size":"auto","background-attachment":"scroll","background-type":"","background-media":"","overlay-type":"","overlay-color":"","overlay-opacity":"","overlay-gradient":""},"mobile":{"background-color":"","background-image":"","background-repeat":"repeat","background-position":"center center","background-size":"auto","background-attachment":"scroll","background-type":"","background-media":"","overlay-type":"","overlay-color":"","overlay-opacity":"","overlay-gradient":""}},"ast-content-background-meta":{"desktop":{"background-color":"var(--ast-global-color-5)","background-image":"","background-repeat":"repeat","background-position":"center center","background-size":"auto","background-attachment":"scroll","background-type":"","background-media":"","overlay-type":"","overlay-color":"","overlay-opacity":"","overlay-gradient":""},"tablet":{"background-color":"var(--ast-global-color-5)","background-image":"","background-repeat":"repeat","background-position":"center center","background-size":"auto","background-attachment":"scroll","background-type":"","background-media":"","overlay-type":"","overlay-color":"","overlay-opacity":"","overlay-gradient":""},"mobile":{"background-color":"var(--ast-global-color-5)","background-image":"","background-repeat":"repeat","background-position":"center center","background-size":"auto","background-attachment":"scroll","background-type":"","background-media":"","overlay-type":"","overlay-color":"","overlay-opacity":"","overlay-gradient":""}},"footnotes":""},"class_list":["post-34969","page","type-page","status-publish","hentry"],"uagb_featured_image_src":{"full":false,"thumbnail":false,"medium":false,"medium_large":false,"large":false,"1536x1536":false,"2048x2048":false,"trp-custom-language-flag":false,"woocommerce_thumbnail":false,"woocommerce_single":false,"woocommerce_gallery_thumbnail":false},"uagb_author_info":{"display_name":"Josh Goodman","author_link":"https:\/\/cematraining.com\/es\/author\/joshg\/"},"uagb_comment_info":0,"uagb_excerpt":"Combining your knowledge of the equipment with technology and an efficient process, Customer Assurance can improve your jobsite productivity. Our mobile based tools are designed to only ask the questions necessary to assistance in your situation. The forms do change based on your input to only ask questions about your situation. Once you have submitted&hellip;","_links":{"self":[{"href":"https:\/\/cematraining.com\/es\/wp-json\/wp\/v2\/pages\/34969","targetHints":{"allow":["GET"]}}],"collection":[{"href":"https:\/\/cematraining.com\/es\/wp-json\/wp\/v2\/pages"}],"about":[{"href":"https:\/\/cematraining.com\/es\/wp-json\/wp\/v2\/types\/page"}],"author":[{"embeddable":true,"href":"https:\/\/cematraining.com\/es\/wp-json\/wp\/v2\/users\/2"}],"replies":[{"embeddable":true,"href":"https:\/\/cematraining.com\/es\/wp-json\/wp\/v2\/comments?post=34969"}],"version-history":[{"count":2,"href":"https:\/\/cematraining.com\/es\/wp-json\/wp\/v2\/pages\/34969\/revisions"}],"predecessor-version":[{"id":51429,"href":"https:\/\/cematraining.com\/es\/wp-json\/wp\/v2\/pages\/34969\/revisions\/51429"}],"wp:attachment":[{"href":"https:\/\/cematraining.com\/es\/wp-json\/wp\/v2\/media?parent=34969"}],"curies":[{"name":"gracias","href":"https:\/\/api.w.org\/{rel}","templated":true}]}}