{"id":36899,"date":"2022-08-09T10:00:07","date_gmt":"2022-08-09T14:00:07","guid":{"rendered":"https:\/\/cematraining.com\/?page_id=36899"},"modified":"2024-07-05T10:50:18","modified_gmt":"2024-07-05T14:50:18","slug":"ce-mid-atlantic-request-for-comfortlink-board-programming-form","status":"publish","type":"page","link":"https:\/\/cematraining.com\/es\/ce-mid-atlantic-request-for-comfortlink-board-programming-form\/","title":{"rendered":"Formulario de programaci\u00f3n de la placa ComfortLink de solicitud para la regi\u00f3n del Atl\u00e1ntico medio de CE"},"content":{"rendered":"<div class=\"wpforms-container wpforms-container-full wpforms-container-save-resume wpforms-block wpforms-render-modern\" id=\"wpforms-36885\"><form id=\"wpforms-form-36885\" class=\"wpforms-validate wpforms-form wpforms-ajax-form\" data-formid=\"36885\" method=\"post\" enctype=\"multipart\/form-data\" action=\"\/es\/wp-json\/wp\/v2\/pages\/36899\" data-token=\"ea8aa19d88c5a290c847a2d5eed37d8f\" data-token-time=\"1776152893\"><noscript class=\"wpforms-error-noscript\">Por favor, activa JavaScript en tu navegador para completar este formulario.<\/noscript><div id=\"wpforms-error-noscript\" style=\"display: none;\">Por favor, activa JavaScript en tu navegador para completar este formulario.<\/div><div class=\"wpforms-field-container\"><div id=\"wpforms-36885-field_1-container\" class=\"wpforms-field wpforms-field-divider\" data-field-type=\"divider\" data-field-id=\"1\"><h3 id=\"wpforms-36885-field_1\" aria-errormessage=\"wpforms-36885-field_1-error\" aria-describedby=\"wpforms-36885-field_1-description\">Please read before completing this ComfortLink Board Programming Form<\/h3><div id=\"wpforms-36885-field_1-description\" class=\"wpforms-field-description\">IMPORTANT: CE Mid-Atlantic will provide a programmed Main Base Board for select ComfortLink equipment and ship the controller overnight to our licensed customers that have accounts in good standing with us .  CE Mid-Atlantic is offering this service as a convenience for our customers and end-users to help expedite shipment of programmed board and to keep equipment downtime to a minimum. There will be a premium added to the cost of this board and its availability may be limited. \t\t\t\t\t\t\t\t\t\r\n\t\t\t\t\t\t\t\t\t\r\n\t\t\t\t\t\t\t\t\t\r\n\t\t\t\t\t\t\t\t\t\r\n\t\t\t\t\t\t\t\t\t\r\n\t\t\t\t\t\t\t\t\t\r\n<\/div><\/div><div id=\"wpforms-36885-field_3-container\" class=\"wpforms-field wpforms-field-html\" data-field-type=\"html\" data-field-id=\"3\"><div id=\"wpforms-36885-field_3\" aria-errormessage=\"wpforms-36885-field_3-error\"><p>CE Mid-Atlantic will not be responsible for any misdiagnosis of original board. Although available troubleshooting for these boards is limited, contractor must be confident in their board failure diagnosis. If there are questions about board diagnosis, contractor is directed to call: \t\t\t\t\t\t\t\t\t\r\n<\/p><\/div><\/div><div id=\"wpforms-36885-field_4-container\" class=\"wpforms-field wpforms-field-html\" data-field-type=\"html\" data-field-id=\"4\"><div id=\"wpforms-36885-field_4\" aria-errormessage=\"wpforms-36885-field_4-error\"><p>\u25e6 CE Mid-Atlantic Technical Support for airside equipment up to and including 30 Tons. 866-902-4822 opt 3\t\t\t\t\t\t\t\t\r\n<\/p>\r\n<p>\u25e6 Carrier ROLES for all waterside equipment and any equipment above 30 Tons. 877-963-1995\t\t\t\t\r\n<\/p><\/div><\/div><div id=\"wpforms-36885-field_23-container\" class=\"wpforms-field wpforms-field-content\" data-field-type=\"content\" data-field-id=\"23\"><div id=\"wpforms-36885-field_23\" class=\"wpforms-field-medium wpforms-field-row\" aria-errormessage=\"wpforms-36885-field_23-error\"><h3><span style=\"color: #000000\"><strong>IMPORTANT<\/strong><\/span> <span style=\"color: #000000\">This program only applies to main base boards for those units that use the HK50AA052 board. For a list of these units, click <a rel=\"noopener\" target=\"_blank\" href=\"https:\/\/cematraining.com\/wp-content\/uploads\/2022\/08\/Model-Numbers-Covered-under-program.pdf\">HERE<\/a>. All other boards should be ordered from the factory preprogrammed.<\/span><\/h3>\n<div class=\"wpforms-field-content-display-frontend-clear\"><\/div><\/div><\/div><div id=\"wpforms-36885-field_6-container\" class=\"wpforms-field wpforms-field-divider\" data-field-type=\"divider\" data-field-id=\"6\"><h3 id=\"wpforms-36885-field_6\" aria-errormessage=\"wpforms-36885-field_6-error\">Contractor Information<\/h3><\/div><div id=\"wpforms-36885-field_8-container\" class=\"wpforms-field wpforms-field-text\" data-field-type=\"text\" data-field-id=\"8\"><label class=\"wpforms-field-label\" for=\"wpforms-36885-field_8\">Company Name <span class=\"wpforms-required-label\" aria-hidden=\"true\">*<\/span><\/label><input type=\"text\" id=\"wpforms-36885-field_8\" class=\"wpforms-field-medium wpforms-field-required\" name=\"wpforms[fields][8]\" aria-errormessage=\"wpforms-36885-field_8-error\" required><\/div><div id=\"wpforms-36885-field_9-container\" class=\"wpforms-field wpforms-field-text\" data-field-type=\"text\" data-field-id=\"9\"><label class=\"wpforms-field-label\" for=\"wpforms-36885-field_9\">Company 6 Digit Account # <span class=\"wpforms-required-label\" aria-hidden=\"true\">*<\/span><\/label><input type=\"text\" id=\"wpforms-36885-field_9\" class=\"wpforms-field-medium wpforms-field-required\" name=\"wpforms[fields][9]\" aria-errormessage=\"wpforms-36885-field_9-error\" required><\/div><div id=\"wpforms-36885-field_22-container\" class=\"wpforms-field wpforms-field-name\" data-field-type=\"name\" data-field-id=\"22\"><fieldset><legend class=\"wpforms-field-label\">Name <span class=\"wpforms-required-label\" aria-hidden=\"true\">*<\/span><\/legend><div class=\"wpforms-field-row wpforms-field-medium\"><div class=\"wpforms-field-row-block wpforms-first wpforms-one-half\"><input type=\"text\" id=\"wpforms-36885-field_22\" class=\"wpforms-field-name-first wpforms-field-required\" name=\"wpforms[fields][22][first]\" aria-errormessage=\"wpforms-36885-field_22-error\" required><label for=\"wpforms-36885-field_22\" class=\"wpforms-field-sublabel after\">Nombre<\/label><\/div><div class=\"wpforms-field-row-block wpforms-one-half\"><input type=\"text\" id=\"wpforms-36885-field_22-last\" class=\"wpforms-field-name-last wpforms-field-required\" name=\"wpforms[fields][22][last]\" aria-errormessage=\"wpforms-36885-field_22-last-error\" required><label for=\"wpforms-36885-field_22-last\" class=\"wpforms-field-sublabel after\">Apellidos<\/label><\/div><\/div><\/fieldset><\/div><div id=\"wpforms-36885-field_21-container\" class=\"wpforms-field wpforms-field-phone\" data-field-type=\"phone\" data-field-id=\"21\"><label class=\"wpforms-field-label\" for=\"wpforms-36885-field_21\">Phone <span class=\"wpforms-required-label\" aria-hidden=\"true\">*<\/span><\/label><input type=\"tel\" id=\"wpforms-36885-field_21\" class=\"wpforms-field-medium wpforms-field-required wpforms-smart-phone-field\" data-rule-smart-phone-field=\"true\" name=\"wpforms[fields][21]\" aria-label=\"Phone\" aria-errormessage=\"wpforms-36885-field_21-error\" required><\/div><div id=\"wpforms-36885-field_7-container\" class=\"wpforms-field wpforms-field-email\" data-field-type=\"email\" data-field-id=\"7\"><label class=\"wpforms-field-label\" for=\"wpforms-36885-field_7\">Dealer Email <span class=\"wpforms-required-label\" aria-hidden=\"true\">*<\/span><\/label><input type=\"email\" id=\"wpforms-36885-field_7\" class=\"wpforms-field-medium wpforms-field-required\" name=\"wpforms[fields][7]\" spellcheck=\"false\" aria-errormessage=\"wpforms-36885-field_7-error\" required><\/div><div id=\"wpforms-36885-field_11-container\" class=\"wpforms-field wpforms-field-divider\" data-field-type=\"divider\" data-field-id=\"11\"><h3 id=\"wpforms-36885-field_11\" aria-errormessage=\"wpforms-36885-field_11-error\">Equipment Information<\/h3><\/div><div id=\"wpforms-36885-field_10-container\" class=\"wpforms-field wpforms-field-text\" data-field-type=\"text\" data-field-id=\"10\"><label class=\"wpforms-field-label\" for=\"wpforms-36885-field_10\">Full 16-Digit Model Number <span class=\"wpforms-required-label\" aria-hidden=\"true\">*<\/span><\/label><input type=\"text\" id=\"wpforms-36885-field_10\" class=\"wpforms-field-medium wpforms-field-required\" name=\"wpforms[fields][10]\" aria-errormessage=\"wpforms-36885-field_10-error\" aria-describedby=\"wpforms-36885-field_10-description\" required><div id=\"wpforms-36885-field_10-description\" class=\"wpforms-field-description\">Model Numbers 48\/50HC, 48\/50LC, 48\/50N, and 48\/50P will require a full 18-digit model number.\t\t\t\t\t\t\r\n\t\t\t\t\t\t\r\n<\/div><\/div><div id=\"wpforms-36885-field_19-container\" class=\"wpforms-field wpforms-field-html\" data-field-type=\"html\" data-field-id=\"19\"><div id=\"wpforms-36885-field_19\" aria-errormessage=\"wpforms-36885-field_19-error\"><p> Click <a href=\"https:\/\/cematraining.com\/wp-content\/uploads\/2022\/08\/ComfortLink-Replacement-Board-Model-Number-Help-1.pdf\" target=\u201d_blank\u201d> HERE<\/a> for additional notes concerning model numbers<\/p><\/div><\/div><div id=\"wpforms-36885-field_13-container\" class=\"wpforms-field wpforms-field-text\" data-field-type=\"text\" data-field-id=\"13\"><label class=\"wpforms-field-label\" for=\"wpforms-36885-field_13\">Full 10-Digit Serial Number *  (Format: ####x#####) <span class=\"wpforms-required-label\" aria-hidden=\"true\">*<\/span><\/label><input type=\"text\" id=\"wpforms-36885-field_13\" class=\"wpforms-field-medium wpforms-field-required\" name=\"wpforms[fields][13]\" aria-errormessage=\"wpforms-36885-field_13-error\" required><\/div><div id=\"wpforms-36885-field_14-container\" class=\"wpforms-field wpforms-field-divider\" data-field-type=\"divider\" data-field-id=\"14\"><h3 id=\"wpforms-36885-field_14\" aria-errormessage=\"wpforms-36885-field_14-error\">Order Information<\/h3><\/div><div id=\"wpforms-36885-field_15-container\" class=\"wpforms-field wpforms-field-text\" data-field-type=\"text\" data-field-id=\"15\"><label class=\"wpforms-field-label\" for=\"wpforms-36885-field_15\">Dealer Order Number <span class=\"wpforms-required-label\" aria-hidden=\"true\">*<\/span><\/label><input type=\"text\" id=\"wpforms-36885-field_15\" class=\"wpforms-field-medium wpforms-field-required\" name=\"wpforms[fields][15]\" aria-errormessage=\"wpforms-36885-field_15-error\" required><\/div><div id=\"wpforms-36885-field_16-container\" class=\"wpforms-field wpforms-field-address\" data-field-type=\"address\" data-field-id=\"16\"><fieldset><legend class=\"wpforms-field-label\">Shipping Address for board <span class=\"wpforms-required-label\" aria-hidden=\"true\">*<\/span><\/legend><div class=\"wpforms-field-row wpforms-field-medium\"><div ><input type=\"text\" id=\"wpforms-36885-field_16\" class=\"wpforms-field-address-address1 wpforms-field-required\" name=\"wpforms[fields][16][address1]\" aria-errormessage=\"wpforms-36885-field_16-error\" required><label for=\"wpforms-36885-field_16\" class=\"wpforms-field-sublabel after\">Address Line 1<\/label><\/div><\/div><div class=\"wpforms-field-row wpforms-field-medium\"><div ><input type=\"text\" id=\"wpforms-36885-field_16-address2\" class=\"wpforms-field-address-address2\" name=\"wpforms[fields][16][address2]\" aria-errormessage=\"wpforms-36885-field_16-address2-error\" ><label for=\"wpforms-36885-field_16-address2\" class=\"wpforms-field-sublabel after\">Address Line 2<\/label><\/div><\/div><div class=\"wpforms-field-row wpforms-field-medium\"><div class=\"wpforms-field-row-block wpforms-one-half wpforms-first\"><input type=\"text\" id=\"wpforms-36885-field_16-city\" class=\"wpforms-field-address-city wpforms-field-required\" name=\"wpforms[fields][16][city]\" aria-errormessage=\"wpforms-36885-field_16-city-error\" required><label for=\"wpforms-36885-field_16-city\" class=\"wpforms-field-sublabel after\">Ciudad<\/label><\/div><div class=\"wpforms-field-row-block wpforms-one-half\"><select id=\"wpforms-36885-field_16-state\" class=\"wpforms-field-address-state wpforms-field-required\" name=\"wpforms[fields][16][state]\" aria-errormessage=\"wpforms-36885-field_16-state-error\" required><option class=\"placeholder\" value=\"\" selected disabled>&#8212; Select state &#8212;<\/option><option value=\"AL\" >Alabama<\/option><option value=\"AK\" >Alaska<\/option><option value=\"AZ\" >Arizona<\/option><option value=\"AR\" >Arkansas<\/option><option value=\"CA\" >California<\/option><option value=\"CO\" >Colorado<\/option><option value=\"CT\" >Connecticut<\/option><option value=\"DE\" >Delaware<\/option><option value=\"DC\" >Distrito de Columbia<\/option><option value=\"FL\" >Florida<\/option><option value=\"GA\" >Georgia<\/option><option value=\"HI\" >Hawai<\/option><option value=\"ID\" >Idaho<\/option><option value=\"IL\" >Illinois<\/option><option value=\"IN\" >Indiana<\/option><option value=\"IA\" >Iowa<\/option><option value=\"KS\" >Kansas<\/option><option value=\"KY\" >Kentucky<\/option><option value=\"LA\" >Luisiana<\/option><option value=\"ME\" >Maine<\/option><option value=\"MD\" >Maryland<\/option><option value=\"MA\" >Massachusetts<\/option><option value=\"MI\" >M\u00edchigan<\/option><option value=\"MN\" >Minnesota<\/option><option value=\"MS\" >Misisip\u00ed<\/option><option value=\"MO\" >Misuri<\/option><option value=\"MT\" >Montana<\/option><option value=\"NE\" >Nebraska<\/option><option value=\"NV\" >Nevada<\/option><option value=\"NH\" >Nuevo Hampshire<\/option><option value=\"NJ\" >Nueva Jersey<\/option><option value=\"NM\" >Nuevo M\u00e9xico<\/option><option value=\"NY\" >Nueva York<\/option><option value=\"NC\" >Carolina del norte<\/option><option value=\"ND\" >Dakota del norte<\/option><option value=\"OH\" >Ohio<\/option><option value=\"OK\" >Oklahoma<\/option><option value=\"OR\" >Oreg\u00f3n<\/option><option value=\"PA\" >Pensilvania<\/option><option value=\"RI\" >Rhode Island<\/option><option value=\"SC\" >Carolina del Sur<\/option><option value=\"SD\" >Dakota del Sur<\/option><option value=\"TN\" >Tennessee<\/option><option value=\"TX\" >Texas<\/option><option value=\"UT\" >Utah<\/option><option value=\"VT\" >Vermont<\/option><option value=\"VA\" >Virginia<\/option><option value=\"WA\" >Washington<\/option><option value=\"WV\" >Virginia Occidental<\/option><option value=\"WI\" >Wisconsin<\/option><option value=\"WY\" >Wyoming<\/option><\/select><label for=\"wpforms-36885-field_16-state\" class=\"wpforms-field-sublabel after\">State<\/label><\/div><\/div><div class=\"wpforms-field-row wpforms-field-medium\"><div class=\"wpforms-field-row-block wpforms-one-half wpforms-first\"><input type=\"text\" id=\"wpforms-36885-field_16-postal\" class=\"wpforms-field-address-postal wpforms-field-required wpforms-masked-input\" data-inputmask-mask=\"(99999)|(99999-9999)\" data-inputmask-keepstatic=\"true\" data-rule-inputmask-incomplete=\"1\" name=\"wpforms[fields][16][postal]\" aria-errormessage=\"wpforms-36885-field_16-postal-error\" required><label for=\"wpforms-36885-field_16-postal\" class=\"wpforms-field-sublabel after\">Zip Code<\/label><\/div><\/div><\/fieldset><\/div><div id=\"wpforms-36885-field_17-container\" class=\"wpforms-field wpforms-field-text\" data-field-type=\"text\" data-field-id=\"17\"><label class=\"wpforms-field-label\" for=\"wpforms-36885-field_17\">Ship to the attention of: <span class=\"wpforms-required-label\" aria-hidden=\"true\">*<\/span><\/label><input type=\"text\" id=\"wpforms-36885-field_17\" class=\"wpforms-field-medium wpforms-field-required\" name=\"wpforms[fields][17]\" aria-errormessage=\"wpforms-36885-field_17-error\" required><\/div><div id=\"wpforms-36885-field_18-container\" class=\"wpforms-field wpforms-field-divider\" data-field-type=\"divider\" data-field-id=\"18\"><h3 id=\"wpforms-36885-field_18\" aria-errormessage=\"wpforms-36885-field_18-error\" aria-describedby=\"wpforms-36885-field_18-description\">By submiting this form customer agrees to purchase ComfortLink Main Base Board for above unit at the price of $2,700.00. The board is not returnable and, upon verification of account and purchase order number, will be shipped to the address entered above.\t\t\t\t\t\t\t\t\t \t\t\t\t\t\t\t\t\t \t\t\t\t\t\t\t\t\t \t\t\t\t\t\t\t\t\t \t\t\t\t\t\t\t\t\t<\/h3><div id=\"wpforms-36885-field_18-description\" class=\"wpforms-field-description\">CE Mid-Atlantic will provide a programmed Main Base Board for select ComfortLink equipment and ship the controller overnight to our licensed customers that have accounts in good standing with us .  CE Mid-Atlantic is offering this service as a convenience for our customers and end-users to help expedite shipment of programmed board and to keep equipment downtime to a minimum.<\/div><\/div><\/div><!-- .wpforms-field-container --><div class=\"wpforms-submit-container\" ><input type=\"hidden\" name=\"wpforms[id]\" value=\"36885\"><input type=\"hidden\" name=\"page_title\" value=\"\"><input type=\"hidden\" name=\"page_url\" value=\"https:\/\/cematraining.com\/es\/wp-json\/wp\/v2\/pages\/36899\"><input type=\"hidden\" name=\"url_referer\" value=\"\"><button type=\"submit\" name=\"wpforms[submit]\" id=\"wpforms-submit-36885\" class=\"wpforms-submit\" data-alt-text=\"Sending...\" data-submit-text=\"Submit\" aria-live=\"assertive\" value=\"wpforms-submit\">Submit<\/button><img loading=\"lazy\" decoding=\"async\" src=\"https:\/\/cematraining.com\/wp-content\/plugins\/wpforms\/assets\/images\/submit-spin.svg\" class=\"wpforms-submit-spinner\" style=\"display: none;\" width=\"26\" height=\"26\" alt=\"Cargando\"><\/div><\/form><\/div>  <!-- .wpforms-container -->","protected":false},"excerpt":{"rendered":"","protected":false},"author":2,"featured_media":0,"parent":0,"menu_order":0,"comment_status":"closed","ping_status":"closed","template":"","meta":{"_coblocks_attr":"","_coblocks_dimensions":"","_coblocks_responsive_height":"","_coblocks_accordion_ie_support":"","_uag_custom_page_level_css":"","site-sidebar-layout":"default","site-content-layout":"","ast-site-content-layout":"default","site-content-style":"default","site-sidebar-style":"default","ast-global-header-display":"","ast-banner-title-visibility":"","ast-main-header-display":"","ast-hfb-above-header-display":"","ast-hfb-below-header-display":"","ast-hfb-mobile-header-display":"","site-post-title":"","ast-breadcrumbs-content":"","ast-featured-img":"","footer-sml-layout":"","ast-disable-related-posts":"","theme-transparent-header-meta":"","adv-header-id-meta":"","stick-header-meta":"","header-above-stick-meta":"","header-main-stick-meta":"","header-below-stick-meta":"","astra-migrate-meta-layouts":"default","ast-page-background-enabled":"default","ast-page-background-meta":{"desktop":{"background-color":"","background-image":"","background-repeat":"repeat","background-position":"center center","background-size":"auto","background-attachment":"scroll","background-type":"","background-media":"","overlay-type":"","overlay-color":"","overlay-opacity":"","overlay-gradient":""},"tablet":{"background-color":"","background-image":"","background-repeat":"repeat","background-position":"center center","background-size":"auto","background-attachment":"scroll","background-type":"","background-media":"","overlay-type":"","overlay-color":"","overlay-opacity":"","overlay-gradient":""},"mobile":{"background-color":"","background-image":"","background-repeat":"repeat","background-position":"center center","background-size":"auto","background-attachment":"scroll","background-type":"","background-media":"","overlay-type":"","overlay-color":"","overlay-opacity":"","overlay-gradient":""}},"ast-content-background-meta":{"desktop":{"background-color":"var(--ast-global-color-5)","background-image":"","background-repeat":"repeat","background-position":"center center","background-size":"auto","background-attachment":"scroll","background-type":"","background-media":"","overlay-type":"","overlay-color":"","overlay-opacity":"","overlay-gradient":""},"tablet":{"background-color":"var(--ast-global-color-5)","background-image":"","background-repeat":"repeat","background-position":"center center","background-size":"auto","background-attachment":"scroll","background-type":"","background-media":"","overlay-type":"","overlay-color":"","overlay-opacity":"","overlay-gradient":""},"mobile":{"background-color":"var(--ast-global-color-5)","background-image":"","background-repeat":"repeat","background-position":"center center","background-size":"auto","background-attachment":"scroll","background-type":"","background-media":"","overlay-type":"","overlay-color":"","overlay-opacity":"","overlay-gradient":""}},"footnotes":""},"class_list":["post-36899","page","type-page","status-publish","hentry"],"uagb_featured_image_src":{"full":false,"thumbnail":false,"medium":false,"medium_large":false,"large":false,"1536x1536":false,"2048x2048":false,"trp-custom-language-flag":false,"woocommerce_thumbnail":false,"woocommerce_single":false,"woocommerce_gallery_thumbnail":false},"uagb_author_info":{"display_name":"Josh Goodman","author_link":"https:\/\/cematraining.com\/es\/author\/joshg\/"},"uagb_comment_info":0,"uagb_excerpt":null,"_links":{"self":[{"href":"https:\/\/cematraining.com\/es\/wp-json\/wp\/v2\/pages\/36899","targetHints":{"allow":["GET"]}}],"collection":[{"href":"https:\/\/cematraining.com\/es\/wp-json\/wp\/v2\/pages"}],"about":[{"href":"https:\/\/cematraining.com\/es\/wp-json\/wp\/v2\/types\/page"}],"author":[{"embeddable":true,"href":"https:\/\/cematraining.com\/es\/wp-json\/wp\/v2\/users\/2"}],"replies":[{"embeddable":true,"href":"https:\/\/cematraining.com\/es\/wp-json\/wp\/v2\/comments?post=36899"}],"version-history":[{"count":1,"href":"https:\/\/cematraining.com\/es\/wp-json\/wp\/v2\/pages\/36899\/revisions"}],"predecessor-version":[{"id":50602,"href":"https:\/\/cematraining.com\/es\/wp-json\/wp\/v2\/pages\/36899\/revisions\/50602"}],"wp:attachment":[{"href":"https:\/\/cematraining.com\/es\/wp-json\/wp\/v2\/media?parent=36899"}],"curies":[{"name":"gracias","href":"https:\/\/api.w.org\/{rel}","templated":true}]}}