{"id":51185,"date":"2024-11-08T16:09:43","date_gmt":"2024-11-08T21:09:43","guid":{"rendered":"https:\/\/cematraining.com\/?page_id=51185"},"modified":"2025-07-29T15:53:43","modified_gmt":"2025-07-29T19:53:43","slug":"vrf-assisted-startup-program","status":"publish","type":"page","link":"https:\/\/cematraining.com\/es\/vrf-assisted-startup-program\/","title":{"rendered":"Programa de puesta en marcha asistida por VRF"},"content":{"rendered":"<h2 class=\"wp-block-heading\">Bienvenido al programa de puesta en marcha asistida por CE VRF<\/h2>\n\n\n\n<p><strong>ESTE<\/strong> es un <strong>ASISTIDO<\/strong> <strong>Programa de puesta en marcha<\/strong>, <strong>El contratista<\/strong> Haremos la puesta en marcha, mientras lo guiamos y ayudamos durante el proceso en el sitio.<\/p>\n\n\n\n<p>Este es un servicio de puesta en marcha asistida adquirido \u00fanicamente. CE <strong>no lo hace<\/strong> realizar instalaciones completas del sistema o realizar cualquier reparaci\u00f3n. <\/p>\n\n\n\n<p>A continuaci\u00f3n encontrar\u00e1 la informaci\u00f3n y los recursos necesarios para garantizar el inicio exitoso de un nuevo sistema VRF con CE VRF Assisted Start-up, desde qu\u00e9 esperar durante el proceso, los cronogramas de planificaci\u00f3n y qu\u00e9 informaci\u00f3n adicional se necesita para ayudar.<\/p>\n\n\n\n<p>Una vez que se haya pedido el producto VRF, aseg\u00farese de que CE tenga una copia del archivo vPro.<\/p>\n\n\n\n<p>Complete el \u201cFormulario de soporte t\u00e9cnico\u201d&nbsp;<a href=\"https:\/\/cematraining.com\/es\/technical-support-request-form\/\" target=\"_blank\" rel=\"noreferrer noopener\">AQU\u00cd<\/a> para comenzar a planificar previamente la instalaci\u00f3n\/puesta en marcha del sistema VRF.<\/p>\n\n\n\n<p>El Equipo de Garant\u00eda del Cliente se comunicar\u00e1 con usted en breve para planificar\/programar una inspecci\u00f3n previa al trabajo, con dos semanas de anticipaci\u00f3n. <\/p>\n\n\n\n<p>Esto ocurre en alg\u00fan momento durante el proceso de instalaci\u00f3n para responder y revisar cualquier informaci\u00f3n espec\u00edfica sobre la aplicaci\u00f3n del sistema VRF. Durante esta visita, el gerente de garant\u00eda del cliente de VRF abordar\u00e1 el dise\u00f1o, la disposici\u00f3n b\u00e1sica y cualquier posible restricci\u00f3n o inquietud.<\/p>\n\n\n\n<h4 class=\"wp-block-heading\">Una vez finalizada la instalaci\u00f3n, solicita tu Puesta en Marcha Asistida VRF<\/h4>\n\n\n\n<p>Descargue y complete el formulario de Lista de verificaci\u00f3n de instalaci\u00f3n de control y VRF correspondiente que se encuentra&nbsp;<a href=\"https:\/\/cematraining.com\/es\/vrf-assisted-start-up-forms\/\" target=\"_blank\" rel=\"noreferrer noopener\">AQU\u00cd<\/a>&nbsp;para que cada sistema y control se ponga en marcha.<\/p>\n\n\n\n<p>Env\u00ede el diagrama de tuber\u00edas editado y las listas de verificaci\u00f3n de instalaci\u00f3n de control y VRF correspondientes para todos los sistemas en el sitio. La lista de verificaci\u00f3n de instalaci\u00f3n tambi\u00e9n tendr\u00e1 dos fechas de inicio solicitadas con dos semanas de anticipaci\u00f3n.<\/p>\n\n\n\n<p>Complete el \u201cFormulario de soporte t\u00e9cnico\u201d&nbsp;<a href=\"https:\/\/cematraining.com\/es\/technical-support-request-form\/\" target=\"_blank\" rel=\"noreferrer noopener\">AQU\u00cd<\/a>&nbsp;y adjunte las listas de verificaci\u00f3n de instalaci\u00f3n completadas.<\/p>\n\n\n\n<p>El Equipo de Garant\u00eda del Cliente de VRF evaluar\u00e1 la informaci\u00f3n para garantizar que est\u00e9 completa y que tengamos la informaci\u00f3n necesaria para una puesta en marcha exitosa. <\/p>\n\n\n\n<p>El gerente de garant\u00eda del cliente de VRF le responder\u00e1 con los documentos de cargos adicionales y confirmar\u00e1 la fecha de inicio disponible. CE har\u00e1 todo lo posible para adaptarse a una de las fechas solicitadas.<\/p>\n\n\n\n<p>El sistema VRF completo, todos los componentes, deben estar listos para funcionar cuando el gerente de garant\u00eda del cliente de VRF est\u00e9 en el sitio; de lo contrario, se pueden cobrar tarifas de puesta en servicio adicionales, lo que podr\u00eda causar demoras para usted y su cliente.<\/p>\n\n\n\n<p>Haga clic en los siguientes enlaces para <a href=\"https:\/\/cematraining.com\/es\/vrf-startup-guides-software\/\">Gu\u00edas de ayuda para la puesta en marcha<\/a> y <a href=\"https:\/\/cematraining.com\/es\/vrf-startup-guides-software\/\">Software VRF<\/a> programas. <\/p>\n\n\n\n<p>Este servicio es solo para clientes del Atl\u00e1ntico Medio.<\/p>","protected":false},"excerpt":{"rendered":"<p>Welcome to the CE VRF Assisted Start-up Program THIS is a ASSISTED Start-up Program, the contractor will be doing the start-up, as we guide and assist you thru the process on-site. This is a purchased assisted start-up only service. CE does not complete system installations or make any repairs. Below you will find the information [&hellip;]<\/p>\n","protected":false},"author":22,"featured_media":0,"parent":0,"menu_order":0,"comment_status":"closed","ping_status":"closed","template":"","meta":{"_coblocks_attr":"","_coblocks_dimensions":"","_coblocks_responsive_height":"","_coblocks_accordion_ie_support":"","_uag_custom_page_level_css":"","site-sidebar-layout":"default","site-content-layout":"","ast-site-content-layout":"default","site-content-style":"default","site-sidebar-style":"default","ast-global-header-display":"","ast-banner-title-visibility":"","ast-main-header-display":"","ast-hfb-above-header-display":"","ast-hfb-below-header-display":"","ast-hfb-mobile-header-display":"","site-post-title":"disabled","ast-breadcrumbs-content":"","ast-featured-img":"","footer-sml-layout":"","ast-disable-related-posts":"","theme-transparent-header-meta":"","adv-header-id-meta":"","stick-header-meta":"","header-above-stick-meta":"","header-main-stick-meta":"","header-below-stick-meta":"","astra-migrate-meta-layouts":"set","ast-page-background-enabled":"default","ast-page-background-meta":{"desktop":{"background-color":"","background-image":"","background-repeat":"repeat","background-position":"center center","background-size":"auto","background-attachment":"scroll","background-type":"","background-media":"","overlay-type":"","overlay-color":"","overlay-opacity":"","overlay-gradient":""},"tablet":{"background-color":"","background-image":"","background-repeat":"repeat","background-position":"center center","background-size":"auto","background-attachment":"scroll","background-type":"","background-media":"","overlay-type":"","overlay-color":"","overlay-opacity":"","overlay-gradient":""},"mobile":{"background-color":"","background-image":"","background-repeat":"repeat","background-position":"center center","background-size":"auto","background-attachment":"scroll","background-type":"","background-media":"","overlay-type":"","overlay-color":"","overlay-opacity":"","overlay-gradient":""}},"ast-content-background-meta":{"desktop":{"background-color":"var(--ast-global-color-5)","background-image":"","background-repeat":"repeat","background-position":"center center","background-size":"auto","background-attachment":"scroll","background-type":"","background-media":"","overlay-type":"","overlay-color":"","overlay-opacity":"","overlay-gradient":""},"tablet":{"background-color":"var(--ast-global-color-5)","background-image":"","background-repeat":"repeat","background-position":"center center","background-size":"auto","background-attachment":"scroll","background-type":"","background-media":"","overlay-type":"","overlay-color":"","overlay-opacity":"","overlay-gradient":""},"mobile":{"background-color":"var(--ast-global-color-5)","background-image":"","background-repeat":"repeat","background-position":"center center","background-size":"auto","background-attachment":"scroll","background-type":"","background-media":"","overlay-type":"","overlay-color":"","overlay-opacity":"","overlay-gradient":""}},"footnotes":""},"class_list":["post-51185","page","type-page","status-publish","hentry"],"uagb_featured_image_src":{"full":false,"thumbnail":false,"medium":false,"medium_large":false,"large":false,"1536x1536":false,"2048x2048":false,"trp-custom-language-flag":false,"woocommerce_thumbnail":false,"woocommerce_single":false,"woocommerce_gallery_thumbnail":false},"uagb_author_info":{"display_name":"Thomas Windmiller","author_link":"https:\/\/cematraining.com\/es\/author\/thomas-windmiller\/"},"uagb_comment_info":0,"uagb_excerpt":"Welcome to the CE VRF Assisted Start-up Program THIS is a ASSISTED Start-up Program, the contractor will be doing the start-up, as we guide and assist you thru the process on-site. This is a purchased assisted start-up only service. CE does not complete system installations or make any repairs. Below you will find the information&hellip;","_links":{"self":[{"href":"https:\/\/cematraining.com\/es\/wp-json\/wp\/v2\/pages\/51185","targetHints":{"allow":["GET"]}}],"collection":[{"href":"https:\/\/cematraining.com\/es\/wp-json\/wp\/v2\/pages"}],"about":[{"href":"https:\/\/cematraining.com\/es\/wp-json\/wp\/v2\/types\/page"}],"author":[{"embeddable":true,"href":"https:\/\/cematraining.com\/es\/wp-json\/wp\/v2\/users\/22"}],"replies":[{"embeddable":true,"href":"https:\/\/cematraining.com\/es\/wp-json\/wp\/v2\/comments?post=51185"}],"version-history":[{"count":32,"href":"https:\/\/cematraining.com\/es\/wp-json\/wp\/v2\/pages\/51185\/revisions"}],"predecessor-version":[{"id":51266,"href":"https:\/\/cematraining.com\/es\/wp-json\/wp\/v2\/pages\/51185\/revisions\/51266"}],"wp:attachment":[{"href":"https:\/\/cematraining.com\/es\/wp-json\/wp\/v2\/media?parent=51185"}],"curies":[{"name":"gracias","href":"https:\/\/api.w.org\/{rel}","templated":true}]}}