{"id":51187,"date":"2024-11-08T16:10:05","date_gmt":"2024-11-08T21:10:05","guid":{"rendered":"https:\/\/cematraining.com\/?page_id=51187"},"modified":"2025-07-29T15:53:52","modified_gmt":"2025-07-29T19:53:52","slug":"vrf-assisted-start-up-forms","status":"publish","type":"page","link":"https:\/\/cematraining.com\/es\/vrf-assisted-start-up-forms\/","title":{"rendered":"Formularios de puesta en marcha asistida por VRF"},"content":{"rendered":"<h2 class=\"wp-block-heading\">Toshiba Carrier VRF<\/h2>\n\n\n\n<p><a href=\"https:\/\/cematraining.com\/wp-content\/uploads\/2024\/11\/Carrier-Toshiba-Mini-VRF-Installation-Checklist-Ver.-3.0.pdf\" target=\"_blank\" rel=\"noreferrer noopener\">Lista de verificaci\u00f3n para la instalaci\u00f3n de la bomba de calor monof\u00e1sica mini-VRF<\/a><\/p>\n\n\n\n<p><a href=\"https:\/\/cematraining.com\/wp-content\/uploads\/2024\/11\/Carrier-Toshiba-u-Series-VRF-Installation-Checklist-Ver.-1.0.pdf\" target=\"_blank\" rel=\"noreferrer noopener\">Lista de verificaci\u00f3n de instalaci\u00f3n de bombas de calor y recuperaci\u00f3n de calor de la serie u VRF 3PH<\/a><\/p>\n\n\n\n<p><a href=\"https:\/\/cematraining.com\/wp-content\/uploads\/2024\/11\/Carrier-Toshiba-e-Series-VRF-Installation-Checklist-Ver.-3.0.pdf\" target=\"_blank\" rel=\"noreferrer noopener\">Lista de verificaci\u00f3n de instalaci\u00f3n de bombas de calor y recuperaci\u00f3n de calor de la serie e VRF 3PH<\/a><\/p>\n\n\n\n<p><a href=\"https:\/\/cematraining.com\/wp-content\/uploads\/2024\/11\/Carrier-Toshiba-Controls-Checklist-Ver.-3.0.pdf\" target=\"_blank\" rel=\"noreferrer noopener\">Lista de verificaci\u00f3n de instalaci\u00f3n de controles centrales y puertas de enlace Toshiba VRF<\/a><\/p>\n\n\n\n<h2 class=\"wp-block-heading\">Portador\/VRF Bryant<\/h2>\n\n\n\n<p><a href=\"https:\/\/cematraining.com\/wp-content\/uploads\/2024\/11\/Carrier-Bryant-Mini-VRF-Installation-Checklist-Ver.-3.0.pdf\" target=\"_blank\" rel=\"noreferrer noopener\">Lista de verificaci\u00f3n para la instalaci\u00f3n de la bomba de calor monof\u00e1sica mini-VRF<\/a><\/p>\n\n\n\n<p><a href=\"https:\/\/cematraining.com\/wp-content\/uploads\/2024\/11\/Carrier-Bryant-VRF-Installation-Checklist-Ver.-3.0.pdf\" target=\"_blank\" rel=\"noreferrer noopener\">Lista de verificaci\u00f3n para la instalaci\u00f3n de bombas de calor y recuperaci\u00f3n de calor VRF 3PH<\/a><\/p>\n\n\n\n<p><a href=\"https:\/\/cematraining.com\/wp-content\/uploads\/2024\/11\/Carrier-Bryant-VRF-Control-Checklist-Ver.-3.0.pdf\" target=\"_blank\" rel=\"noreferrer noopener\">Lista de verificaci\u00f3n de instalaci\u00f3n de controles centrales\/puertas de enlace VRF de Carrier\/Bryant<\/a><\/p>\n\n\n\n<h2 class=\"wp-block-heading\">Hoja de trabajo de control central VRF<\/h2>\n\n\n\n<p><a href=\"https:\/\/cematraining.com\/wp-content\/uploads\/2024\/11\/Central-Control-Worksheet-Ver.-1.0.xlsx\" target=\"_blank\" rel=\"noreferrer noopener\">Hoja de trabajo de controles centrales<\/a><\/p>\n\n\n\n<h2 class=\"wp-block-heading\">Informe de puesta en marcha de VRF<\/h2>\n\n\n\n<p><a href=\"https:\/\/cematraining.com\/wp-content\/uploads\/2024\/11\/CE-VRF-Start-Up-Report-Ver.-2.0.pdf\" target=\"_blank\" rel=\"noreferrer noopener\">Informe de inicio de VRF: Toshiba Carrier o Carrier\/Bryant<\/a><\/p>","protected":false},"excerpt":{"rendered":"<p>Toshiba Carrier VRF 1PH Mini-VRF Heat Pump Installation Check List 3PH VRF u-Series Heat Pump &amp; Heat Recovery Installation Check List 3PH VRF e-Series Heat Pump &amp; Heat Recovery Installation Check List Toshiba VRF Central Controls \/ Gateways Installation Check List Carrier \/ Bryant VRF 1PH Mini-VRF Heat Pump Installation Check List 3PH VRF Heat [&hellip;]<\/p>\n","protected":false},"author":22,"featured_media":0,"parent":0,"menu_order":0,"comment_status":"closed","ping_status":"closed","template":"","meta":{"_coblocks_attr":"","_coblocks_dimensions":"","_coblocks_responsive_height":"","_coblocks_accordion_ie_support":"","_uag_custom_page_level_css":"","site-sidebar-layout":"default","site-content-layout":"","ast-site-content-layout":"default","site-content-style":"default","site-sidebar-style":"default","ast-global-header-display":"","ast-banner-title-visibility":"","ast-main-header-display":"","ast-hfb-above-header-display":"","ast-hfb-below-header-display":"","ast-hfb-mobile-header-display":"","site-post-title":"","ast-breadcrumbs-content":"","ast-featured-img":"","footer-sml-layout":"","ast-disable-related-posts":"","theme-transparent-header-meta":"","adv-header-id-meta":"","stick-header-meta":"","header-above-stick-meta":"","header-main-stick-meta":"","header-below-stick-meta":"","astra-migrate-meta-layouts":"set","ast-page-background-enabled":"default","ast-page-background-meta":{"desktop":{"background-color":"","background-image":"","background-repeat":"repeat","background-position":"center center","background-size":"auto","background-attachment":"scroll","background-type":"","background-media":"","overlay-type":"","overlay-color":"","overlay-opacity":"","overlay-gradient":""},"tablet":{"background-color":"","background-image":"","background-repeat":"repeat","background-position":"center center","background-size":"auto","background-attachment":"scroll","background-type":"","background-media":"","overlay-type":"","overlay-color":"","overlay-opacity":"","overlay-gradient":""},"mobile":{"background-color":"","background-image":"","background-repeat":"repeat","background-position":"center center","background-size":"auto","background-attachment":"scroll","background-type":"","background-media":"","overlay-type":"","overlay-color":"","overlay-opacity":"","overlay-gradient":""}},"ast-content-background-meta":{"desktop":{"background-color":"var(--ast-global-color-5)","background-image":"","background-repeat":"repeat","background-position":"center center","background-size":"auto","background-attachment":"scroll","background-type":"","background-media":"","overlay-type":"","overlay-color":"","overlay-opacity":"","overlay-gradient":""},"tablet":{"background-color":"var(--ast-global-color-5)","background-image":"","background-repeat":"repeat","background-position":"center center","background-size":"auto","background-attachment":"scroll","background-type":"","background-media":"","overlay-type":"","overlay-color":"","overlay-opacity":"","overlay-gradient":""},"mobile":{"background-color":"var(--ast-global-color-5)","background-image":"","background-repeat":"repeat","background-position":"center center","background-size":"auto","background-attachment":"scroll","background-type":"","background-media":"","overlay-type":"","overlay-color":"","overlay-opacity":"","overlay-gradient":""}},"footnotes":""},"class_list":["post-51187","page","type-page","status-publish","hentry"],"uagb_featured_image_src":{"full":false,"thumbnail":false,"medium":false,"medium_large":false,"large":false,"1536x1536":false,"2048x2048":false,"trp-custom-language-flag":false,"woocommerce_thumbnail":false,"woocommerce_single":false,"woocommerce_gallery_thumbnail":false},"uagb_author_info":{"display_name":"Thomas Windmiller","author_link":"https:\/\/cematraining.com\/es\/author\/thomas-windmiller\/"},"uagb_comment_info":0,"uagb_excerpt":"Toshiba Carrier VRF 1PH Mini-VRF Heat Pump Installation Check List 3PH VRF u-Series Heat Pump &amp; Heat Recovery Installation Check List 3PH VRF e-Series Heat Pump &amp; Heat Recovery Installation Check List Toshiba VRF Central Controls \/ Gateways Installation Check List Carrier \/ Bryant VRF 1PH Mini-VRF Heat Pump Installation Check List 3PH VRF Heat&hellip;","_links":{"self":[{"href":"https:\/\/cematraining.com\/es\/wp-json\/wp\/v2\/pages\/51187","targetHints":{"allow":["GET"]}}],"collection":[{"href":"https:\/\/cematraining.com\/es\/wp-json\/wp\/v2\/pages"}],"about":[{"href":"https:\/\/cematraining.com\/es\/wp-json\/wp\/v2\/types\/page"}],"author":[{"embeddable":true,"href":"https:\/\/cematraining.com\/es\/wp-json\/wp\/v2\/users\/22"}],"replies":[{"embeddable":true,"href":"https:\/\/cematraining.com\/es\/wp-json\/wp\/v2\/comments?post=51187"}],"version-history":[{"count":6,"href":"https:\/\/cematraining.com\/es\/wp-json\/wp\/v2\/pages\/51187\/revisions"}],"predecessor-version":[{"id":51233,"href":"https:\/\/cematraining.com\/es\/wp-json\/wp\/v2\/pages\/51187\/revisions\/51233"}],"wp:attachment":[{"href":"https:\/\/cematraining.com\/es\/wp-json\/wp\/v2\/media?parent=51187"}],"curies":[{"name":"gracias","href":"https:\/\/api.w.org\/{rel}","templated":true}]}}