{"id":9,"date":"2018-12-18T05:52:48","date_gmt":"2018-12-18T05:52:48","guid":{"rendered":"http:\/\/cematraining.com\/home\/"},"modified":"2024-07-05T10:50:43","modified_gmt":"2024-07-05T14:50:43","slug":"home","status":"publish","type":"page","link":"https:\/\/cematraining.com\/es\/","title":{"rendered":"Hogar"},"content":{"rendered":"<h1 class=\"wp-block-heading has-text-align-center has-custom-font has-black-color has-text-color\" id=\"welcome-to-carrier-enterprise-s-training-site\">BIENVENIDO AL SITIO DE SOPORTE T\u00c9CNICO DE CARRIER ENTERPRISE<\/h1>\n\n\n\n<section class=\"wp-block-uagb-columns uagb-columns__wrap uagb-columns__background-none uagb-columns__stack-mobile uagb-columns__valign- uagb-columns__gap-10 align uagb-block-4e147ff8 uagb-columns__columns-3 uagb-columns__max_width-theme\"><div class=\"uagb-columns__overlay\"><\/div><div class=\"uagb-columns__inner-wrap uagb-columns__columns-3\">\n<div class=\"wp-block-uagb-column uagb-column__wrap uagb-column__background-undefined uagb-block-056cadf8\"><div class=\"uagb-column__overlay\"><\/div>\n<h2 class=\"wp-block-heading has-text-align-center\">\u00a1Necesitas ayuda! \u00a1Utilice nuestros formularios de informes de campo para obtener la asistencia m\u00e1s r\u00e1pida! <\/h2>\n\n\n\n<div class=\"wp-block-uagb-buttons uagb-buttons__outer-wrap uagb-btn__default-btn uagb-btn-tablet__default-btn uagb-btn-mobile__default-btn uagb-block-2f3120a3\"><div class=\"uagb-buttons__wrap uagb-buttons-layout-wrap\">\n<div class=\"wp-block-uagb-buttons-child uagb-buttons__outer-wrap uagb-block-88e43067 wp-block-button\"><div class=\"uagb-button__wrapper\"><a class=\"uagb-buttons-repeater wp-block-button__link\" aria-label=\"\" href=\"https:\/\/cematraining.com\/es\/forms\/\" rel=\"follow noopener\" target=\"_self\" role=\"button\"><div class=\"uagb-button__link\">Formularios de informes de campo<\/div><\/a><\/div><\/div>\n<\/div><\/div>\n<\/div>\n\n\n\n<div class=\"wp-block-uagb-column uagb-column__wrap uagb-column__background-undefined uagb-block-f03de35a\"><div class=\"uagb-column__overlay\"><\/div>\n<figure class=\"wp-block-image aligncenter size-medium is-resized\"><img loading=\"lazy\" decoding=\"async\" width=\"300\" height=\"213\" src=\"https:\/\/cematraining.com\/wp-content\/uploads\/2023\/06\/cropped-ce-2023-logo-blk_sq-transp-300x213.png\" alt=\"\" class=\"wp-image-43659\" style=\"width:204px;height:auto\" srcset=\"https:\/\/cematraining.com\/wp-content\/uploads\/2023\/06\/cropped-ce-2023-logo-blk_sq-transp-300x213.png 300w, https:\/\/cematraining.com\/wp-content\/uploads\/2023\/06\/cropped-ce-2023-logo-blk_sq-transp-768x546.png 768w, https:\/\/cematraining.com\/wp-content\/uploads\/2023\/06\/cropped-ce-2023-logo-blk_sq-transp-18x12.png 18w, https:\/\/cematraining.com\/wp-content\/uploads\/2023\/06\/cropped-ce-2023-logo-blk_sq-transp-600x426.png 600w, https:\/\/cematraining.com\/wp-content\/uploads\/2023\/06\/cropped-ce-2023-logo-blk_sq-transp-140x99.png 140w, https:\/\/cematraining.com\/wp-content\/uploads\/2023\/06\/cropped-ce-2023-logo-blk_sq-transp.png 898w\" sizes=\"auto, (max-width: 300px) 100vw, 300px\" \/><\/figure>\n<\/div>\n\n\n\n<div class=\"wp-block-uagb-column uagb-column__wrap uagb-column__background-undefined uagb-block-aec6b69e\"><div class=\"uagb-column__overlay\"><\/div>\n<div class=\"wp-block-uagb-image aligncenter uagb-block-6893c5e5 wp-block-uagb-image--layout-default wp-block-uagb-image--effect-static wp-block-uagb-image--align-center\"><figure class=\"wp-block-uagb-image__figure\"><a class=\"\" href=\"https:\/\/cematraining.com\/es\/combustion-air-calculator-form\/\" target=\"\" rel=\"noopener\"><img decoding=\"async\" srcset=\"https:\/\/cematraining.com\/wp-content\/uploads\/2022\/10\/NewFeature-300x225.jpg ,https:\/\/cematraining.com\/wp-content\/uploads\/2022\/10\/NewFeature.jpg 780w, https:\/\/cematraining.com\/wp-content\/uploads\/2022\/10\/NewFeature.jpg 360w\" sizes=\"auto, (max-width: 480px) 150px\" src=\"https:\/\/cematraining.com\/wp-content\/uploads\/2022\/10\/NewFeature-300x225.jpg\" alt=\"\" class=\"uag-image-37937\" width=\"250\" height=\"175\" title=\"\" loading=\"lazy\" role=\"img\"\/><\/a><\/figure><\/div>\n\n\n\n<p class=\"has-text-align-center\"><strong><a href=\"https:\/\/cematraining.com\/es\/combustion-air-calculator-form\/\">Calculadora de aire de combusti\u00f3n<\/a><\/strong><\/p>\n<\/div>\n<\/div><\/section>\n\n\n\n<hr class=\"wp-block-separator has-text-color has-black-color has-css-opacity has-black-background-color has-background is-style-wide\"\/>\n\n\n\n<h1 class=\"wp-block-heading has-text-align-center\" id=\"need-technical-support-click-here\"><a rel=\"noreferrer noopener\" href=\"https:\/\/cematraining.com\/es\/technical-support-request-form\/\" target=\"_blank\">\u00bfNecesita soporte t\u00e9cnico? haga clic aqu\u00ed<\/a><\/h1>\n\n\n\n<h4 class=\"wp-block-heading has-text-align-center\"><strong>O<\/strong><\/h4>\n\n\n\n<h1 class=\"wp-block-heading has-text-align-center\" id=\"new-request-video-technical-support-with-your-ce-app\"><mark style=\"background-color:rgba(0, 0, 0, 0);color:#ff0000\" class=\"has-inline-color\">USAR<\/mark><mark style=\"background-color:rgba(0, 0, 0, 0)\" class=\"has-inline-color has-black-color\"> Soporte t\u00e9cnico de Wingman en su aplicaci\u00f3n CE HVAC PRO+<\/mark><\/h1>\n\n\n\n<section class=\"wp-block-uagb-columns uagb-columns__wrap uagb-columns__background-none uagb-columns__stack-mobile uagb-columns__valign- uagb-columns__gap-10 align uagb-block-3a371048 uagb-columns__columns-5 uagb-columns__max_width-theme\"><div class=\"uagb-columns__overlay\"><\/div><div class=\"uagb-columns__inner-wrap uagb-columns__columns-5\">\n<div class=\"wp-block-uagb-column uagb-column__wrap uagb-column__background-undefined uagb-block-afe121ca\"><div class=\"uagb-column__overlay\"><\/div>\n<figure class=\"wp-block-image size-full is-resized\"><img loading=\"lazy\" decoding=\"async\" width=\"1170\" height=\"2532\" src=\"https:\/\/cematraining.com\/wp-content\/uploads\/2024\/01\/IMG_1618.png\" alt=\"\" class=\"wp-image-48057\" style=\"width:189px;height:auto\" srcset=\"https:\/\/cematraining.com\/wp-content\/uploads\/2024\/01\/IMG_1618.png 1170w, https:\/\/cematraining.com\/wp-content\/uploads\/2024\/01\/IMG_1618-139x300.png 139w, https:\/\/cematraining.com\/wp-content\/uploads\/2024\/01\/IMG_1618-473x1024.png 473w, https:\/\/cematraining.com\/wp-content\/uploads\/2024\/01\/IMG_1618-768x1662.png 768w, https:\/\/cematraining.com\/wp-content\/uploads\/2024\/01\/IMG_1618-710x1536.png 710w, https:\/\/cematraining.com\/wp-content\/uploads\/2024\/01\/IMG_1618-946x2048.png 946w, https:\/\/cematraining.com\/wp-content\/uploads\/2024\/01\/IMG_1618-6x12.png 6w, https:\/\/cematraining.com\/wp-content\/uploads\/2024\/01\/IMG_1618-600x1298.png 600w\" sizes=\"auto, (max-width: 1170px) 100vw, 1170px\" \/><\/figure>\n<\/div>\n\n\n\n<div class=\"wp-block-uagb-column uagb-column__wrap uagb-column__background-undefined uagb-block-ec9d5474\"><div class=\"uagb-column__overlay\"><\/div>\n<div style=\"height:55px\" aria-hidden=\"true\" class=\"wp-block-spacer\"><\/div>\n\n\n\n<figure class=\"wp-block-image size-full is-resized\"><img loading=\"lazy\" decoding=\"async\" width=\"308\" height=\"408\" src=\"https:\/\/cematraining.com\/wp-content\/uploads\/2024\/01\/Ultimate-App.png\" alt=\"\" class=\"wp-image-48064\" style=\"width:227px;height:auto\" srcset=\"https:\/\/cematraining.com\/wp-content\/uploads\/2024\/01\/Ultimate-App.png 308w, https:\/\/cematraining.com\/wp-content\/uploads\/2024\/01\/Ultimate-App-226x300.png 226w, https:\/\/cematraining.com\/wp-content\/uploads\/2024\/01\/Ultimate-App-9x12.png 9w\" sizes=\"auto, (max-width: 308px) 100vw, 308px\" \/><\/figure>\n<\/div>\n\n\n\n<div class=\"wp-block-uagb-column uagb-column__wrap uagb-column__background-undefined uagb-block-b61ffbc2\"><div class=\"uagb-column__overlay\"><\/div><\/div>\n\n\n\n<div class=\"wp-block-uagb-column uagb-column__wrap uagb-column__background-undefined uagb-block-ca6e97c1\"><div class=\"uagb-column__overlay\"><\/div>\n<div style=\"height:21px\" aria-hidden=\"true\" class=\"wp-block-spacer\"><\/div>\n\n\n\n<figure class=\"wp-block-embed aligncenter is-type-video is-provider-vimeo wp-block-embed-vimeo wp-embed-aspect-16-9 wp-has-aspect-ratio\"><div class=\"wp-block-embed__wrapper\">\n<iframe loading=\"lazy\" title=\"Wingman: soporte t\u00e9cnico del producto\" src=\"https:\/\/player.vimeo.com\/video\/609943097?dnt=1&amp;app_id=122963\" width=\"500\" height=\"281\" frameborder=\"0\" allow=\"autoplay; fullscreen; picture-in-picture; clipboard-write\"><\/iframe>\n<\/div><\/figure>\n\n\n\n<h2 class=\"wp-block-heading has-text-align-center\">Quiere ver una descripci\u00f3n m\u00e1s detallada de c\u00f3mo utilizar Wingman.<\/h2>\n\n\n\n<h2 class=\"wp-block-heading has-text-align-center\">Hacer clic <a href=\"https:\/\/cematraining.com\/es\/how-to-use-wingman\/\">AQU\u00cd<\/a><\/h2>\n<\/div>\n\n\n\n<div class=\"wp-block-uagb-column uagb-column__wrap uagb-column__background-undefined uagb-block-555e19c2\"><div class=\"uagb-column__overlay\"><\/div>\n<h2 class=\"wp-block-heading has-text-align-center has-ast-global-color-8-color has-text-color\"><strong>Obtenga la APLICACI\u00d3N CE HVAC PRO+<\/strong><\/h2>\n\n\n\n<div style=\"height:35px\" aria-hidden=\"true\" class=\"wp-block-spacer\"><\/div>\n\n\n\n<figure class=\"wp-block-image aligncenter size-large is-resized\"><a href=\"http:\/\/apps.apple.com\/us\/app\/ce-hvac-contractor-assist\/id512637219?itsct=apps_box_link&amp;itscg=30200\" target=\"_blank\" rel=\"noopener\"><img loading=\"lazy\" decoding=\"async\" width=\"499\" height=\"167\" src=\"https:\/\/cematraining.com\/wp-content\/uploads\/2021\/06\/apple-black.png\" alt=\"\" class=\"wp-image-30341\" style=\"width:152px;height:auto\" srcset=\"https:\/\/cematraining.com\/wp-content\/uploads\/2021\/06\/apple-black.png 499w, https:\/\/cematraining.com\/wp-content\/uploads\/2021\/06\/apple-black-300x100.png 300w, https:\/\/cematraining.com\/wp-content\/uploads\/2021\/06\/apple-black-400x134.png 400w\" sizes=\"auto, (max-width: 499px) 100vw, 499px\" \/><\/a><\/figure>\n\n\n\n<figure class=\"wp-block-image aligncenter size-large is-resized\"><a href=\"https:\/\/play.google.com\/store\/apps\/details?id=com.es.CE\" target=\"_blank\" rel=\"noopener\"><img loading=\"lazy\" decoding=\"async\" width=\"153\" height=\"46\" src=\"https:\/\/cematraining.com\/wp-content\/uploads\/2021\/06\/Google.png\" alt=\"\" class=\"wp-image-30343\" srcset=\"https:\/\/cematraining.com\/wp-content\/uploads\/2021\/06\/Google.png 153w, https:\/\/cematraining.com\/wp-content\/uploads\/2021\/06\/Google-150x46.png 150w\" sizes=\"auto, (max-width: 153px) 100vw, 153px\" \/><\/a><\/figure>\n<\/div>\n<\/div><\/section>\n\n\n\n<p class=\"has-text-align-center\"><mark style=\"background-color:rgba(0, 0, 0, 0)\" class=\"has-inline-color has-black-color\">Si no tiene un inicio de sesi\u00f3n, comun\u00edquese con el administrador de su empresa y p\u00eddale que lo agregue al perfil de la empresa. <\/mark><mark style=\"background-color:rgba(0, 0, 0, 0)\" class=\"has-inline-color has-vivid-red-color\"><a href=\"http:\/\/ce.carrierenterprise.com\/website-tutorials\" target=\"_blank\" rel=\"noreferrer noopener\">agregar un asociado a la aplicaci\u00f3n CE<\/a>.<\/mark><mark style=\"background-color:rgba(0, 0, 0, 0)\" class=\"has-inline-color has-black-color\">  <\/mark><\/p>\n\n\n\n<p class=\"has-text-align-center\"><mark style=\"background-color:rgba(0, 0, 0, 0)\" class=\"has-inline-color has-black-color\">Una garant\u00eda para el cliente<\/mark> <mark style=\"background-color:rgba(0, 0, 0, 0)\" class=\"has-inline-color has-black-color\">El gerente le devolver\u00e1 la llamada lo antes posible para ayudarle a solucionar el problema.  <\/mark><\/p>\n\n\n\n<hr class=\"wp-block-separator has-text-color has-black-color has-css-opacity has-black-background-color has-background is-style-wide\"\/>\n\n\n\n<p class=\"has-black-color has-text-color\">Bienvenido al sitio de soporte t\u00e9cnico de Carrier Enterprise, creado por t\u00e9cnicos de HVAC para t\u00e9cnicos de HVAC.<br>Nuestro objetivo es ayudar a los t\u00e9cnicos de HVAC de hoy a comprender mejor la instalaci\u00f3n, el funcionamiento y el mantenimiento de los equipos de Carrier, Bryant y Payne. A medida que los productos contin\u00faan siendo mejorados con mejoras y avances tecnol\u00f3gicos que se incorporan a los equipos.<\/p>\n\n\n\n<p class=\"has-black-color has-text-color\">Comenzamos brindando instrucci\u00f3n de primera clase a cada t\u00e9cnico que asiste a nuestra capacitaci\u00f3n. Nuestro objetivo es mejorar el nivel de conocimiento de cada t\u00e9cnico en los fundamentos de HVAC, as\u00ed como en las \u00e1reas de equipos Carrier, Bryant y Payne. Como resultado, aumentar\u00e1 la eficiencia de la instalaci\u00f3n y la resoluci\u00f3n de problemas, lo que aumentar\u00e1 la rentabilidad de su t\u00e9cnico. Ya sea en nuestras salas de capacitaci\u00f3n o utilizando nuestra nueva aula web virtual, sus t\u00e9cnicos recibir\u00e1n una educaci\u00f3n insuperable.<\/p>\n\n\n\n<p class=\"has-black-color has-text-color\">&nbsp;Todos los cursos de capacitaci\u00f3n t\u00e9cnica en persona, Zoom y de autoaprendizaje son elegibles para las horas de educaci\u00f3n continua de NATE.<\/p>\n\n\n\n<hr class=\"wp-block-separator has-text-color has-black-color has-css-opacity has-black-background-color has-background is-style-default\"\/>\n\n\n\n<h2 class=\"wp-block-heading has-text-align-center\" id=\"meet-the-team\"><strong><a href=\"https:\/\/cematraining.com\/es\/about\/\">Conocer al equipo<\/a><\/strong><\/h2>","protected":false},"excerpt":{"rendered":"<p>WELCOME TO CARRIER ENTERPRISE&#8217;S TECHNICAL SUPPORT SITE Need help! Use our field reporting forms to get the quickest assistance! Combustion Air Calculator Need Technical Support? Click here OR USE Wingman Tech Support in your CE HVAC PRO+ App Want to view a more detailed look into how to use Wingman. Click HERE Get the CE [&hellip;]<\/p>\n","protected":false},"author":2,"featured_media":0,"parent":0,"menu_order":0,"comment_status":"closed","ping_status":"closed","template":"","meta":{"_coblocks_attr":"Arial","_coblocks_dimensions":"","_coblocks_responsive_height":"","_coblocks_accordion_ie_support":"","_uag_custom_page_level_css":"","site-sidebar-layout":"right-sidebar","site-content-layout":"plain-container","ast-site-content-layout":"normal-width-container","site-content-style":"unboxed","site-sidebar-style":"unboxed","ast-global-header-display":"","ast-banner-title-visibility":"","ast-main-header-display":"","ast-hfb-above-header-display":"","ast-hfb-below-header-display":"","ast-hfb-mobile-header-display":"","site-post-title":"disabled","ast-breadcrumbs-content":"","ast-featured-img":"","footer-sml-layout":"","ast-disable-related-posts":"","theme-transparent-header-meta":"default","adv-header-id-meta":"","stick-header-meta":"default","header-above-stick-meta":"","header-main-stick-meta":"disabled","header-below-stick-meta":"","astra-migrate-meta-layouts":"set","ast-page-background-enabled":"default","ast-page-background-meta":{"desktop":{"background-color":"","background-image":"","background-repeat":"repeat","background-position":"center center","background-size":"auto","background-attachment":"scroll","background-type":"","background-media":"","overlay-type":"","overlay-color":"","overlay-opacity":"","overlay-gradient":""},"tablet":{"background-color":"","background-image":"","background-repeat":"repeat","background-position":"center center","background-size":"auto","background-attachment":"scroll","background-type":"","background-media":"","overlay-type":"","overlay-color":"","overlay-opacity":"","overlay-gradient":""},"mobile":{"background-color":"","background-image":"","background-repeat":"repeat","background-position":"center center","background-size":"auto","background-attachment":"scroll","background-type":"","background-media":"","overlay-type":"","overlay-color":"","overlay-opacity":"","overlay-gradient":""}},"ast-content-background-meta":{"desktop":{"background-color":"var(--ast-global-color-5)","background-image":"","background-repeat":"repeat","background-position":"center center","background-size":"auto","background-attachment":"scroll","background-type":"","background-media":"","overlay-type":"","overlay-color":"","overlay-opacity":"","overlay-gradient":""},"tablet":{"background-color":"var(--ast-global-color-5)","background-image":"","background-repeat":"repeat","background-position":"center center","background-size":"auto","background-attachment":"scroll","background-type":"","background-media":"","overlay-type":"","overlay-color":"","overlay-opacity":"","overlay-gradient":""},"mobile":{"background-color":"var(--ast-global-color-5)","background-image":"","background-repeat":"repeat","background-position":"center center","background-size":"auto","background-attachment":"scroll","background-type":"","background-media":"","overlay-type":"","overlay-color":"","overlay-opacity":"","overlay-gradient":""}},"footnotes":""},"class_list":["post-9","page","type-page","status-publish","hentry"],"uagb_featured_image_src":{"full":false,"thumbnail":false,"medium":false,"medium_large":false,"large":false,"1536x1536":false,"2048x2048":false,"trp-custom-language-flag":false,"woocommerce_thumbnail":false,"woocommerce_single":false,"woocommerce_gallery_thumbnail":false},"uagb_author_info":{"display_name":"Josh Goodman","author_link":"https:\/\/cematraining.com\/es\/author\/joshg\/"},"uagb_comment_info":0,"uagb_excerpt":"WELCOME TO CARRIER ENTERPRISE&#8217;S TECHNICAL SUPPORT SITE Need help! Use our field reporting forms to get the quickest assistance! Combustion Air Calculator Need Technical Support? Click here OR USE Wingman Tech Support in your CE HVAC PRO+ App Want to view a more detailed look into how to use Wingman. Click HERE Get the CE&hellip;","_links":{"self":[{"href":"https:\/\/cematraining.com\/es\/wp-json\/wp\/v2\/pages\/9","targetHints":{"allow":["GET"]}}],"collection":[{"href":"https:\/\/cematraining.com\/es\/wp-json\/wp\/v2\/pages"}],"about":[{"href":"https:\/\/cematraining.com\/es\/wp-json\/wp\/v2\/types\/page"}],"author":[{"embeddable":true,"href":"https:\/\/cematraining.com\/es\/wp-json\/wp\/v2\/users\/2"}],"replies":[{"embeddable":true,"href":"https:\/\/cematraining.com\/es\/wp-json\/wp\/v2\/comments?post=9"}],"version-history":[{"count":41,"href":"https:\/\/cematraining.com\/es\/wp-json\/wp\/v2\/pages\/9\/revisions"}],"predecessor-version":[{"id":51022,"href":"https:\/\/cematraining.com\/es\/wp-json\/wp\/v2\/pages\/9\/revisions\/51022"}],"wp:attachment":[{"href":"https:\/\/cematraining.com\/es\/wp-json\/wp\/v2\/media?parent=9"}],"curies":[{"name":"gracias","href":"https:\/\/api.w.org\/{rel}","templated":true}]}}