{"id":1459,"date":"2020-04-02T11:13:26","date_gmt":"2020-04-02T15:13:26","guid":{"rendered":"http:\/\/cematraining.com\/?post_type=product&#038;p=1459"},"modified":"2024-07-05T10:50:42","modified_gmt":"2024-07-05T14:50:42","slug":"variable-speed-systems","status":"publish","type":"product","link":"https:\/\/cematraining.com\/es\/producto\/variable-speed-systems\/","title":{"rendered":"Sistemas de velocidad variable"},"content":{"rendered":"<p>Este curso cubre la instalaci\u00f3n de la unidad exterior, la unidad interior y la interfaz de usuario. Analizaremos las caracter\u00edsticas y funciones del sistema y c\u00f3mo garantizar un flujo de aire adecuado y comprenderemos la carga cr\u00edtica de estos sistemas. Cubriremos la soluci\u00f3n de problemas de c\u00f3digos de error y los pasos adecuados para determinar la fuente del c\u00f3digo de error.<\/p>\n<p>Esta clase est\u00e1 dise\u00f1ada para personal de instalaci\u00f3n y servicio.<\/p>\n<p>Esta clase es uno de los requisitos para que los distribuidores compren productos de velocidad variable de Carrier y Bryant.<\/p>\n<p><strong data-rich-text-format-boundary=\"true\">Esquema del curso:<\/strong><\/p>\n<ul id=\"block-99530f75-47b2-47de-9d99-b7eb6fe6cfa4\" class=\"wp-block block-editor-block-list__block has-selected-ui is-selected rich-text block-editor-rich-text__editable\" tabindex=\"0\" role=\"textbox\" contenteditable=\"true\" aria-label=\"Escribir lista\u2026\" aria-multiline=\"true\" data-block=\"99530f75-47b2-47de-9d99-b7eb6fe6cfa4\" data-type=\"core\/list\" data-title=\"List\">\n<li>18\/19 VS Instalaci\u00f3n<\/li>\n<li>Greenspeed \/ Extreme, 18\/19 VS Configuraci\u00f3n y funcionamiento<\/li>\n<li>Configuraci\u00f3n y operaci\u00f3n de fancoil FE \/ FV<\/li>\n<li>Inicio de la interfaz de usuario \/ Uso como herramienta de servicio<\/li>\n<li>C\u00f3digos de resoluci\u00f3n de problemas explicados<\/li>\n<li>Procedimientos de resoluci\u00f3n de problemas<\/li>\n<li>Herramientas necesarias para la soluci\u00f3n adecuada de problemas<\/li>\n<\/ul>\n<h6>Si es un cliente de Carrier Enterprise Mid-Atlantic<\/h6>\n<p>Al realizar este curso y aprobar el examen final con un 90% o superior, puede obtener 4 horas de capacitaci\u00f3n en f\u00e1brica y 4 NATE CEU.<\/p>\n<p>Este curso solo gana estos cr\u00e9ditos si se inscribe despu\u00e9s del 22-10-2020.<\/p>","protected":false},"excerpt":{"rendered":"<p>Instalaci\u00f3n, servicio y soluci\u00f3n de problemas del sistema de velocidad variable Infinity Greenspeed \/ Evolution Extreme.<\/p>","protected":false},"featured_media":28193,"comment_status":"closed","ping_status":"closed","template":"","meta":{"_coblocks_attr":"","_coblocks_dimensions":"","_coblocks_responsive_height":"","_coblocks_accordion_ie_support":"","_uag_custom_page_level_css":"","site-sidebar-layout":"default","site-content-layout":"default","ast-site-content-layout":"default","site-content-style":"default","site-sidebar-style":"default","ast-global-header-display":"","ast-banner-title-visibility":"","ast-main-header-display":"","ast-hfb-above-header-display":"","ast-hfb-below-header-display":"","ast-hfb-mobile-header-display":"","site-post-title":"","ast-breadcrumbs-content":"","ast-featured-img":"","footer-sml-layout":"","ast-disable-related-posts":"","theme-transparent-header-meta":"default","adv-header-id-meta":"","stick-header-meta":"default","header-above-stick-meta":"","header-main-stick-meta":"","header-below-stick-meta":"","astra-migrate-meta-layouts":"default","ast-page-background-enabled":"default","ast-page-background-meta":{"desktop":{"background-color":"","background-image":"","background-repeat":"repeat","background-position":"center center","background-size":"auto","background-attachment":"scroll","background-type":"","background-media":"","overlay-type":"","overlay-color":"","overlay-opacity":"","overlay-gradient":""},"tablet":{"background-color":"","background-image":"","background-repeat":"repeat","background-position":"center center","background-size":"auto","background-attachment":"scroll","background-type":"","background-media":"","overlay-type":"","overlay-color":"","overlay-opacity":"","overlay-gradient":""},"mobile":{"background-color":"","background-image":"","background-repeat":"repeat","background-position":"center center","background-size":"auto","background-attachment":"scroll","background-type":"","background-media":"","overlay-type":"","overlay-color":"","overlay-opacity":"","overlay-gradient":""}},"ast-content-background-meta":{"desktop":{"background-color":"var(--ast-global-color-5)","background-image":"","background-repeat":"repeat","background-position":"center center","background-size":"auto","background-attachment":"scroll","background-type":"","background-media":"","overlay-type":"","overlay-color":"","overlay-opacity":"","overlay-gradient":""},"tablet":{"background-color":"var(--ast-global-color-5)","background-image":"","background-repeat":"repeat","background-position":"center center","background-size":"auto","background-attachment":"scroll","background-type":"","background-media":"","overlay-type":"","overlay-color":"","overlay-opacity":"","overlay-gradient":""},"mobile":{"background-color":"var(--ast-global-color-5)","background-image":"","background-repeat":"repeat","background-position":"center center","background-size":"auto","background-attachment":"scroll","background-type":"","background-media":"","overlay-type":"","overlay-color":"","overlay-opacity":"","overlay-gradient":""}}},"product_brand":[],"product_cat":[48],"product_tag":[],"class_list":{"0":"post-1459","1":"product","2":"type-product","3":"status-publish","4":"has-post-thumbnail","6":"product_cat-self-study","7":"desktop-align-center","8":"tablet-align-center","9":"mobile-align-center","10":"ast-product-gallery-layout-horizontal","11":"ast-product-gallery-with-no-image","12":"ast-magnify-disabled","14":"first","15":"instock","16":"virtual","17":"sold-individually","18":"purchasable","19":"product-type-simple"},"uagb_featured_image_src":{"full":["https:\/\/cematraining.com\/wp-content\/uploads\/2020\/04\/Carrier_0_FrontViewSeeThrough-500-x-500.png",500,500,false],"thumbnail":["https:\/\/cematraining.com\/wp-content\/uploads\/2020\/04\/Carrier_0_FrontViewSeeThrough-500-x-500-150x150.png",150,150,true],"medium":["https:\/\/cematraining.com\/wp-content\/uploads\/2020\/04\/Carrier_0_FrontViewSeeThrough-500-x-500-300x300.png",300,300,true],"medium_large":["https:\/\/cematraining.com\/wp-content\/uploads\/2020\/04\/Carrier_0_FrontViewSeeThrough-500-x-500.png",500,500,false],"large":["https:\/\/cematraining.com\/wp-content\/uploads\/2020\/04\/Carrier_0_FrontViewSeeThrough-500-x-500.png",500,500,false],"1536x1536":["https:\/\/cematraining.com\/wp-content\/uploads\/2020\/04\/Carrier_0_FrontViewSeeThrough-500-x-500.png",500,500,false],"2048x2048":["https:\/\/cematraining.com\/wp-content\/uploads\/2020\/04\/Carrier_0_FrontViewSeeThrough-500-x-500.png",500,500,false],"trp-custom-language-flag":["https:\/\/cematraining.com\/wp-content\/uploads\/2020\/04\/Carrier_0_FrontViewSeeThrough-500-x-500.png",12,12,false],"woocommerce_thumbnail":["https:\/\/cematraining.com\/wp-content\/uploads\/2020\/04\/Carrier_0_FrontViewSeeThrough-500-x-500-300x300.png",300,300,true],"woocommerce_single":["https:\/\/cematraining.com\/wp-content\/uploads\/2020\/04\/Carrier_0_FrontViewSeeThrough-500-x-500.png",500,500,false],"woocommerce_gallery_thumbnail":["https:\/\/cematraining.com\/wp-content\/uploads\/2020\/04\/Carrier_0_FrontViewSeeThrough-500-x-500-100x100.png",100,100,true]},"uagb_author_info":{"display_name":"Tom Windmiller","author_link":"https:\/\/cematraining.com\/es\/author\/"},"uagb_comment_info":0,"uagb_excerpt":"Infinity Greenspeed \/ Evolution Extreme Variable Speed System installation, service and troubleshooting.","_links":{"self":[{"href":"https:\/\/cematraining.com\/es\/wp-json\/wp\/v2\/product\/1459","targetHints":{"allow":["GET"]}}],"collection":[{"href":"https:\/\/cematraining.com\/es\/wp-json\/wp\/v2\/product"}],"about":[{"href":"https:\/\/cematraining.com\/es\/wp-json\/wp\/v2\/types\/product"}],"replies":[{"embeddable":true,"href":"https:\/\/cematraining.com\/es\/wp-json\/wp\/v2\/comments?post=1459"}],"wp:featuredmedia":[{"embeddable":true,"href":"https:\/\/cematraining.com\/es\/wp-json\/wp\/v2\/media\/28193"}],"wp:attachment":[{"href":"https:\/\/cematraining.com\/es\/wp-json\/wp\/v2\/media?parent=1459"}],"wp:term":[{"taxonomy":"product_brand","embeddable":true,"href":"https:\/\/cematraining.com\/es\/wp-json\/wp\/v2\/product_brand?post=1459"},{"taxonomy":"product_cat","embeddable":true,"href":"https:\/\/cematraining.com\/es\/wp-json\/wp\/v2\/product_cat?post=1459"},{"taxonomy":"product_tag","embeddable":true,"href":"https:\/\/cematraining.com\/es\/wp-json\/wp\/v2\/product_tag?post=1459"}],"curies":[{"name":"gracias","href":"https:\/\/api.w.org\/{rel}","templated":true}]}}