{"id":25409,"date":"2020-08-26T09:27:43","date_gmt":"2020-08-26T13:27:43","guid":{"rendered":"http:\/\/cematraining.com\/product\/december-next-gen-infinity-greenspeed-evolution-variable-speed-systems\/"},"modified":"2024-07-05T10:50:39","modified_gmt":"2024-07-05T14:50:39","slug":"december-next-gen-infinity-greenspeed-evolution-variable-speed-systems","status":"publish","type":"product","link":"https:\/\/cematraining.com\/es\/producto\/december-next-gen-infinity-greenspeed-evolution-variable-speed-systems\/","title":{"rendered":"Diciembre de 2020 Sistemas de velocidad variable Infinity Greenspeed \/ Evolution de pr\u00f3xima generaci\u00f3n"},"content":{"rendered":"<p><strong data-rich-text-format-boundary=\"true\">Next Gen Infinity Greenspeed \/ Evolution Variable Speed Systems<\/strong><\/p>\n<p>Cubriremos la instalaci\u00f3n de la unidad exterior, la unidad interior y la interfaz de usuario. Discutiremos las caracter\u00edsticas y funciones del sistema y c\u00f3mo garantizar un flujo de aire adecuado y comprender la carga cr\u00edtica de estos sistemas. Cubriremos los c\u00f3digos de error de soluci\u00f3n de problemas y los pasos para determinar la fuente del c\u00f3digo de error.<\/p>\n<ul id=\"block-b878c669-52ae-4e78-9a99-0f1b8f8958e2\" class=\"block-editor-block-list__block wp-block is-selected rich-text block-editor-rich-text__editable is-hovered\" tabindex=\"0\" role=\"textbox\" contenteditable=\"true\" aria-label=\"Escribir lista\u2026\" aria-multiline=\"true\" data-block=\"b878c669-52ae-4e78-9a99-0f1b8f8958e2\" data-type=\"core\/list\" data-title=\"List\">\n<li>Next Gen Greenspeed \/ Extreme, 24\/26, 18\/19 VS Installation<\/li>\n<li>Next Gen Greenspeed \/ Extreme, 24\/26, 18\/19 VS Set Up and Operation<\/li>\n<li>Configuraci\u00f3n y operaci\u00f3n de fancoil FE \/ FV<\/li>\n<li>Inicio de la interfaz de usuario \/ Uso como herramienta de servicio<\/li>\n<li>C\u00f3digos de resoluci\u00f3n de problemas explicados<\/li>\n<li>Procedimientos de resoluci\u00f3n de problemas<\/li>\n<li>Herramientas necesarias para la soluci\u00f3n de problemas<\/li>\n<\/ul>\n<p>Los asistentes que aprueben el examen al final de la clase ser\u00e1n elegibles para 6 horas de educaci\u00f3n continua NATE Hours y horas de capacitaci\u00f3n para distribuidores.<\/p>\n<p><strong data-rich-text-format-boundary=\"true\">ID de clase NATE 6114-0018<\/strong><\/p>\n<p>Variable Speed System classes will be conducted in 3 (2-Hour Sessions).<\/p>","protected":false},"excerpt":{"rendered":"<p>Next Gen Infinity Greenspeed \/ Evolution Variable Speed Systems We will cover installation of the outdoor unit, indoor unit, and User Interface. We will discuss features and functions of the system and how to ensure proper airflow and understand the critical charging of these systems. We will cover troubleshooting error codes and steps in determining [&hellip;]<\/p>\n","protected":false},"featured_media":25535,"comment_status":"closed","ping_status":"closed","template":"","meta":{"_coblocks_attr":"","_coblocks_dimensions":"","_coblocks_responsive_height":"","_coblocks_accordion_ie_support":"","_uag_custom_page_level_css":"","site-sidebar-layout":"default","site-content-layout":"default","ast-site-content-layout":"default","site-content-style":"default","site-sidebar-style":"default","ast-global-header-display":"","ast-banner-title-visibility":"","ast-main-header-display":"","ast-hfb-above-header-display":"","ast-hfb-below-header-display":"","ast-hfb-mobile-header-display":"","site-post-title":"","ast-breadcrumbs-content":"","ast-featured-img":"","footer-sml-layout":"","ast-disable-related-posts":"","theme-transparent-header-meta":"default","adv-header-id-meta":"","stick-header-meta":"default","header-above-stick-meta":"","header-main-stick-meta":"","header-below-stick-meta":"","astra-migrate-meta-layouts":"default","ast-page-background-enabled":"default","ast-page-background-meta":{"desktop":{"background-color":"","background-image":"","background-repeat":"repeat","background-position":"center center","background-size":"auto","background-attachment":"scroll","background-type":"","background-media":"","overlay-type":"","overlay-color":"","overlay-opacity":"","overlay-gradient":""},"tablet":{"background-color":"","background-image":"","background-repeat":"repeat","background-position":"center center","background-size":"auto","background-attachment":"scroll","background-type":"","background-media":"","overlay-type":"","overlay-color":"","overlay-opacity":"","overlay-gradient":""},"mobile":{"background-color":"","background-image":"","background-repeat":"repeat","background-position":"center center","background-size":"auto","background-attachment":"scroll","background-type":"","background-media":"","overlay-type":"","overlay-color":"","overlay-opacity":"","overlay-gradient":""}},"ast-content-background-meta":{"desktop":{"background-color":"var(--ast-global-color-5)","background-image":"","background-repeat":"repeat","background-position":"center center","background-size":"auto","background-attachment":"scroll","background-type":"","background-media":"","overlay-type":"","overlay-color":"","overlay-opacity":"","overlay-gradient":""},"tablet":{"background-color":"var(--ast-global-color-5)","background-image":"","background-repeat":"repeat","background-position":"center center","background-size":"auto","background-attachment":"scroll","background-type":"","background-media":"","overlay-type":"","overlay-color":"","overlay-opacity":"","overlay-gradient":""},"mobile":{"background-color":"var(--ast-global-color-5)","background-image":"","background-repeat":"repeat","background-position":"center center","background-size":"auto","background-attachment":"scroll","background-type":"","background-media":"","overlay-type":"","overlay-color":"","overlay-opacity":"","overlay-gradient":""}}},"product_brand":[],"product_cat":[39],"product_tag":[],"class_list":{"0":"post-25409","1":"product","2":"type-product","3":"status-publish","4":"has-post-thumbnail","6":"product_cat-zoom-classes","7":"desktop-align-center","8":"tablet-align-center","9":"mobile-align-center","10":"ast-product-gallery-layout-horizontal","11":"ast-product-gallery-with-no-image","12":"ast-magnify-disabled","14":"first","15":"outofstock","16":"virtual","17":"sold-individually","18":"purchasable","19":"product-type-simple"},"uagb_featured_image_src":{"full":["https:\/\/cematraining.com\/wp-content\/uploads\/2020\/08\/VSS-pic-w-zoom-v2.png",1079,608,false],"thumbnail":["https:\/\/cematraining.com\/wp-content\/uploads\/2020\/08\/VSS-pic-w-zoom-v2-150x150.png",150,150,true],"medium":["https:\/\/cematraining.com\/wp-content\/uploads\/2020\/08\/VSS-pic-w-zoom-v2-300x169.png",300,169,true],"medium_large":["https:\/\/cematraining.com\/wp-content\/uploads\/2020\/08\/VSS-pic-w-zoom-v2-768x433.png",768,433,true],"large":["https:\/\/cematraining.com\/wp-content\/uploads\/2020\/08\/VSS-pic-w-zoom-v2-1024x577.png",1024,577,true],"1536x1536":["https:\/\/cematraining.com\/wp-content\/uploads\/2020\/08\/VSS-pic-w-zoom-v2.png",1079,608,false],"2048x2048":["https:\/\/cematraining.com\/wp-content\/uploads\/2020\/08\/VSS-pic-w-zoom-v2.png",1079,608,false],"trp-custom-language-flag":["https:\/\/cematraining.com\/wp-content\/uploads\/2020\/08\/VSS-pic-w-zoom-v2.png",18,10,false],"woocommerce_thumbnail":["https:\/\/cematraining.com\/wp-content\/uploads\/2020\/08\/VSS-pic-w-zoom-v2-300x300.png",300,300,true],"woocommerce_single":["https:\/\/cematraining.com\/wp-content\/uploads\/2020\/08\/VSS-pic-w-zoom-v2-600x338.png",600,338,true],"woocommerce_gallery_thumbnail":["https:\/\/cematraining.com\/wp-content\/uploads\/2020\/08\/VSS-pic-w-zoom-v2-100x100.png",100,100,true]},"uagb_author_info":{"display_name":"Josh Goodman","author_link":"https:\/\/cematraining.com\/es\/author\/"},"uagb_comment_info":0,"uagb_excerpt":"Next Gen Infinity Greenspeed \/ Evolution Variable Speed Systems We will cover installation of the outdoor unit, indoor unit, and User Interface. We will discuss features and functions of the system and how to ensure proper airflow and understand the critical charging of these systems. We will cover troubleshooting error codes and steps in determining&hellip;","_links":{"self":[{"href":"https:\/\/cematraining.com\/es\/wp-json\/wp\/v2\/product\/25409","targetHints":{"allow":["GET"]}}],"collection":[{"href":"https:\/\/cematraining.com\/es\/wp-json\/wp\/v2\/product"}],"about":[{"href":"https:\/\/cematraining.com\/es\/wp-json\/wp\/v2\/types\/product"}],"replies":[{"embeddable":true,"href":"https:\/\/cematraining.com\/es\/wp-json\/wp\/v2\/comments?post=25409"}],"wp:featuredmedia":[{"embeddable":true,"href":"https:\/\/cematraining.com\/es\/wp-json\/wp\/v2\/media\/25535"}],"wp:attachment":[{"href":"https:\/\/cematraining.com\/es\/wp-json\/wp\/v2\/media?parent=25409"}],"wp:term":[{"taxonomy":"product_brand","embeddable":true,"href":"https:\/\/cematraining.com\/es\/wp-json\/wp\/v2\/product_brand?post=25409"},{"taxonomy":"product_cat","embeddable":true,"href":"https:\/\/cematraining.com\/es\/wp-json\/wp\/v2\/product_cat?post=25409"},{"taxonomy":"product_tag","embeddable":true,"href":"https:\/\/cematraining.com\/es\/wp-json\/wp\/v2\/product_tag?post=25409"}],"curies":[{"name":"gracias","href":"https:\/\/api.w.org\/{rel}","templated":true}]}}