{"id":30679,"date":"2021-08-16T09:17:19","date_gmt":"2021-08-16T13:17:19","guid":{"rendered":"http:\/\/cematraining.com\/?post_type=product&#038;p=30679"},"modified":"2024-07-05T10:50:30","modified_gmt":"2024-07-05T14:50:30","slug":"2021-fall-hanover-nov-3rd-carrier-ductless-systems","status":"publish","type":"product","link":"https:\/\/cematraining.com\/es\/producto\/2021-fall-hanover-nov-3rd-carrier-ductless-systems\/","title":{"rendered":"2021 Oto\u00f1o Presencial Hannover 7 de diciembre Carrier Ductless Systems"},"content":{"rendered":"","protected":false},"excerpt":{"rendered":"<h4><span style=\"color: #ff0000;\"><em style=\"color: #ff0000;\"><b>En respuesta a las recomendaciones actuales de los CDC, toda la capacitaci\u00f3n t\u00e9cnica en persona requerir\u00e1 que cada <\/b><b>participante use una m\u00e1scara mientras est\u00e9 dentro de los edificios de Carrier Enterprise.<\/b><\/em><strong><em> Y est\u00e1 sujeto a cambios en cualquier momento seg\u00fan las pautas locales, estatales y de los CDC. Si se cancela una clase presencial, se lo inscribir\u00e1 autom\u00e1ticamente en la reuni\u00f3n de Zoom y recibir\u00e1 una notificaci\u00f3n por correo electr\u00f3nico sobre el curso de Zoom que se agregar\u00e1 a su cuenta.<\/em><\/strong><\/span><\/h4>\n<p>&nbsp;<\/p>\n<h3 class=\"has-text-align-left\"><strong><span class=\"has-inline-color has-black-color\">Sistemas Carrier sin ductos<\/span><\/strong><\/h3>\n<p><span class=\"has-inline-color has-black-color\">Cubriremos la instalaci\u00f3n, el funcionamiento y la resoluci\u00f3n de problemas de los sistemas sin conductos de Carrier\/Bryant. Discutiremos las caracter\u00edsticas y funciones de cada modelo y c\u00f3mo configurarlo correctamente. Cubriremos la soluci\u00f3n de problemas de c\u00f3digos de error y los pasos adecuados para determinar la fuente del c\u00f3digo de error.<\/span><\/p>\n<p><span class=\"has-inline-color has-black-color\">Esta clase est\u00e1 dise\u00f1ada para personal de instalaci\u00f3n y servicio.<\/span><\/p>\n<h2 class=\"has-text-align-center\"><strong><span class=\"has-inline-color has-black-color\">Esquema del curso<\/span><\/strong><\/h2>\n<ul>\n<li><span class=\"has-inline-color has-black-color\">Instalaci\u00f3n sin ductos de uno o varios cabezales<\/span><\/li>\n<li><span class=\"has-inline-color has-black-color\">Configuraci\u00f3n sin ductos<\/span><\/li>\n<li><span class=\"has-inline-color has-black-color\">Secuencia de operaci\u00f3n<\/span><\/li>\n<li><span class=\"has-inline-color has-black-color\">C\u00f3digos de resoluci\u00f3n de problemas explicados<\/span><\/li>\n<li><span class=\"has-inline-color has-black-color\">Procedimientos de resoluci\u00f3n de problemas<\/span><\/li>\n<li><span class=\"has-inline-color has-black-color\">Herramientas necesarias para la soluci\u00f3n de problemas<\/span><\/li>\n<\/ul>\n<p><span class=\"has-inline-color has-black-color\">Los asistentes que aprueben el examen al final de la clase ser\u00e1n elegibles para 8 horas de educaci\u00f3n continua NATE y 8 horas de capacitaci\u00f3n para distribuidores.<\/span><\/p>\n<p class=\"has-text-align-left\"><span class=\"has-inline-color has-black-color\"><strong>ID de clase NATE 6114-0003<\/strong>\u00a0<strong>Costo $45.00<\/strong><\/span><\/p>","protected":false},"featured_media":30983,"comment_status":"open","ping_status":"closed","template":"","meta":{"_coblocks_attr":"","_coblocks_dimensions":"","_coblocks_responsive_height":"","_coblocks_accordion_ie_support":"","_uag_custom_page_level_css":"","site-sidebar-layout":"default","site-content-layout":"default","ast-site-content-layout":"default","site-content-style":"default","site-sidebar-style":"default","ast-global-header-display":"","ast-banner-title-visibility":"","ast-main-header-display":"","ast-hfb-above-header-display":"","ast-hfb-below-header-display":"","ast-hfb-mobile-header-display":"","site-post-title":"","ast-breadcrumbs-content":"","ast-featured-img":"","footer-sml-layout":"","ast-disable-related-posts":"","theme-transparent-header-meta":"default","adv-header-id-meta":"","stick-header-meta":"default","header-above-stick-meta":"","header-main-stick-meta":"","header-below-stick-meta":"","astra-migrate-meta-layouts":"default","ast-page-background-enabled":"default","ast-page-background-meta":{"desktop":{"background-color":"","background-image":"","background-repeat":"repeat","background-position":"center center","background-size":"auto","background-attachment":"scroll","background-type":"","background-media":"","overlay-type":"","overlay-color":"","overlay-opacity":"","overlay-gradient":""},"tablet":{"background-color":"","background-image":"","background-repeat":"repeat","background-position":"center center","background-size":"auto","background-attachment":"scroll","background-type":"","background-media":"","overlay-type":"","overlay-color":"","overlay-opacity":"","overlay-gradient":""},"mobile":{"background-color":"","background-image":"","background-repeat":"repeat","background-position":"center center","background-size":"auto","background-attachment":"scroll","background-type":"","background-media":"","overlay-type":"","overlay-color":"","overlay-opacity":"","overlay-gradient":""}},"ast-content-background-meta":{"desktop":{"background-color":"var(--ast-global-color-5)","background-image":"","background-repeat":"repeat","background-position":"center center","background-size":"auto","background-attachment":"scroll","background-type":"","background-media":"","overlay-type":"","overlay-color":"","overlay-opacity":"","overlay-gradient":""},"tablet":{"background-color":"var(--ast-global-color-5)","background-image":"","background-repeat":"repeat","background-position":"center center","background-size":"auto","background-attachment":"scroll","background-type":"","background-media":"","overlay-type":"","overlay-color":"","overlay-opacity":"","overlay-gradient":""},"mobile":{"background-color":"var(--ast-global-color-5)","background-image":"","background-repeat":"repeat","background-position":"center center","background-size":"auto","background-attachment":"scroll","background-type":"","background-media":"","overlay-type":"","overlay-color":"","overlay-opacity":"","overlay-gradient":""}}},"product_brand":[],"product_cat":[39],"product_tag":[],"class_list":{"0":"post-30679","1":"product","2":"type-product","3":"status-publish","4":"has-post-thumbnail","6":"product_cat-zoom-classes","7":"desktop-align-center","8":"tablet-align-center","9":"mobile-align-center","10":"ast-product-gallery-layout-horizontal","11":"ast-product-gallery-with-no-image","12":"ast-magnify-disabled","14":"first","15":"instock","16":"virtual","17":"sold-individually","18":"purchasable","19":"product-type-simple"},"uagb_featured_image_src":{"full":["https:\/\/cematraining.com\/wp-content\/uploads\/2021\/08\/DLS-build-slide.png",1280,720,false],"thumbnail":["https:\/\/cematraining.com\/wp-content\/uploads\/2021\/08\/DLS-build-slide-150x150.png",150,150,true],"medium":["https:\/\/cematraining.com\/wp-content\/uploads\/2021\/08\/DLS-build-slide-300x169.png",300,169,true],"medium_large":["https:\/\/cematraining.com\/wp-content\/uploads\/2021\/08\/DLS-build-slide-768x432.png",768,432,true],"large":["https:\/\/cematraining.com\/wp-content\/uploads\/2021\/08\/DLS-build-slide-1024x576.png",1024,576,true],"1536x1536":["https:\/\/cematraining.com\/wp-content\/uploads\/2021\/08\/DLS-build-slide.png",1280,720,false],"2048x2048":["https:\/\/cematraining.com\/wp-content\/uploads\/2021\/08\/DLS-build-slide.png",1280,720,false],"trp-custom-language-flag":["https:\/\/cematraining.com\/wp-content\/uploads\/2021\/08\/DLS-build-slide.png",18,10,false],"woocommerce_thumbnail":["https:\/\/cematraining.com\/wp-content\/uploads\/2021\/08\/DLS-build-slide-300x300.png",300,300,true],"woocommerce_single":["https:\/\/cematraining.com\/wp-content\/uploads\/2021\/08\/DLS-build-slide-600x338.png",600,338,true],"woocommerce_gallery_thumbnail":["https:\/\/cematraining.com\/wp-content\/uploads\/2021\/08\/DLS-build-slide-100x100.png",100,100,true]},"uagb_author_info":{"display_name":"Josh Goodman","author_link":"https:\/\/cematraining.com\/es\/author\/"},"uagb_comment_info":0,"uagb_excerpt":"In response to the current CDC recommendations, all In-person technical training will require each participant to wear a mask while inside Carrier Enterprise Buildings. And is subject to change at any time based on CDC, State and Local guidelines. If a In-person class is cancelled you will automatically be enrolled in the Zoom Meeting and&hellip;","_links":{"self":[{"href":"https:\/\/cematraining.com\/es\/wp-json\/wp\/v2\/product\/30679","targetHints":{"allow":["GET"]}}],"collection":[{"href":"https:\/\/cematraining.com\/es\/wp-json\/wp\/v2\/product"}],"about":[{"href":"https:\/\/cematraining.com\/es\/wp-json\/wp\/v2\/types\/product"}],"replies":[{"embeddable":true,"href":"https:\/\/cematraining.com\/es\/wp-json\/wp\/v2\/comments?post=30679"}],"wp:featuredmedia":[{"embeddable":true,"href":"https:\/\/cematraining.com\/es\/wp-json\/wp\/v2\/media\/30983"}],"wp:attachment":[{"href":"https:\/\/cematraining.com\/es\/wp-json\/wp\/v2\/media?parent=30679"}],"wp:term":[{"taxonomy":"product_brand","embeddable":true,"href":"https:\/\/cematraining.com\/es\/wp-json\/wp\/v2\/product_brand?post=30679"},{"taxonomy":"product_cat","embeddable":true,"href":"https:\/\/cematraining.com\/es\/wp-json\/wp\/v2\/product_cat?post=30679"},{"taxonomy":"product_tag","embeddable":true,"href":"https:\/\/cematraining.com\/es\/wp-json\/wp\/v2\/product_tag?post=30679"}],"curies":[{"name":"gracias","href":"https:\/\/api.w.org\/{rel}","templated":true}]}}