{"id":30680,"date":"2021-08-16T09:19:53","date_gmt":"2021-08-16T13:19:53","guid":{"rendered":"http:\/\/cematraining.com\/?post_type=product&#038;p=30680"},"modified":"2024-07-05T10:50:30","modified_gmt":"2024-07-05T14:50:30","slug":"2021-fall-oct-5th-carrier-bryant-gas-furnace-troubleshooting","status":"publish","type":"product","link":"https:\/\/cematraining.com\/es\/producto\/2021-fall-oct-5th-carrier-bryant-gas-furnace-troubleshooting\/","title":{"rendered":"Zoom de oto\u00f1o de 2021 30 de noviembre Soluci\u00f3n de problemas del horno de gas Carrier\/Bryant"},"content":{"rendered":"","protected":false},"excerpt":{"rendered":"<h3><strong><span class=\"has-inline-color has-black-color\">Horno de gas Carrier\/Bryant<\/span><\/strong><\/h3>\n<p><span class=\"has-inline-color has-black-color\">Cubriremos la instalaci\u00f3n, el funcionamiento y la soluci\u00f3n de problemas del horno de gas Carrier\/Bryant. Discutiremos las caracter\u00edsticas y funciones de cada modelo y c\u00f3mo configurarlo correctamente. Comprender la secuencia de operaci\u00f3n en la resoluci\u00f3n de problemas. Cubriremos la soluci\u00f3n de problemas de c\u00f3digos de error y los pasos adecuados para determinar la fuente del c\u00f3digo de error.<\/span><\/p>\n<p><span class=\"has-inline-color has-black-color\">Esta clase est\u00e1 dise\u00f1ada para personal de instalaci\u00f3n y servicio.<\/span><\/p>\n<h2 class=\"has-text-align-center\"><strong><span class=\"has-inline-color has-black-color\">Esquema del curso<\/span><\/strong><\/h2>\n<ul>\n<li><span class=\"has-inline-color has-black-color\">Instalaci\u00f3n de hornos de gas<\/span><\/li>\n<li><span class=\"has-inline-color has-black-color\">Instalaci\u00f3n del horno de gas<\/span><\/li>\n<li><span class=\"has-inline-color has-black-color\">Secuencia de operaci\u00f3n<\/span><\/li>\n<li><span class=\"has-inline-color has-black-color\">C\u00f3digos de resoluci\u00f3n de problemas explicados<\/span><\/li>\n<li><span class=\"has-inline-color has-black-color\">Procedimientos de resoluci\u00f3n de problemas<\/span><\/li>\n<li><span class=\"has-inline-color has-black-color\">Herramientas necesarias para la soluci\u00f3n adecuada de problemas<\/span><\/li>\n<\/ul>\n<p><span class=\"has-inline-color has-black-color\">Los asistentes que aprueben el examen al final de la clase ser\u00e1n elegibles para 6 horas de educaci\u00f3n continua NATE y 6 horas de capacitaci\u00f3n para distribuidores.<\/span><\/p>\n<p><span class=\"has-inline-color has-black-color\"><strong>ID de clase NATE 6114-0009<\/strong>\u00a0<strong>Costo: $45.00<\/strong><\/span><\/p>","protected":false},"featured_media":30982,"comment_status":"open","ping_status":"closed","template":"","meta":{"_coblocks_attr":"","_coblocks_dimensions":"","_coblocks_responsive_height":"","_coblocks_accordion_ie_support":"","_uag_custom_page_level_css":"","site-sidebar-layout":"default","site-content-layout":"default","ast-site-content-layout":"default","site-content-style":"default","site-sidebar-style":"default","ast-global-header-display":"","ast-banner-title-visibility":"","ast-main-header-display":"","ast-hfb-above-header-display":"","ast-hfb-below-header-display":"","ast-hfb-mobile-header-display":"","site-post-title":"","ast-breadcrumbs-content":"","ast-featured-img":"","footer-sml-layout":"","ast-disable-related-posts":"","theme-transparent-header-meta":"default","adv-header-id-meta":"","stick-header-meta":"default","header-above-stick-meta":"","header-main-stick-meta":"","header-below-stick-meta":"","astra-migrate-meta-layouts":"default","ast-page-background-enabled":"default","ast-page-background-meta":{"desktop":{"background-color":"","background-image":"","background-repeat":"repeat","background-position":"center center","background-size":"auto","background-attachment":"scroll","background-type":"","background-media":"","overlay-type":"","overlay-color":"","overlay-opacity":"","overlay-gradient":""},"tablet":{"background-color":"","background-image":"","background-repeat":"repeat","background-position":"center center","background-size":"auto","background-attachment":"scroll","background-type":"","background-media":"","overlay-type":"","overlay-color":"","overlay-opacity":"","overlay-gradient":""},"mobile":{"background-color":"","background-image":"","background-repeat":"repeat","background-position":"center center","background-size":"auto","background-attachment":"scroll","background-type":"","background-media":"","overlay-type":"","overlay-color":"","overlay-opacity":"","overlay-gradient":""}},"ast-content-background-meta":{"desktop":{"background-color":"var(--ast-global-color-5)","background-image":"","background-repeat":"repeat","background-position":"center center","background-size":"auto","background-attachment":"scroll","background-type":"","background-media":"","overlay-type":"","overlay-color":"","overlay-opacity":"","overlay-gradient":""},"tablet":{"background-color":"var(--ast-global-color-5)","background-image":"","background-repeat":"repeat","background-position":"center center","background-size":"auto","background-attachment":"scroll","background-type":"","background-media":"","overlay-type":"","overlay-color":"","overlay-opacity":"","overlay-gradient":""},"mobile":{"background-color":"var(--ast-global-color-5)","background-image":"","background-repeat":"repeat","background-position":"center center","background-size":"auto","background-attachment":"scroll","background-type":"","background-media":"","overlay-type":"","overlay-color":"","overlay-opacity":"","overlay-gradient":""}}},"product_brand":[],"product_cat":[39],"product_tag":[],"class_list":{"0":"post-30680","1":"product","2":"type-product","3":"status-publish","4":"has-post-thumbnail","6":"product_cat-zoom-classes","7":"desktop-align-center","8":"tablet-align-center","9":"mobile-align-center","10":"ast-product-gallery-layout-horizontal","11":"ast-product-gallery-with-no-image","12":"ast-magnify-disabled","14":"first","15":"instock","16":"virtual","17":"sold-individually","18":"purchasable","19":"product-type-simple"},"uagb_featured_image_src":{"full":["https:\/\/cematraining.com\/wp-content\/uploads\/2021\/08\/GF-build-slide.png",1280,720,false],"thumbnail":["https:\/\/cematraining.com\/wp-content\/uploads\/2021\/08\/GF-build-slide-150x150.png",150,150,true],"medium":["https:\/\/cematraining.com\/wp-content\/uploads\/2021\/08\/GF-build-slide-300x169.png",300,169,true],"medium_large":["https:\/\/cematraining.com\/wp-content\/uploads\/2021\/08\/GF-build-slide-768x432.png",768,432,true],"large":["https:\/\/cematraining.com\/wp-content\/uploads\/2021\/08\/GF-build-slide-1024x576.png",1024,576,true],"1536x1536":["https:\/\/cematraining.com\/wp-content\/uploads\/2021\/08\/GF-build-slide.png",1280,720,false],"2048x2048":["https:\/\/cematraining.com\/wp-content\/uploads\/2021\/08\/GF-build-slide.png",1280,720,false],"trp-custom-language-flag":["https:\/\/cematraining.com\/wp-content\/uploads\/2021\/08\/GF-build-slide.png",18,10,false],"woocommerce_thumbnail":["https:\/\/cematraining.com\/wp-content\/uploads\/2021\/08\/GF-build-slide-300x300.png",300,300,true],"woocommerce_single":["https:\/\/cematraining.com\/wp-content\/uploads\/2021\/08\/GF-build-slide-600x338.png",600,338,true],"woocommerce_gallery_thumbnail":["https:\/\/cematraining.com\/wp-content\/uploads\/2021\/08\/GF-build-slide-100x100.png",100,100,true]},"uagb_author_info":{"display_name":"Josh Goodman","author_link":"https:\/\/cematraining.com\/es\/author\/"},"uagb_comment_info":0,"uagb_excerpt":"Carrier\/Bryant Gas Furnace We will cover installation, operation and troubleshooting of the Carrier\/Bryant gas furnace. We will discuss features and functions of each model and how to set it up properly. Understanding the sequence of operation in troubleshooting. We will cover troubleshooting error codes and proper steps in determining the source of the error code.&hellip;","_links":{"self":[{"href":"https:\/\/cematraining.com\/es\/wp-json\/wp\/v2\/product\/30680","targetHints":{"allow":["GET"]}}],"collection":[{"href":"https:\/\/cematraining.com\/es\/wp-json\/wp\/v2\/product"}],"about":[{"href":"https:\/\/cematraining.com\/es\/wp-json\/wp\/v2\/types\/product"}],"replies":[{"embeddable":true,"href":"https:\/\/cematraining.com\/es\/wp-json\/wp\/v2\/comments?post=30680"}],"wp:featuredmedia":[{"embeddable":true,"href":"https:\/\/cematraining.com\/es\/wp-json\/wp\/v2\/media\/30982"}],"wp:attachment":[{"href":"https:\/\/cematraining.com\/es\/wp-json\/wp\/v2\/media?parent=30680"}],"wp:term":[{"taxonomy":"product_brand","embeddable":true,"href":"https:\/\/cematraining.com\/es\/wp-json\/wp\/v2\/product_brand?post=30680"},{"taxonomy":"product_cat","embeddable":true,"href":"https:\/\/cematraining.com\/es\/wp-json\/wp\/v2\/product_cat?post=30680"},{"taxonomy":"product_tag","embeddable":true,"href":"https:\/\/cematraining.com\/es\/wp-json\/wp\/v2\/product_tag?post=30680"}],"curies":[{"name":"gracias","href":"https:\/\/api.w.org\/{rel}","templated":true}]}}