{"id":32916,"date":"2022-01-25T11:31:07","date_gmt":"2022-01-25T16:31:07","guid":{"rendered":"https:\/\/cematraining.com\/?post_type=product&#038;p=32916"},"modified":"2024-07-05T10:50:25","modified_gmt":"2024-07-05T14:50:25","slug":"2022-spring-march-31st-carrier-bryant-zoning-duct-diagnostics","status":"publish","type":"product","link":"https:\/\/cematraining.com\/es\/producto\/2022-spring-march-31st-carrier-bryant-zoning-duct-diagnostics\/","title":{"rendered":"2022 Primavera 31 de marzo Carrier\/Bryant Zoning &amp; Duct Diagnostics"},"content":{"rendered":"<h3 id=\"carrier-zoning-duct-diagnostics\" class=\"has-black-color has-text-color wp-block-heading\"><strong>Diagn\u00f3stico de conductos y zonificaci\u00f3n de portadores<\/strong><\/h3>\r\n \r\n<p class=\"has-black-color has-text-color\">Cubriremos los diferentes tipos de zonificaci\u00f3n de Carrier. Lo que la zonificaci\u00f3n puede y no puede hacer. Instalaci\u00f3n, configuraci\u00f3n y operaci\u00f3n del sistema de zonificaci\u00f3n Infinity. Discutiremos los amortiguadores de derivaci\u00f3n y sus efectos en el funcionamiento del sistema. Tendremos una conversaci\u00f3n sobre c\u00f3mo un t\u00e9cnico de servicio puede acercarse a un sistema de conductos para solucionar problemas y ofrecer acciones correctivas.<\/p>\r\n \r\n<p class=\"has-black-color has-text-color\">Esta clase est\u00e1 dise\u00f1ada para personal de instalaci\u00f3n y servicio.<\/p>\r\n \r\n<h2 id=\"course-outline\" class=\"has-text-align-center has-black-color has-text-color wp-block-heading\"><strong>Esquema del curso<\/strong><\/h2>\r\n \r\n<ul id=\"block-cb45ca4b-6374-4891-a9f9-84e07e6e9557\" class=\"has-black-color has-text-color wp-block-list\">\r\n \t<li>Solicitud de zonificaci\u00f3n<\/li>\r\n \t<li>Configuraci\u00f3n de zonificaci\u00f3n infinita<\/li>\r\n \t<li>Secuencia de operaci\u00f3n de zonificaci\u00f3n infinita<\/li>\r\n \t<li>C\u00f3digos de resoluci\u00f3n de problemas<\/li>\r\n \t<li>Procedimientos de resoluci\u00f3n de problemas<\/li>\r\n \t<li>Diagn\u00f3stico de conductos<\/li>\r\n \t<li>Herramientas necesarias para la soluci\u00f3n adecuada de problemas<\/li>\r\n<\/ul>\r\n \r\n<p class=\"has-black-color has-text-color\">Los asistentes que aprueben el examen al final de la clase con un 90% o superior ser\u00e1n elegibles para 6 horas de educaci\u00f3n continua NATE y 6 horas de capacitaci\u00f3n para distribuidores.<\/p>\r\n \r\n<p class=\"has-black-color has-text-color\"><strong>ID de clase NATE 6114-0020<\/strong><\/p>","protected":false},"excerpt":{"rendered":"<p>Carrier Zoning &amp; Duct Diagnostics We will cover the different types of Carrier zoning. What zoning can and cannot do. Installation, setup and operation of the Infinity zoning system. We will discuss bypass dampers and its effects on system operation. We will have a conversation about how a service technician can approach a duct system [&hellip;]<\/p>\n","protected":false},"featured_media":0,"comment_status":"closed","ping_status":"closed","template":"","meta":{"_coblocks_attr":"","_coblocks_dimensions":"","_coblocks_responsive_height":"","_coblocks_accordion_ie_support":"","_uag_custom_page_level_css":"","site-sidebar-layout":"default","site-content-layout":"default","ast-site-content-layout":"default","site-content-style":"default","site-sidebar-style":"default","ast-global-header-display":"","ast-banner-title-visibility":"","ast-main-header-display":"","ast-hfb-above-header-display":"","ast-hfb-below-header-display":"","ast-hfb-mobile-header-display":"","site-post-title":"","ast-breadcrumbs-content":"","ast-featured-img":"","footer-sml-layout":"","ast-disable-related-posts":"","theme-transparent-header-meta":"","adv-header-id-meta":"","stick-header-meta":"","header-above-stick-meta":"","header-main-stick-meta":"","header-below-stick-meta":"","astra-migrate-meta-layouts":"default","ast-page-background-enabled":"default","ast-page-background-meta":{"desktop":{"background-color":"","background-image":"","background-repeat":"repeat","background-position":"center center","background-size":"auto","background-attachment":"scroll","background-type":"","background-media":"","overlay-type":"","overlay-color":"","overlay-opacity":"","overlay-gradient":""},"tablet":{"background-color":"","background-image":"","background-repeat":"repeat","background-position":"center center","background-size":"auto","background-attachment":"scroll","background-type":"","background-media":"","overlay-type":"","overlay-color":"","overlay-opacity":"","overlay-gradient":""},"mobile":{"background-color":"","background-image":"","background-repeat":"repeat","background-position":"center center","background-size":"auto","background-attachment":"scroll","background-type":"","background-media":"","overlay-type":"","overlay-color":"","overlay-opacity":"","overlay-gradient":""}},"ast-content-background-meta":{"desktop":{"background-color":"var(--ast-global-color-5)","background-image":"","background-repeat":"repeat","background-position":"center center","background-size":"auto","background-attachment":"scroll","background-type":"","background-media":"","overlay-type":"","overlay-color":"","overlay-opacity":"","overlay-gradient":""},"tablet":{"background-color":"var(--ast-global-color-5)","background-image":"","background-repeat":"repeat","background-position":"center center","background-size":"auto","background-attachment":"scroll","background-type":"","background-media":"","overlay-type":"","overlay-color":"","overlay-opacity":"","overlay-gradient":""},"mobile":{"background-color":"var(--ast-global-color-5)","background-image":"","background-repeat":"repeat","background-position":"center center","background-size":"auto","background-attachment":"scroll","background-type":"","background-media":"","overlay-type":"","overlay-color":"","overlay-opacity":"","overlay-gradient":""}}},"product_brand":[],"product_cat":[39],"product_tag":[],"class_list":{"0":"post-32916","1":"product","2":"type-product","3":"status-publish","5":"product_cat-zoom-classes","6":"desktop-align-center","7":"tablet-align-center","8":"mobile-align-center","9":"ast-product-gallery-layout-horizontal","10":"ast-product-gallery-with-no-image","11":"ast-magnify-disabled","13":"first","14":"instock","15":"sold-individually","16":"shipping-taxable","17":"purchasable","18":"product-type-simple"},"uagb_featured_image_src":{"full":false,"thumbnail":false,"medium":false,"medium_large":false,"large":false,"1536x1536":false,"2048x2048":false,"trp-custom-language-flag":false,"woocommerce_thumbnail":false,"woocommerce_single":false,"woocommerce_gallery_thumbnail":false},"uagb_author_info":{"display_name":"Josh Goodman","author_link":"https:\/\/cematraining.com\/es\/author\/"},"uagb_comment_info":0,"uagb_excerpt":"Carrier Zoning &amp; Duct Diagnostics We will cover the different types of Carrier zoning. What zoning can and cannot do. Installation, setup and operation of the Infinity zoning system. We will discuss bypass dampers and its effects on system operation. We will have a conversation about how a service technician can approach a duct system&hellip;","_links":{"self":[{"href":"https:\/\/cematraining.com\/es\/wp-json\/wp\/v2\/product\/32916","targetHints":{"allow":["GET"]}}],"collection":[{"href":"https:\/\/cematraining.com\/es\/wp-json\/wp\/v2\/product"}],"about":[{"href":"https:\/\/cematraining.com\/es\/wp-json\/wp\/v2\/types\/product"}],"replies":[{"embeddable":true,"href":"https:\/\/cematraining.com\/es\/wp-json\/wp\/v2\/comments?post=32916"}],"wp:attachment":[{"href":"https:\/\/cematraining.com\/es\/wp-json\/wp\/v2\/media?parent=32916"}],"wp:term":[{"taxonomy":"product_brand","embeddable":true,"href":"https:\/\/cematraining.com\/es\/wp-json\/wp\/v2\/product_brand?post=32916"},{"taxonomy":"product_cat","embeddable":true,"href":"https:\/\/cematraining.com\/es\/wp-json\/wp\/v2\/product_cat?post=32916"},{"taxonomy":"product_tag","embeddable":true,"href":"https:\/\/cematraining.com\/es\/wp-json\/wp\/v2\/product_tag?post=32916"}],"curies":[{"name":"gracias","href":"https:\/\/api.w.org\/{rel}","templated":true}]}}