{"id":32919,"date":"2022-01-25T11:38:07","date_gmt":"2022-01-25T16:38:07","guid":{"rendered":"https:\/\/cematraining.com\/?post_type=product&#038;p=32919"},"modified":"2024-07-05T10:50:25","modified_gmt":"2024-07-05T14:50:25","slug":"2022-spring-march-29th-carrier-bryant-ductless-systems","status":"publish","type":"product","link":"https:\/\/cematraining.com\/es\/producto\/2022-spring-march-29th-carrier-bryant-ductless-systems\/","title":{"rendered":"2022 Primavera 29 de marzo Carrier\/Bryant Ductless Systems"},"content":{"rendered":"<h3 id=\"carrier-bryant-ductless-systems\" class=\"has-text-align-left has-black-color has-text-color wp-block-heading\"><strong><mark class=\"has-inline-color has-black-color\">Sistemas sin conductos Carrier\/Bryant<\/mark><\/strong><\/h3>\r\n\r\n\r\n\r\n<p class=\"has-black-color has-text-color\"><mark class=\"has-inline-color has-black-color\">Cubriremos la instalaci\u00f3n, el funcionamiento y la resoluci\u00f3n de problemas de los sistemas sin conductos de Carrier\/Bryant. Discutiremos las caracter\u00edsticas y funciones de cada modelo y c\u00f3mo configurarlo correctamente. Cubriremos la soluci\u00f3n de problemas de c\u00f3digos de error y los pasos adecuados para determinar la fuente del c\u00f3digo de error.<\/mark><\/p>\r\n\r\n\r\n\r\n<p class=\"has-black-color has-text-color\"><mark class=\"has-inline-color has-black-color\">Esta clase est\u00e1 dise\u00f1ada para personal de instalaci\u00f3n y servicio.<\/mark><\/p>\r\n\r\n\r\n\r\n<h2 id=\"course-outline\" class=\"has-text-align-center has-black-color has-text-color wp-block-heading\"><strong><span class=\"has-inline-color has-black-color\">Esquema del curso<\/span><\/strong><\/h2>\r\n\r\n\r\n\r\n<ul class=\"has-black-color has-text-color wp-block-list\">\r\n<li><mark class=\"has-inline-color has-black-color\">Instalaci\u00f3n sin ductos de uno o varios cabezales<\/mark><\/li>\r\n<li><mark class=\"has-inline-color has-black-color\">Configuraci\u00f3n sin ductos<\/mark><\/li>\r\n<li><mark class=\"has-inline-color has-black-color\">Secuencia de operaci\u00f3n<\/mark><\/li>\r\n<li><mark class=\"has-inline-color has-black-color\">C\u00f3digos de resoluci\u00f3n de problemas explicados<\/mark><\/li>\r\n<li><mark class=\"has-inline-color has-black-color\">Procedimientos de resoluci\u00f3n de problemas<\/mark><\/li>\r\n<li><mark class=\"has-inline-color has-black-color\">Herramientas necesarias para la soluci\u00f3n de problemas<\/mark><\/li>\r\n<\/ul>\r\n\r\n\r\n\r\n<p class=\"has-black-color has-text-color\"><mark class=\"has-inline-color has-black-color\">Los asistentes que aprueben el examen al final de la clase ser\u00e1n elegibles para 8 horas de educaci\u00f3n continua NATE y 8 horas de capacitaci\u00f3n para distribuidores.<\/mark><\/p>\r\n\r\n\r\n\r\n<p class=\"has-text-align-left has-black-color has-text-color\"><mark class=\"has-inline-color has-black-color\"><strong>ID de clase NATE 6114-0003<\/strong> <\/mark><\/p>","protected":false},"excerpt":{"rendered":"<p>Carrier\/Bryant Ductless Systems We will cover installation, operation and troubleshooting of the Carrier\/Bryant ductless systems. We will discuss features and functions of each model and how to set it up properly. We will cover troubleshooting error codes and proper steps in determining the source of the error code. This class is designed for installation and [&hellip;]<\/p>\n","protected":false},"featured_media":0,"comment_status":"closed","ping_status":"closed","template":"","meta":{"_coblocks_attr":"","_coblocks_dimensions":"","_coblocks_responsive_height":"","_coblocks_accordion_ie_support":"","_uag_custom_page_level_css":"","site-sidebar-layout":"default","site-content-layout":"default","ast-site-content-layout":"default","site-content-style":"default","site-sidebar-style":"default","ast-global-header-display":"","ast-banner-title-visibility":"","ast-main-header-display":"","ast-hfb-above-header-display":"","ast-hfb-below-header-display":"","ast-hfb-mobile-header-display":"","site-post-title":"","ast-breadcrumbs-content":"","ast-featured-img":"","footer-sml-layout":"","ast-disable-related-posts":"","theme-transparent-header-meta":"","adv-header-id-meta":"","stick-header-meta":"","header-above-stick-meta":"","header-main-stick-meta":"","header-below-stick-meta":"","astra-migrate-meta-layouts":"default","ast-page-background-enabled":"default","ast-page-background-meta":{"desktop":{"background-color":"","background-image":"","background-repeat":"repeat","background-position":"center center","background-size":"auto","background-attachment":"scroll","background-type":"","background-media":"","overlay-type":"","overlay-color":"","overlay-opacity":"","overlay-gradient":""},"tablet":{"background-color":"","background-image":"","background-repeat":"repeat","background-position":"center center","background-size":"auto","background-attachment":"scroll","background-type":"","background-media":"","overlay-type":"","overlay-color":"","overlay-opacity":"","overlay-gradient":""},"mobile":{"background-color":"","background-image":"","background-repeat":"repeat","background-position":"center center","background-size":"auto","background-attachment":"scroll","background-type":"","background-media":"","overlay-type":"","overlay-color":"","overlay-opacity":"","overlay-gradient":""}},"ast-content-background-meta":{"desktop":{"background-color":"var(--ast-global-color-5)","background-image":"","background-repeat":"repeat","background-position":"center center","background-size":"auto","background-attachment":"scroll","background-type":"","background-media":"","overlay-type":"","overlay-color":"","overlay-opacity":"","overlay-gradient":""},"tablet":{"background-color":"var(--ast-global-color-5)","background-image":"","background-repeat":"repeat","background-position":"center center","background-size":"auto","background-attachment":"scroll","background-type":"","background-media":"","overlay-type":"","overlay-color":"","overlay-opacity":"","overlay-gradient":""},"mobile":{"background-color":"var(--ast-global-color-5)","background-image":"","background-repeat":"repeat","background-position":"center center","background-size":"auto","background-attachment":"scroll","background-type":"","background-media":"","overlay-type":"","overlay-color":"","overlay-opacity":"","overlay-gradient":""}}},"product_brand":[],"product_cat":[39],"product_tag":[],"class_list":{"0":"post-32919","1":"product","2":"type-product","3":"status-publish","5":"product_cat-zoom-classes","6":"desktop-align-center","7":"tablet-align-center","8":"mobile-align-center","9":"ast-product-gallery-layout-horizontal","10":"ast-product-gallery-with-no-image","11":"ast-magnify-disabled","13":"first","14":"instock","15":"virtual","16":"sold-individually","17":"purchasable","18":"product-type-simple"},"uagb_featured_image_src":{"full":false,"thumbnail":false,"medium":false,"medium_large":false,"large":false,"1536x1536":false,"2048x2048":false,"trp-custom-language-flag":false,"woocommerce_thumbnail":false,"woocommerce_single":false,"woocommerce_gallery_thumbnail":false},"uagb_author_info":{"display_name":"Josh Goodman","author_link":"https:\/\/cematraining.com\/es\/author\/"},"uagb_comment_info":0,"uagb_excerpt":"Carrier\/Bryant Ductless Systems We will cover installation, operation and troubleshooting of the Carrier\/Bryant ductless systems. We will discuss features and functions of each model and how to set it up properly. We will cover troubleshooting error codes and proper steps in determining the source of the error code. This class is designed for installation and&hellip;","_links":{"self":[{"href":"https:\/\/cematraining.com\/es\/wp-json\/wp\/v2\/product\/32919","targetHints":{"allow":["GET"]}}],"collection":[{"href":"https:\/\/cematraining.com\/es\/wp-json\/wp\/v2\/product"}],"about":[{"href":"https:\/\/cematraining.com\/es\/wp-json\/wp\/v2\/types\/product"}],"replies":[{"embeddable":true,"href":"https:\/\/cematraining.com\/es\/wp-json\/wp\/v2\/comments?post=32919"}],"wp:attachment":[{"href":"https:\/\/cematraining.com\/es\/wp-json\/wp\/v2\/media?parent=32919"}],"wp:term":[{"taxonomy":"product_brand","embeddable":true,"href":"https:\/\/cematraining.com\/es\/wp-json\/wp\/v2\/product_brand?post=32919"},{"taxonomy":"product_cat","embeddable":true,"href":"https:\/\/cematraining.com\/es\/wp-json\/wp\/v2\/product_cat?post=32919"},{"taxonomy":"product_tag","embeddable":true,"href":"https:\/\/cematraining.com\/es\/wp-json\/wp\/v2\/product_tag?post=32919"}],"curies":[{"name":"gracias","href":"https:\/\/api.w.org\/{rel}","templated":true}]}}