{"id":32922,"date":"2022-01-25T11:44:48","date_gmt":"2022-01-25T16:44:48","guid":{"rendered":"https:\/\/cematraining.com\/?post_type=product&#038;p=32922"},"modified":"2024-07-05T10:50:25","modified_gmt":"2024-07-05T14:50:25","slug":"2022-spring-march-16th-check-test-and-startup","status":"publish","type":"product","link":"https:\/\/cematraining.com\/es\/producto\/2022-spring-march-16th-check-test-and-startup\/","title":{"rendered":"2022 Primavera 16 de marzo Comprobaci\u00f3n, prueba y puesta en marcha"},"content":{"rendered":"<h3 id=\"check-test-start-up\" class=\"has-black-color has-text-color wp-block-heading\"><strong><span class=\"has-inline-color has-black-color\">Comprobar prueba y puesta en marcha<\/span><\/strong><\/h3>\r\n \r\n<p class=\"has-black-color has-text-color\"><mark class=\"has-inline-color has-black-color\">El flujo de aire es uno de los factores m\u00e1s importantes en el rendimiento, la carga y la capacidad del sistema residencial con los sistemas avanzados de hoy. El uso de las &quot;mejores pr\u00e1cticas&quot; de la industria y las t\u00e9cnicas de puesta en marcha adecuadas son fundamentales para garantizar la comodidad, la capacidad y la confiabilidad del rendimiento del sistema que se entregar\u00e1 al propietario. Esta capacitaci\u00f3n le ense\u00f1ar\u00e1 c\u00f3mo medir y calcular el flujo de aire, una vez verificado, analizaremos la carga del sistema y comprenderemos el sobrecalentamiento y el subenfriamiento. Luego aprenderemos c\u00f3mo usar esta informaci\u00f3n para calcular el rendimiento del sistema.<\/mark><\/p>\r\n \r\n<p class=\"has-black-color has-text-color\"><mark class=\"has-inline-color has-black-color\">Esta clase est\u00e1 dise\u00f1ada para personal de instalaci\u00f3n y servicio.<\/mark><\/p>\r\n \r\n<h2 id=\"course-outline\" class=\"has-text-align-center has-black-color has-text-color wp-block-heading\"><strong><span class=\"has-inline-color has-black-color\">Esquema del curso<\/span><\/strong><\/h2>\r\n \r\n<ul class=\"has-black-color has-text-color wp-block-list\">\r\n \t<li><mark class=\"has-inline-color has-black-color\">Mejores pr\u00e1cticas de instalaci\u00f3n<\/mark><\/li>\r\n \t<li><mark class=\"has-inline-color has-black-color\">Medici\u00f3n b\u00e1sica del flujo de aire para bombas de calor y hornos de gas<\/mark><\/li>\r\n \t<li><mark class=\"has-inline-color has-black-color\">Ciclo refrigerante, subenfriamiento\/supercalor<\/mark><\/li>\r\n \t<li><mark class=\"has-inline-color has-black-color\">Rendimiento y capacidad del sistema<\/mark><\/li>\r\n \t<li><mark class=\"has-inline-color has-black-color\">Herramientas necesarias para la instalaci\u00f3n y puesta en marcha<\/mark><\/li>\r\n<\/ul>\r\n \r\n<p class=\"has-black-color has-text-color\"><mark class=\"has-inline-color has-black-color\">Los asistentes que aprueben el examen al final de la clase ser\u00e1n elegibles para 4 horas de educaci\u00f3n continua NATE y 4 horas de capacitaci\u00f3n para distribuidores.<\/mark><\/p>\r\n \r\n<p class=\"has-black-color has-text-color\"><mark class=\"has-inline-color has-black-color\"><strong>ID de clase NATE 6114-0019<\/strong> <\/mark><\/p>","protected":false},"excerpt":{"rendered":"<p>Check Test &amp; Start up Airflow is one of the most important factors in Residential system performance, charging, and system capacity with today&#8217;s advanced systems. \u00a0Using the industry\u2019s \u201cBest practices\u201d and proper startup techniques are paramount to ensure the comfort, capacity and reliability of the system performance to be delivered to the homeowner. This training [&hellip;]<\/p>\n","protected":false},"featured_media":0,"comment_status":"closed","ping_status":"closed","template":"","meta":{"_coblocks_attr":"","_coblocks_dimensions":"","_coblocks_responsive_height":"","_coblocks_accordion_ie_support":"","_uag_custom_page_level_css":"","site-sidebar-layout":"default","site-content-layout":"default","ast-site-content-layout":"default","site-content-style":"default","site-sidebar-style":"default","ast-global-header-display":"","ast-banner-title-visibility":"","ast-main-header-display":"","ast-hfb-above-header-display":"","ast-hfb-below-header-display":"","ast-hfb-mobile-header-display":"","site-post-title":"","ast-breadcrumbs-content":"","ast-featured-img":"","footer-sml-layout":"","ast-disable-related-posts":"","theme-transparent-header-meta":"","adv-header-id-meta":"","stick-header-meta":"","header-above-stick-meta":"","header-main-stick-meta":"","header-below-stick-meta":"","astra-migrate-meta-layouts":"default","ast-page-background-enabled":"default","ast-page-background-meta":{"desktop":{"background-color":"","background-image":"","background-repeat":"repeat","background-position":"center center","background-size":"auto","background-attachment":"scroll","background-type":"","background-media":"","overlay-type":"","overlay-color":"","overlay-opacity":"","overlay-gradient":""},"tablet":{"background-color":"","background-image":"","background-repeat":"repeat","background-position":"center center","background-size":"auto","background-attachment":"scroll","background-type":"","background-media":"","overlay-type":"","overlay-color":"","overlay-opacity":"","overlay-gradient":""},"mobile":{"background-color":"","background-image":"","background-repeat":"repeat","background-position":"center center","background-size":"auto","background-attachment":"scroll","background-type":"","background-media":"","overlay-type":"","overlay-color":"","overlay-opacity":"","overlay-gradient":""}},"ast-content-background-meta":{"desktop":{"background-color":"var(--ast-global-color-5)","background-image":"","background-repeat":"repeat","background-position":"center center","background-size":"auto","background-attachment":"scroll","background-type":"","background-media":"","overlay-type":"","overlay-color":"","overlay-opacity":"","overlay-gradient":""},"tablet":{"background-color":"var(--ast-global-color-5)","background-image":"","background-repeat":"repeat","background-position":"center center","background-size":"auto","background-attachment":"scroll","background-type":"","background-media":"","overlay-type":"","overlay-color":"","overlay-opacity":"","overlay-gradient":""},"mobile":{"background-color":"var(--ast-global-color-5)","background-image":"","background-repeat":"repeat","background-position":"center center","background-size":"auto","background-attachment":"scroll","background-type":"","background-media":"","overlay-type":"","overlay-color":"","overlay-opacity":"","overlay-gradient":""}}},"product_brand":[],"product_cat":[39],"product_tag":[],"class_list":{"0":"post-32922","1":"product","2":"type-product","3":"status-publish","5":"product_cat-zoom-classes","6":"desktop-align-center","7":"tablet-align-center","8":"mobile-align-center","9":"ast-product-gallery-layout-horizontal","10":"ast-product-gallery-with-no-image","11":"ast-magnify-disabled","13":"first","14":"instock","15":"virtual","16":"sold-individually","17":"purchasable","18":"product-type-simple"},"uagb_featured_image_src":{"full":false,"thumbnail":false,"medium":false,"medium_large":false,"large":false,"1536x1536":false,"2048x2048":false,"trp-custom-language-flag":false,"woocommerce_thumbnail":false,"woocommerce_single":false,"woocommerce_gallery_thumbnail":false},"uagb_author_info":{"display_name":"Josh Goodman","author_link":"https:\/\/cematraining.com\/es\/author\/"},"uagb_comment_info":0,"uagb_excerpt":"Check Test &amp; Start up Airflow is one of the most important factors in Residential system performance, charging, and system capacity with today&#8217;s advanced systems. \u00a0Using the industry\u2019s \u201cBest practices\u201d and proper startup techniques are paramount to ensure the comfort, capacity and reliability of the system performance to be delivered to the homeowner. This training&hellip;","_links":{"self":[{"href":"https:\/\/cematraining.com\/es\/wp-json\/wp\/v2\/product\/32922","targetHints":{"allow":["GET"]}}],"collection":[{"href":"https:\/\/cematraining.com\/es\/wp-json\/wp\/v2\/product"}],"about":[{"href":"https:\/\/cematraining.com\/es\/wp-json\/wp\/v2\/types\/product"}],"replies":[{"embeddable":true,"href":"https:\/\/cematraining.com\/es\/wp-json\/wp\/v2\/comments?post=32922"}],"wp:attachment":[{"href":"https:\/\/cematraining.com\/es\/wp-json\/wp\/v2\/media?parent=32922"}],"wp:term":[{"taxonomy":"product_brand","embeddable":true,"href":"https:\/\/cematraining.com\/es\/wp-json\/wp\/v2\/product_brand?post=32922"},{"taxonomy":"product_cat","embeddable":true,"href":"https:\/\/cematraining.com\/es\/wp-json\/wp\/v2\/product_cat?post=32922"},{"taxonomy":"product_tag","embeddable":true,"href":"https:\/\/cematraining.com\/es\/wp-json\/wp\/v2\/product_tag?post=32922"}],"curies":[{"name":"gracias","href":"https:\/\/api.w.org\/{rel}","templated":true}]}}