{"id":32923,"date":"2022-01-25T11:47:39","date_gmt":"2022-01-25T16:47:39","guid":{"rendered":"https:\/\/cematraining.com\/?post_type=product&#038;p=32923"},"modified":"2024-07-05T10:50:25","modified_gmt":"2024-07-05T14:50:25","slug":"2022-spring-may-17th-carrier-bryant-light-commercial-systems","status":"publish","type":"product","link":"https:\/\/cematraining.com\/es\/producto\/2022-spring-may-17th-carrier-bryant-light-commercial-systems\/","title":{"rendered":"2022 Primavera 17 de mayo Carrier\/Bryant Light Commercial Systems"},"content":{"rendered":"<h2 id=\"light-commercial-rooftop-splits\" class=\"has-text-align-left has-black-color has-text-color wp-block-heading\"><strong><span class=\"has-inline-color has-black-color\">Azoteas Comerciales Ligeras y Splits<\/span><\/strong><\/h2>\r\n \r\n<p class=\"has-black-color has-text-color\"><mark class=\"has-inline-color has-black-color\">En esta clase cubriremos los componentes comunes que conforman la l\u00ednea comercial ligera actual de RTU y Split Systems. En esta clase, desglosaremos los componentes en detalles que cubren el funcionamiento y la resoluci\u00f3n de problemas. La clase presentar\u00e1 la nueva l\u00ednea Eco Blue Carrier de RTU. <\/mark><\/p>\r\n \r\n<p class=\"has-black-color has-text-color\"><mark class=\"has-inline-color has-black-color\">Esta clase est\u00e1 dise\u00f1ada para personal de instalaci\u00f3n y servicio.<\/mark><\/p>\r\n \r\n<h2 id=\"course-outline\" class=\"has-text-align-center has-black-color has-text-color wp-block-heading\"><strong><span class=\"has-inline-color has-black-color\">Esquema del curso<\/span><\/strong><\/h2>\r\n \r\n<ul class=\"has-black-color has-text-color wp-block-list\">\r\n \t<li><mark class=\"has-inline-color has-black-color\">Tablero de terminales central CTB <\/mark><\/li>\r\n \t<li><mark class=\"has-inline-color has-black-color\">Tablero de descongelaci\u00f3n<\/mark><\/li>\r\n \t<li><mark class=\"has-inline-color has-black-color\">Junta del CIG<\/mark><\/li>\r\n \t<li><mark class=\"has-inline-color has-black-color\">Control de efecto Hall <\/mark><\/li>\r\n \t<li><mark class=\"has-inline-color has-black-color\">Descripci\u00f3n general de RTU de velocidad variable 48 \/ 50 JC <\/mark><\/li>\r\n \t<li><mark class=\"has-inline-color has-black-color\">Control de recalentamiento <\/mark><\/li>\r\n \t<li><mark class=\"has-inline-color has-black-color\">Unidades VFD <\/mark><\/li>\r\n \t<li><mark class=\"has-inline-color has-black-color\">Controles del sistema dividido <\/mark><\/li>\r\n \t<li><mark class=\"has-inline-color has-black-color\">Motor y controles Eco Blue <\/mark><\/li>\r\n<\/ul>\r\n \r\n<p class=\"has-black-color has-text-color\"><mark class=\"has-inline-color has-black-color\"><strong>ID de clase de NATE <\/strong> <strong> 6114-0008 <\/strong> <\/mark><\/p>","protected":false},"excerpt":{"rendered":"<p>Light Commercial Rooftop &amp; Splits In this class we will cover the common components that make up the current light commercial line of RTU&#8217;s and Split Systems. In this class we will break down the components in details covering operation and trouble shooting. The class will introduce the new Eco Blue Carrier line of RTUs. [&hellip;]<\/p>\n","protected":false},"featured_media":0,"comment_status":"closed","ping_status":"closed","template":"","meta":{"_coblocks_attr":"","_coblocks_dimensions":"","_coblocks_responsive_height":"","_coblocks_accordion_ie_support":"","_uag_custom_page_level_css":"","site-sidebar-layout":"default","site-content-layout":"default","ast-site-content-layout":"default","site-content-style":"default","site-sidebar-style":"default","ast-global-header-display":"","ast-banner-title-visibility":"","ast-main-header-display":"","ast-hfb-above-header-display":"","ast-hfb-below-header-display":"","ast-hfb-mobile-header-display":"","site-post-title":"","ast-breadcrumbs-content":"","ast-featured-img":"","footer-sml-layout":"","ast-disable-related-posts":"","theme-transparent-header-meta":"","adv-header-id-meta":"","stick-header-meta":"","header-above-stick-meta":"","header-main-stick-meta":"","header-below-stick-meta":"","astra-migrate-meta-layouts":"default","ast-page-background-enabled":"default","ast-page-background-meta":{"desktop":{"background-color":"","background-image":"","background-repeat":"repeat","background-position":"center center","background-size":"auto","background-attachment":"scroll","background-type":"","background-media":"","overlay-type":"","overlay-color":"","overlay-opacity":"","overlay-gradient":""},"tablet":{"background-color":"","background-image":"","background-repeat":"repeat","background-position":"center center","background-size":"auto","background-attachment":"scroll","background-type":"","background-media":"","overlay-type":"","overlay-color":"","overlay-opacity":"","overlay-gradient":""},"mobile":{"background-color":"","background-image":"","background-repeat":"repeat","background-position":"center center","background-size":"auto","background-attachment":"scroll","background-type":"","background-media":"","overlay-type":"","overlay-color":"","overlay-opacity":"","overlay-gradient":""}},"ast-content-background-meta":{"desktop":{"background-color":"var(--ast-global-color-5)","background-image":"","background-repeat":"repeat","background-position":"center center","background-size":"auto","background-attachment":"scroll","background-type":"","background-media":"","overlay-type":"","overlay-color":"","overlay-opacity":"","overlay-gradient":""},"tablet":{"background-color":"var(--ast-global-color-5)","background-image":"","background-repeat":"repeat","background-position":"center center","background-size":"auto","background-attachment":"scroll","background-type":"","background-media":"","overlay-type":"","overlay-color":"","overlay-opacity":"","overlay-gradient":""},"mobile":{"background-color":"var(--ast-global-color-5)","background-image":"","background-repeat":"repeat","background-position":"center center","background-size":"auto","background-attachment":"scroll","background-type":"","background-media":"","overlay-type":"","overlay-color":"","overlay-opacity":"","overlay-gradient":""}}},"product_brand":[],"product_cat":[39],"product_tag":[],"class_list":{"0":"post-32923","1":"product","2":"type-product","3":"status-publish","5":"product_cat-zoom-classes","6":"desktop-align-center","7":"tablet-align-center","8":"mobile-align-center","9":"ast-product-gallery-layout-horizontal","10":"ast-product-gallery-with-no-image","11":"ast-magnify-disabled","13":"first","14":"instock","15":"virtual","16":"sold-individually","17":"purchasable","18":"product-type-simple"},"uagb_featured_image_src":{"full":false,"thumbnail":false,"medium":false,"medium_large":false,"large":false,"1536x1536":false,"2048x2048":false,"trp-custom-language-flag":false,"woocommerce_thumbnail":false,"woocommerce_single":false,"woocommerce_gallery_thumbnail":false},"uagb_author_info":{"display_name":"Josh Goodman","author_link":"https:\/\/cematraining.com\/es\/author\/"},"uagb_comment_info":0,"uagb_excerpt":"Light Commercial Rooftop &amp; Splits In this class we will cover the common components that make up the current light commercial line of RTU&#8217;s and Split Systems. In this class we will break down the components in details covering operation and trouble shooting. The class will introduce the new Eco Blue Carrier line of RTUs.&hellip;","_links":{"self":[{"href":"https:\/\/cematraining.com\/es\/wp-json\/wp\/v2\/product\/32923","targetHints":{"allow":["GET"]}}],"collection":[{"href":"https:\/\/cematraining.com\/es\/wp-json\/wp\/v2\/product"}],"about":[{"href":"https:\/\/cematraining.com\/es\/wp-json\/wp\/v2\/types\/product"}],"replies":[{"embeddable":true,"href":"https:\/\/cematraining.com\/es\/wp-json\/wp\/v2\/comments?post=32923"}],"wp:attachment":[{"href":"https:\/\/cematraining.com\/es\/wp-json\/wp\/v2\/media?parent=32923"}],"wp:term":[{"taxonomy":"product_brand","embeddable":true,"href":"https:\/\/cematraining.com\/es\/wp-json\/wp\/v2\/product_brand?post=32923"},{"taxonomy":"product_cat","embeddable":true,"href":"https:\/\/cematraining.com\/es\/wp-json\/wp\/v2\/product_cat?post=32923"},{"taxonomy":"product_tag","embeddable":true,"href":"https:\/\/cematraining.com\/es\/wp-json\/wp\/v2\/product_tag?post=32923"}],"curies":[{"name":"gracias","href":"https:\/\/api.w.org\/{rel}","templated":true}]}}