{"id":33669,"date":"2022-02-27T12:39:14","date_gmt":"2022-02-27T17:39:14","guid":{"rendered":"https:\/\/cematraining.com\/?post_type=product&#038;p=33669"},"modified":"2024-07-05T10:50:23","modified_gmt":"2024-07-05T14:50:23","slug":"technician-training-coupon","status":"publish","type":"product","link":"https:\/\/cematraining.com\/es\/producto\/technician-training-coupon\/","title":{"rendered":"Cupones de capacitaci\u00f3n t\u00e9cnica"},"content":{"rendered":"<p>Use este c\u00f3digo de cup\u00f3n para comprar cursos presenciales, de Zoom o de autoaprendizaje. El cup\u00f3n est\u00e1 limitado al valor cargado al c\u00f3digo de cup\u00f3n para compras.<\/p>","protected":false},"excerpt":{"rendered":"<p>Necesitar\u00e1s 1 Cup\u00f3n de Capacitaci\u00f3n por persona, por Curso de Capacitaci\u00f3n T\u00e9cnica para Cursos Presenciales, Zoom o Autoestudio.<\/p>\n<p>Se le enviar\u00e1 por correo electr\u00f3nico 1 c\u00f3digo de cup\u00f3n que figura justo debajo de los detalles de facturaci\u00f3n de su recibo.<\/p>\n<p>El c\u00f3digo de cup\u00f3n se cargar\u00e1 con la cantidad de cupones de capacitaci\u00f3n que compre.<\/p>\n<p>Todos los participantes dentro de su negocio usar\u00edan el mismo c\u00f3digo de cup\u00f3n de capacitaci\u00f3n para registrarse\/comprar los diferentes cursos dentro del sitio.<\/p>","protected":false},"featured_media":31148,"comment_status":"closed","ping_status":"closed","template":"","meta":{"_coblocks_attr":"","_coblocks_dimensions":"","_coblocks_responsive_height":"","_coblocks_accordion_ie_support":"","_uag_custom_page_level_css":"","site-sidebar-layout":"default","site-content-layout":"default","ast-site-content-layout":"default","site-content-style":"default","site-sidebar-style":"default","ast-global-header-display":"","ast-banner-title-visibility":"","ast-main-header-display":"","ast-hfb-above-header-display":"","ast-hfb-below-header-display":"","ast-hfb-mobile-header-display":"","site-post-title":"","ast-breadcrumbs-content":"","ast-featured-img":"","footer-sml-layout":"","ast-disable-related-posts":"","theme-transparent-header-meta":"default","adv-header-id-meta":"","stick-header-meta":"default","header-above-stick-meta":"","header-main-stick-meta":"","header-below-stick-meta":"","astra-migrate-meta-layouts":"default","ast-page-background-enabled":"default","ast-page-background-meta":{"desktop":{"background-color":"","background-image":"","background-repeat":"repeat","background-position":"center center","background-size":"auto","background-attachment":"scroll","background-type":"","background-media":"","overlay-type":"","overlay-color":"","overlay-opacity":"","overlay-gradient":""},"tablet":{"background-color":"","background-image":"","background-repeat":"repeat","background-position":"center center","background-size":"auto","background-attachment":"scroll","background-type":"","background-media":"","overlay-type":"","overlay-color":"","overlay-opacity":"","overlay-gradient":""},"mobile":{"background-color":"","background-image":"","background-repeat":"repeat","background-position":"center center","background-size":"auto","background-attachment":"scroll","background-type":"","background-media":"","overlay-type":"","overlay-color":"","overlay-opacity":"","overlay-gradient":""}},"ast-content-background-meta":{"desktop":{"background-color":"var(--ast-global-color-5)","background-image":"","background-repeat":"repeat","background-position":"center center","background-size":"auto","background-attachment":"scroll","background-type":"","background-media":"","overlay-type":"","overlay-color":"","overlay-opacity":"","overlay-gradient":""},"tablet":{"background-color":"var(--ast-global-color-5)","background-image":"","background-repeat":"repeat","background-position":"center center","background-size":"auto","background-attachment":"scroll","background-type":"","background-media":"","overlay-type":"","overlay-color":"","overlay-opacity":"","overlay-gradient":""},"mobile":{"background-color":"var(--ast-global-color-5)","background-image":"","background-repeat":"repeat","background-position":"center center","background-size":"auto","background-attachment":"scroll","background-type":"","background-media":"","overlay-type":"","overlay-color":"","overlay-opacity":"","overlay-gradient":""}}},"product_brand":[],"product_cat":[44],"product_tag":[],"class_list":{"0":"post-33669","1":"product","2":"type-product","3":"status-publish","4":"has-post-thumbnail","6":"product_cat-training-coupon","7":"desktop-align-center","8":"tablet-align-center","9":"mobile-align-center","10":"ast-product-gallery-layout-horizontal","11":"ast-product-gallery-with-no-image","12":"ast-magnify-disabled","13":"ast-product-single-variable","15":"first","16":"outofstock","17":"sold-individually","18":"shipping-taxable","19":"product-type-variable"},"uagb_featured_image_src":{"full":["https:\/\/cematraining.com\/wp-content\/uploads\/2021\/09\/2021-Training-Coupon.png",611,258,false],"thumbnail":["https:\/\/cematraining.com\/wp-content\/uploads\/2021\/09\/2021-Training-Coupon-150x150.png",150,150,true],"medium":["https:\/\/cematraining.com\/wp-content\/uploads\/2021\/09\/2021-Training-Coupon-300x127.png",300,127,true],"medium_large":["https:\/\/cematraining.com\/wp-content\/uploads\/2021\/09\/2021-Training-Coupon.png",611,258,false],"large":["https:\/\/cematraining.com\/wp-content\/uploads\/2021\/09\/2021-Training-Coupon.png",611,258,false],"1536x1536":["https:\/\/cematraining.com\/wp-content\/uploads\/2021\/09\/2021-Training-Coupon.png",611,258,false],"2048x2048":["https:\/\/cematraining.com\/wp-content\/uploads\/2021\/09\/2021-Training-Coupon.png",611,258,false],"trp-custom-language-flag":["https:\/\/cematraining.com\/wp-content\/uploads\/2021\/09\/2021-Training-Coupon.png",18,8,false],"woocommerce_thumbnail":["https:\/\/cematraining.com\/wp-content\/uploads\/2021\/09\/2021-Training-Coupon-300x258.png",300,258,true],"woocommerce_single":["https:\/\/cematraining.com\/wp-content\/uploads\/2021\/09\/2021-Training-Coupon-600x253.png",600,253,true],"woocommerce_gallery_thumbnail":["https:\/\/cematraining.com\/wp-content\/uploads\/2021\/09\/2021-Training-Coupon-100x100.png",100,100,true]},"uagb_author_info":{"display_name":"Josh Goodman","author_link":"https:\/\/cematraining.com\/es\/author\/"},"uagb_comment_info":0,"uagb_excerpt":"You will need 1 Training Coupon per a person, per a Technical Training Course for In-person, Zoom or Self-Study Courses. You will be emailed 1 coupon code listed just below the billing details of your receipt. The coupon code will be loaded with the number of training coupons you purchase. All participants within your business&hellip;","_links":{"self":[{"href":"https:\/\/cematraining.com\/es\/wp-json\/wp\/v2\/product\/33669","targetHints":{"allow":["GET"]}}],"collection":[{"href":"https:\/\/cematraining.com\/es\/wp-json\/wp\/v2\/product"}],"about":[{"href":"https:\/\/cematraining.com\/es\/wp-json\/wp\/v2\/types\/product"}],"replies":[{"embeddable":true,"href":"https:\/\/cematraining.com\/es\/wp-json\/wp\/v2\/comments?post=33669"}],"wp:featuredmedia":[{"embeddable":true,"href":"https:\/\/cematraining.com\/es\/wp-json\/wp\/v2\/media\/31148"}],"wp:attachment":[{"href":"https:\/\/cematraining.com\/es\/wp-json\/wp\/v2\/media?parent=33669"}],"wp:term":[{"taxonomy":"product_brand","embeddable":true,"href":"https:\/\/cematraining.com\/es\/wp-json\/wp\/v2\/product_brand?post=33669"},{"taxonomy":"product_cat","embeddable":true,"href":"https:\/\/cematraining.com\/es\/wp-json\/wp\/v2\/product_cat?post=33669"},{"taxonomy":"product_tag","embeddable":true,"href":"https:\/\/cematraining.com\/es\/wp-json\/wp\/v2\/product_tag?post=33669"}],"curies":[{"name":"gracias","href":"https:\/\/api.w.org\/{rel}","templated":true}]}}