{"id":46963,"date":"2024-01-10T09:44:44","date_gmt":"2024-01-10T14:44:44","guid":{"rendered":"https:\/\/cematraining.com\/?post_type=product&#038;p=46963"},"modified":"2024-07-08T15:12:49","modified_gmt":"2024-07-08T19:12:49","slug":"2024-next-generation-5-stage-variable-speed-systems-self-study-course","status":"publish","type":"product","link":"https:\/\/cematraining.com\/es\/producto\/2024-next-generation-5-stage-variable-speed-systems-self-study-course\/","title":{"rendered":"2024 Curso de autoaprendizaje sobre sistemas de velocidad variable de 5 etapas y pr\u00f3xima generaci\u00f3n"},"content":{"rendered":"<p>Este curso cubre la instalaci\u00f3n de la unidad exterior, la unidad interior y la interfaz de usuario. Analizaremos las caracter\u00edsticas y funciones del sistema y c\u00f3mo garantizar un flujo de aire adecuado y comprenderemos la carga cr\u00edtica de estos sistemas. Cubriremos la soluci\u00f3n de problemas de c\u00f3digos de error y los pasos adecuados para determinar la fuente del c\u00f3digo de error.<\/p>\n<p>Esta clase est\u00e1 dise\u00f1ada para personal de instalaci\u00f3n y servicio.<\/p>\n<p>Esta clase es uno de los requisitos para que los distribuidores compren productos de velocidad variable de Carrier y Bryant.<\/p>\n<p><strong data-rich-text-format-boundary=\"true\">Esquema del curso:<\/strong><\/p>\n<ul id=\"block-99530f75-47b2-47de-9d99-b7eb6fe6cfa4\" class=\"wp-block block-editor-block-list__block has-selected-ui is-selected rich-text block-editor-rich-text__editable\" tabindex=\"0\" role=\"textbox\" contenteditable=\"true\" aria-label=\"Escribir lista\u2026\" aria-multiline=\"true\" data-block=\"99530f75-47b2-47de-9d99-b7eb6fe6cfa4\" data-type=\"core\/list\" data-title=\"List\">\n<li>Instalaci\u00f3n del sistema de velocidad variable 24\/26 Infinity Green Speed \/ Extreme Evolution<\/li>\n<li>Configuraci\u00f3n y funcionamiento del sistema de velocidad variable 24\/26 Infinity Green Speed \/ Extreme Evolution<\/li>\n<li>Configuraci\u00f3n y operaci\u00f3n de fancoil FE<\/li>\n<li>Inicio de la interfaz de usuario \/ Uso como herramienta de servicio<\/li>\n<li>C\u00f3digos de resoluci\u00f3n de problemas explicados<\/li>\n<li>Procedimientos de resoluci\u00f3n de problemas<\/li>\n<li>Herramientas necesarias para la soluci\u00f3n adecuada de problemas<\/li>\n<\/ul>\n<h6>Si es un cliente de Carrier Enterprise Mid-Atlantic<\/h6>\n<p>Al realizar este curso y aprobar el examen final con un 90% o superior, puede obtener 4 horas de capacitaci\u00f3n en f\u00e1brica y 4 NATE CEU.<\/p>","protected":false},"excerpt":{"rendered":"<p>Pr\u00f3xima generaci\u00f3n Infinity Greenspeed\/Evoluci\u00f3n extrema y sistemas de velocidad variable de 5 etapas Autoestudio<\/p>","protected":false},"featured_media":27730,"comment_status":"closed","ping_status":"closed","template":"","meta":{"_coblocks_attr":"","_coblocks_dimensions":"","_coblocks_responsive_height":"","_coblocks_accordion_ie_support":"","_uag_custom_page_level_css":"","site-sidebar-layout":"default","site-content-layout":"default","ast-site-content-layout":"default","site-content-style":"default","site-sidebar-style":"default","ast-global-header-display":"","ast-banner-title-visibility":"","ast-main-header-display":"","ast-hfb-above-header-display":"","ast-hfb-below-header-display":"","ast-hfb-mobile-header-display":"","site-post-title":"","ast-breadcrumbs-content":"","ast-featured-img":"","footer-sml-layout":"","ast-disable-related-posts":"","theme-transparent-header-meta":"default","adv-header-id-meta":"","stick-header-meta":"default","header-above-stick-meta":"","header-main-stick-meta":"","header-below-stick-meta":"","astra-migrate-meta-layouts":"set","ast-page-background-enabled":"default","ast-page-background-meta":{"desktop":{"background-color":"","background-image":"","background-repeat":"repeat","background-position":"center center","background-size":"auto","background-attachment":"scroll","background-type":"","background-media":"","overlay-type":"","overlay-color":"","overlay-opacity":"","overlay-gradient":""},"tablet":{"background-color":"","background-image":"","background-repeat":"repeat","background-position":"center center","background-size":"auto","background-attachment":"scroll","background-type":"","background-media":"","overlay-type":"","overlay-color":"","overlay-opacity":"","overlay-gradient":""},"mobile":{"background-color":"","background-image":"","background-repeat":"repeat","background-position":"center center","background-size":"auto","background-attachment":"scroll","background-type":"","background-media":"","overlay-type":"","overlay-color":"","overlay-opacity":"","overlay-gradient":""}},"ast-content-background-meta":{"desktop":{"background-color":"var(--ast-global-color-5)","background-image":"","background-repeat":"repeat","background-position":"center center","background-size":"auto","background-attachment":"scroll","background-type":"","background-media":"","overlay-type":"","overlay-color":"","overlay-opacity":"","overlay-gradient":""},"tablet":{"background-color":"var(--ast-global-color-5)","background-image":"","background-repeat":"repeat","background-position":"center center","background-size":"auto","background-attachment":"scroll","background-type":"","background-media":"","overlay-type":"","overlay-color":"","overlay-opacity":"","overlay-gradient":""},"mobile":{"background-color":"var(--ast-global-color-5)","background-image":"","background-repeat":"repeat","background-position":"center center","background-size":"auto","background-attachment":"scroll","background-type":"","background-media":"","overlay-type":"","overlay-color":"","overlay-opacity":"","overlay-gradient":""}}},"product_brand":[],"product_cat":[48],"product_tag":[],"class_list":{"0":"post-46963","1":"product","2":"type-product","3":"status-publish","4":"has-post-thumbnail","6":"product_cat-self-study","7":"desktop-align-center","8":"tablet-align-center","9":"mobile-align-center","10":"ast-product-gallery-layout-horizontal","11":"ast-product-gallery-with-no-image","12":"ast-magnify-disabled","14":"first","15":"instock","16":"virtual","17":"sold-individually","18":"purchasable","19":"product-type-simple"},"uagb_featured_image_src":{"full":["https:\/\/cematraining.com\/wp-content\/uploads\/2021\/01\/Carrier_3_RearViewSeeThrough-v4-e1643134518417.png",200,228,false],"thumbnail":["https:\/\/cematraining.com\/wp-content\/uploads\/2021\/01\/Carrier_3_RearViewSeeThrough-v4-150x150.png",150,150,true],"medium":["https:\/\/cematraining.com\/wp-content\/uploads\/2021\/01\/Carrier_3_RearViewSeeThrough-v4-263x300.png",263,300,true],"medium_large":["https:\/\/cematraining.com\/wp-content\/uploads\/2021\/01\/Carrier_3_RearViewSeeThrough-v4-e1643134518417.png",200,228,false],"large":["https:\/\/cematraining.com\/wp-content\/uploads\/2021\/01\/Carrier_3_RearViewSeeThrough-v4-e1643134518417.png",200,228,false],"1536x1536":["https:\/\/cematraining.com\/wp-content\/uploads\/2021\/01\/Carrier_3_RearViewSeeThrough-v4-e1643134518417.png",200,228,false],"2048x2048":["https:\/\/cematraining.com\/wp-content\/uploads\/2021\/01\/Carrier_3_RearViewSeeThrough-v4-e1643134518417.png",200,228,false],"trp-custom-language-flag":["https:\/\/cematraining.com\/wp-content\/uploads\/2021\/01\/Carrier_3_RearViewSeeThrough-v4-e1643134518417.png",11,12,false],"woocommerce_thumbnail":["https:\/\/cematraining.com\/wp-content\/uploads\/2021\/01\/Carrier_3_RearViewSeeThrough-v4-300x300.png",300,300,true],"woocommerce_single":["https:\/\/cematraining.com\/wp-content\/uploads\/2021\/01\/Carrier_3_RearViewSeeThrough-v4-e1643134518417.png",200,228,false],"woocommerce_gallery_thumbnail":["https:\/\/cematraining.com\/wp-content\/uploads\/2021\/01\/Carrier_3_RearViewSeeThrough-v4-e1643134518417-100x100.png",100,100,true]},"uagb_author_info":{"display_name":"Josh Goodman","author_link":"https:\/\/cematraining.com\/es\/author\/"},"uagb_comment_info":0,"uagb_excerpt":"Next Generation Infinity Greenspeed\/ Extreme Evolution &amp; 5-Stage Variable Speed Systems Self-Study","_links":{"self":[{"href":"https:\/\/cematraining.com\/es\/wp-json\/wp\/v2\/product\/46963","targetHints":{"allow":["GET"]}}],"collection":[{"href":"https:\/\/cematraining.com\/es\/wp-json\/wp\/v2\/product"}],"about":[{"href":"https:\/\/cematraining.com\/es\/wp-json\/wp\/v2\/types\/product"}],"replies":[{"embeddable":true,"href":"https:\/\/cematraining.com\/es\/wp-json\/wp\/v2\/comments?post=46963"}],"wp:featuredmedia":[{"embeddable":true,"href":"https:\/\/cematraining.com\/es\/wp-json\/wp\/v2\/media\/27730"}],"wp:attachment":[{"href":"https:\/\/cematraining.com\/es\/wp-json\/wp\/v2\/media?parent=46963"}],"wp:term":[{"taxonomy":"product_brand","embeddable":true,"href":"https:\/\/cematraining.com\/es\/wp-json\/wp\/v2\/product_brand?post=46963"},{"taxonomy":"product_cat","embeddable":true,"href":"https:\/\/cematraining.com\/es\/wp-json\/wp\/v2\/product_cat?post=46963"},{"taxonomy":"product_tag","embeddable":true,"href":"https:\/\/cematraining.com\/es\/wp-json\/wp\/v2\/product_tag?post=46963"}],"curies":[{"name":"gracias","href":"https:\/\/api.w.org\/{rel}","templated":true}]}}