{"id":47010,"date":"2024-01-10T09:54:28","date_gmt":"2024-01-10T14:54:28","guid":{"rendered":"https:\/\/cematraining.com\/?post_type=product&#038;p=47010"},"modified":"2024-07-05T10:49:55","modified_gmt":"2024-07-05T14:49:55","slug":"2024-check-test-startup-self-study-course","status":"publish","type":"product","link":"https:\/\/cematraining.com\/es\/producto\/2024-check-test-startup-self-study-course\/","title":{"rendered":"2024 Curso de autoaprendizaje de verificaci\u00f3n, prueba y puesta en marcha"},"content":{"rendered":"<p><strong><mark class=\"has-inline-color has-black-color\">Carga y puesta en marcha del flujo de aire residencial<\/mark><\/strong><\/p>\n<p><mark class=\"has-inline-color has-black-color\">El flujo de aire es uno de los factores m\u00e1s importantes para el rendimiento del sistema, la carga y la capacidad del sistema con los sistemas avanzados de hoy. El uso de las &quot;mejores pr\u00e1cticas&quot; de la industria y las t\u00e9cnicas de puesta en marcha adecuadas son fundamentales para garantizar la comodidad, la capacidad y la confiabilidad del rendimiento del sistema que se entregar\u00e1 al propietario. Esta capacitaci\u00f3n le ense\u00f1ar\u00e1 c\u00f3mo medir y calcular el flujo de aire, una vez verificado, analizaremos la carga del sistema y comprenderemos el sobrecalentamiento y el subenfriamiento. Luego aprenderemos c\u00f3mo usar esta informaci\u00f3n para calcular el rendimiento del sistema.<\/mark><\/p>\n<p><mark class=\"has-inline-color has-black-color\">Esta clase est\u00e1 dise\u00f1ada para personal de instalaci\u00f3n y servicio.<\/mark><\/p>\n<p><strong><mark class=\"has-inline-color has-black-color\">Esquema del curso:<\/mark><\/strong><\/p>\n<ul>\n<li><mark class=\"has-inline-color has-black-color\">Mejores pr\u00e1cticas de instalaci\u00f3n<\/mark><\/li>\n<li><mark class=\"has-inline-color has-black-color\">Medici\u00f3n b\u00e1sica del flujo de aire para bombas de calor y hornos de gas<\/mark><\/li>\n<li><mark class=\"has-inline-color has-black-color\">Ciclo refrigerante, subenfriamiento\/supercalor<\/mark><\/li>\n<li><mark class=\"has-inline-color has-black-color\">Rendimiento y capacidad del sistema<\/mark><\/li>\n<li><mark class=\"has-inline-color has-black-color\">Herramientas necesarias para la instalaci\u00f3n y puesta en marcha<\/mark><\/li>\n<\/ul>\n<p>&nbsp;<\/p>","protected":false},"excerpt":{"rendered":"<p>Residential Airflow Charging and Start up Airflow is one of the most important factors to system performance, charging, and system capacity with today&#8217;s advanced systems. \u00a0Using the industry\u2019s \u201cBest practices\u201d and proper startup techniques are paramount to ensure the comfort, capacity and reliability of the system performance to be delivered to the homeowner. This training [&hellip;]<\/p>\n","protected":false},"featured_media":33442,"comment_status":"closed","ping_status":"closed","template":"","meta":{"_coblocks_attr":"","_coblocks_dimensions":"","_coblocks_responsive_height":"","_coblocks_accordion_ie_support":"","_uag_custom_page_level_css":"","site-sidebar-layout":"default","site-content-layout":"default","ast-site-content-layout":"default","site-content-style":"default","site-sidebar-style":"default","ast-global-header-display":"","ast-banner-title-visibility":"","ast-main-header-display":"","ast-hfb-above-header-display":"","ast-hfb-below-header-display":"","ast-hfb-mobile-header-display":"","site-post-title":"","ast-breadcrumbs-content":"","ast-featured-img":"","footer-sml-layout":"","ast-disable-related-posts":"","theme-transparent-header-meta":"default","adv-header-id-meta":"","stick-header-meta":"default","header-above-stick-meta":"","header-main-stick-meta":"","header-below-stick-meta":"","astra-migrate-meta-layouts":"set","ast-page-background-enabled":"default","ast-page-background-meta":{"desktop":{"background-color":"","background-image":"","background-repeat":"repeat","background-position":"center center","background-size":"auto","background-attachment":"scroll","background-type":"","background-media":"","overlay-type":"","overlay-color":"","overlay-opacity":"","overlay-gradient":""},"tablet":{"background-color":"","background-image":"","background-repeat":"repeat","background-position":"center center","background-size":"auto","background-attachment":"scroll","background-type":"","background-media":"","overlay-type":"","overlay-color":"","overlay-opacity":"","overlay-gradient":""},"mobile":{"background-color":"","background-image":"","background-repeat":"repeat","background-position":"center center","background-size":"auto","background-attachment":"scroll","background-type":"","background-media":"","overlay-type":"","overlay-color":"","overlay-opacity":"","overlay-gradient":""}},"ast-content-background-meta":{"desktop":{"background-color":"var(--ast-global-color-5)","background-image":"","background-repeat":"repeat","background-position":"center center","background-size":"auto","background-attachment":"scroll","background-type":"","background-media":"","overlay-type":"","overlay-color":"","overlay-opacity":"","overlay-gradient":""},"tablet":{"background-color":"var(--ast-global-color-5)","background-image":"","background-repeat":"repeat","background-position":"center center","background-size":"auto","background-attachment":"scroll","background-type":"","background-media":"","overlay-type":"","overlay-color":"","overlay-opacity":"","overlay-gradient":""},"mobile":{"background-color":"var(--ast-global-color-5)","background-image":"","background-repeat":"repeat","background-position":"center center","background-size":"auto","background-attachment":"scroll","background-type":"","background-media":"","overlay-type":"","overlay-color":"","overlay-opacity":"","overlay-gradient":""}}},"product_brand":[],"product_cat":[48],"product_tag":[],"class_list":{"0":"post-47010","1":"product","2":"type-product","3":"status-publish","4":"has-post-thumbnail","6":"product_cat-self-study","7":"desktop-align-center","8":"tablet-align-center","9":"mobile-align-center","10":"ast-product-gallery-layout-horizontal","11":"ast-product-gallery-with-no-image","12":"ast-magnify-disabled","14":"first","15":"instock","16":"virtual","17":"sold-individually","18":"purchasable","19":"product-type-simple"},"uagb_featured_image_src":{"full":["https:\/\/cematraining.com\/wp-content\/uploads\/2022\/02\/check-test-and-start-300x169-1.png",300,169,false],"thumbnail":["https:\/\/cematraining.com\/wp-content\/uploads\/2022\/02\/check-test-and-start-300x169-1-150x150.png",150,150,true],"medium":["https:\/\/cematraining.com\/wp-content\/uploads\/2022\/02\/check-test-and-start-300x169-1.png",300,169,false],"medium_large":["https:\/\/cematraining.com\/wp-content\/uploads\/2022\/02\/check-test-and-start-300x169-1.png",300,169,false],"large":["https:\/\/cematraining.com\/wp-content\/uploads\/2022\/02\/check-test-and-start-300x169-1.png",300,169,false],"1536x1536":["https:\/\/cematraining.com\/wp-content\/uploads\/2022\/02\/check-test-and-start-300x169-1.png",300,169,false],"2048x2048":["https:\/\/cematraining.com\/wp-content\/uploads\/2022\/02\/check-test-and-start-300x169-1.png",300,169,false],"trp-custom-language-flag":["https:\/\/cematraining.com\/wp-content\/uploads\/2022\/02\/check-test-and-start-300x169-1.png",18,10,false],"woocommerce_thumbnail":["https:\/\/cematraining.com\/wp-content\/uploads\/2022\/02\/check-test-and-start-300x169-1.png",300,169,false],"woocommerce_single":["https:\/\/cematraining.com\/wp-content\/uploads\/2022\/02\/check-test-and-start-300x169-1.png",300,169,false],"woocommerce_gallery_thumbnail":["https:\/\/cematraining.com\/wp-content\/uploads\/2022\/02\/check-test-and-start-300x169-1-100x100.png",100,100,true]},"uagb_author_info":{"display_name":"Josh Goodman","author_link":"https:\/\/cematraining.com\/es\/author\/"},"uagb_comment_info":0,"uagb_excerpt":"Residential Airflow Charging and Start up Airflow is one of the most important factors to system performance, charging, and system capacity with today&#8217;s advanced systems. \u00a0Using the industry\u2019s \u201cBest practices\u201d and proper startup techniques are paramount to ensure the comfort, capacity and reliability of the system performance to be delivered to the homeowner. This training&hellip;","_links":{"self":[{"href":"https:\/\/cematraining.com\/es\/wp-json\/wp\/v2\/product\/47010","targetHints":{"allow":["GET"]}}],"collection":[{"href":"https:\/\/cematraining.com\/es\/wp-json\/wp\/v2\/product"}],"about":[{"href":"https:\/\/cematraining.com\/es\/wp-json\/wp\/v2\/types\/product"}],"replies":[{"embeddable":true,"href":"https:\/\/cematraining.com\/es\/wp-json\/wp\/v2\/comments?post=47010"}],"wp:featuredmedia":[{"embeddable":true,"href":"https:\/\/cematraining.com\/es\/wp-json\/wp\/v2\/media\/33442"}],"wp:attachment":[{"href":"https:\/\/cematraining.com\/es\/wp-json\/wp\/v2\/media?parent=47010"}],"wp:term":[{"taxonomy":"product_brand","embeddable":true,"href":"https:\/\/cematraining.com\/es\/wp-json\/wp\/v2\/product_brand?post=47010"},{"taxonomy":"product_cat","embeddable":true,"href":"https:\/\/cematraining.com\/es\/wp-json\/wp\/v2\/product_cat?post=47010"},{"taxonomy":"product_tag","embeddable":true,"href":"https:\/\/cematraining.com\/es\/wp-json\/wp\/v2\/product_tag?post=47010"}],"curies":[{"name":"gracias","href":"https:\/\/api.w.org\/{rel}","templated":true}]}}